{"id":3224,"date":"2024-11-21T11:11:52","date_gmt":"2024-11-21T11:11:52","guid":{"rendered":"https:\/\/toolbalancerarms-3arm.com\/ueber-uns\/"},"modified":"2025-06-04T07:12:24","modified_gmt":"2025-06-04T07:12:24","slug":"ueber-uns","status":"publish","type":"page","link":"https:\/\/toolbalancerarms-3arm.com\/de\/ueber-uns\/","title":{"rendered":"\u00dcber uns"},"content":{"rendered":"\t\t<div data-elementor-type=\"wp-page\" data-elementor-id=\"3224\" class=\"elementor elementor-3224 elementor-30\" data-elementor-post-type=\"page\">\n\t\t\t\t<div class=\"elementor-element elementor-element-87bcc61 e-flex e-con-boxed e-con e-parent\" data-id=\"87bcc61\" data-element_type=\"container\" data-e-type=\"container\" data-settings=\"{&quot;background_background&quot;:&quot;classic&quot;}\">\n\t\t\t\t\t<div class=\"e-con-inner\">\n\t\t\t\t<div class=\"elementor-element elementor-element-97ff8ae elementor-widget elementor-widget-heading\" data-id=\"97ff8ae\" data-element_type=\"widget\" data-e-type=\"widget\" data-widget_type=\"heading.default\">\n\t\t\t\t<div class=\"elementor-widget-container\">\n\t\t\t\t\t<h2 class=\"elementor-heading-title elementor-size-default\">\u00dcber uns<\/h2>\t\t\t\t<\/div>\n\t\t\t\t<\/div>\n\t\t\t\t\t<\/div>\n\t\t\t\t<\/div>\n\t\t<div class=\"elementor-element elementor-element-3a02177 e-flex e-con-boxed e-con e-parent\" data-id=\"3a02177\" data-element_type=\"container\" data-e-type=\"container\" data-settings=\"{&quot;background_background&quot;:&quot;classic&quot;}\">\n\t\t\t\t\t<div class=\"e-con-inner\">\n\t\t\t\t<div class=\"elementor-element elementor-element-219cd9b elementor-widget elementor-widget-image\" data-id=\"219cd9b\" data-element_type=\"widget\" data-e-type=\"widget\" data-widget_type=\"image.default\">\n\t\t\t\t<div class=\"elementor-widget-container\">\n\t\t\t\t\t\t\t\t\t\t\t\t\t\t\t<img fetchpriority=\"high\" decoding=\"async\" width=\"800\" height=\"415\" src=\"https:\/\/toolbalancerarms-3arm.com\/wp-content\/uploads\/2024\/11\/about1-1024x531.jpg\" class=\"attachment-large size-large wp-image-63\" alt=\"\" srcset=\"https:\/\/toolbalancerarms-3arm.com\/wp-content\/uploads\/2024\/11\/about1-1024x531.jpg 1024w, https:\/\/toolbalancerarms-3arm.com\/wp-content\/uploads\/2024\/11\/about1-300x156.jpg 300w, https:\/\/toolbalancerarms-3arm.com\/wp-content\/uploads\/2024\/11\/about1-768x398.jpg 768w, https:\/\/toolbalancerarms-3arm.com\/wp-content\/uploads\/2024\/11\/about1.jpg 1200w\" sizes=\"(max-width: 800px) 100vw, 800px\" \/>\t\t\t\t\t\t\t\t\t\t\t\t\t\t\t<\/div>\n\t\t\t\t<\/div>\n\t\t\t\t\t<\/div>\n\t\t\t\t<\/div>\n\t\t<div class=\"elementor-element elementor-element-08f45df e-flex e-con-boxed e-con e-parent\" data-id=\"08f45df\" data-element_type=\"container\" data-e-type=\"container\">\n\t\t\t\t\t<div class=\"e-con-inner\">\n\t\t<div class=\"elementor-element elementor-element-d3f66e8 e-con-full e-flex e-con e-child\" data-id=\"d3f66e8\" data-element_type=\"container\" data-e-type=\"container\">\n\t\t\t\t<div class=\"elementor-element elementor-element-6a7d606 elementor-widget elementor-widget-heading\" data-id=\"6a7d606\" data-element_type=\"widget\" data-e-type=\"widget\" data-widget_type=\"heading.default\">\n\t\t\t\t<div class=\"elementor-widget-container\">\n\t\t\t\t\t<h2 class=\"elementor-heading-title elementor-size-default\">TECNOSPIRO MACHINE TOOL S.L.U.<\/h2>\t\t\t\t<\/div>\n\t\t\t\t<\/div>\n\t\t\t\t<div class=\"elementor-element elementor-element-84a7b83 elementor-widget elementor-widget-text-editor\" data-id=\"84a7b83\" data-element_type=\"widget\" data-e-type=\"widget\" data-widget_type=\"text-editor.default\">\n\t\t\t\t<div class=\"elementor-widget-container\">\n\t\t\t\t\t\t\t\t\t<p><strong>TECNOSPIRO MACHINE TOOL S.L.U.<\/strong> wurde 1987 gegr\u00fcndet und stellte den ersten <strong>Roscamat\u00ae<\/strong>-Gewindeschneidarm her, um den eigenen Produktionsbedarf f\u00fcr <strong>Spiroide <\/strong>(Hersteller von Kegelradgetrieben) zu decken, einem Unternehmen der Spirogear <strong>Group <\/strong>(1947), zu der <strong>Tecnospiro <\/strong>geh\u00f6rt.<\/p><p>Im Jahr 2009 haben wir unser Wissen und unsere Erfahrung mit Gelenkarmen genutzt, um ein neues Konzept f\u00fcr einen ergonomischen Werkzeug-Balancer <strong>3arm<\/strong>\u00ae zu entwickeln und auf den Markt zu bringen.<\/p>\t\t\t\t\t\t\t\t<\/div>\n\t\t\t\t<\/div>\n\t\t\t\t<\/div>\n\t\t<div class=\"elementor-element elementor-element-8cd9f79 e-con-full e-flex e-con e-child\" data-id=\"8cd9f79\" data-element_type=\"container\" data-e-type=\"container\">\n\t\t\t\t<div class=\"elementor-element elementor-element-b4e2cf1 elementor-widget elementor-widget-image\" data-id=\"b4e2cf1\" data-element_type=\"widget\" data-e-type=\"widget\" data-widget_type=\"image.default\">\n\t\t\t\t<div class=\"elementor-widget-container\">\n\t\t\t\t\t\t\t\t\t\t\t\t\t\t\t<img decoding=\"async\" width=\"800\" height=\"534\" src=\"https:\/\/toolbalancerarms-3arm.com\/wp-content\/uploads\/2024\/11\/3armRoSCAMAT.jpg\" class=\"attachment-large size-large wp-image-3225\" alt=\"\" srcset=\"https:\/\/toolbalancerarms-3arm.com\/wp-content\/uploads\/2024\/11\/3armRoSCAMAT.jpg 900w, https:\/\/toolbalancerarms-3arm.com\/wp-content\/uploads\/2024\/11\/3armRoSCAMAT-300x200.jpg 300w, https:\/\/toolbalancerarms-3arm.com\/wp-content\/uploads\/2024\/11\/3armRoSCAMAT-768x513.jpg 768w\" sizes=\"(max-width: 800px) 100vw, 800px\" \/>\t\t\t\t\t\t\t\t\t\t\t\t\t\t\t<\/div>\n\t\t\t\t<\/div>\n\t\t\t\t<\/div>\n\t\t\t\t\t<\/div>\n\t\t\t\t<\/div>\n\t\t<div class=\"elementor-element elementor-element-93edeff e-flex e-con-boxed e-con e-parent\" data-id=\"93edeff\" data-element_type=\"container\" data-e-type=\"container\">\n\t\t\t\t\t<div class=\"e-con-inner\">\n\t\t<div class=\"elementor-element elementor-element-11c207f e-con-full e-flex e-con e-child\" data-id=\"11c207f\" data-element_type=\"container\" data-e-type=\"container\">\n\t\t\t\t<div class=\"elementor-element elementor-element-fbc792f elementor-widget elementor-widget-heading\" data-id=\"fbc792f\" data-element_type=\"widget\" data-e-type=\"widget\" data-widget_type=\"heading.default\">\n\t\t\t\t<div class=\"elementor-widget-container\">\n\t\t\t\t\t<h2 class=\"elementor-heading-title elementor-size-default\">3arm\u00ae ERGONOMISCHE L\u00d6SUNGEN<\/h2>\t\t\t\t<\/div>\n\t\t\t\t<\/div>\n\t\t\t\t<div class=\"elementor-element elementor-element-c9444ab elementor-widget elementor-widget-text-editor\" data-id=\"c9444ab\" data-element_type=\"widget\" data-e-type=\"widget\" data-widget_type=\"text-editor.default\">\n\t\t\t\t<div class=\"elementor-widget-container\">\n\t\t\t\t\t\t\t\t\t<p><strong>3arm<\/strong> bietet eine breite Palette <strong>ergonomischer Arme<\/strong>, die Werkzeuge und Ger\u00e4te mit einem Gewicht von bis zu 70 kg schwerelos halten, sowie einen vielseitigen <strong>Manipulator<\/strong>, mit dem sich Teile mit einem Gewicht von bis zu 50 kg aufnehmen und platzieren lassen. Dank verschiedener Arbeitsbereiche, <strong>45 verf\u00fcgbarer <\/strong>Schnittstellenk\u00f6pfe, intelligenter Positionierungsoptionen und tragbaren Zubeh\u00f6rs entsteht ein kompletter <strong>&#8222;ergonomischer Arbeitsplatz\u201c<\/strong>. Ihnen stehen mehr als 1.000.000 kundenspezifische Kombinationen zur Verf\u00fcgung. Die Schwerelosigkeit und die Technik zur Eliminierung von Drehmomentreaktionen erm\u00f6glichen ein absolut <strong>sicheres <\/strong>Arbeiten, beugen Erm\u00fcdung oder Verletzungen vor und <strong>erh\u00f6hen die Produktivit\u00e4t<\/strong>.   <\/p>\t\t\t\t\t\t\t\t<\/div>\n\t\t\t\t<\/div>\n\t\t\t\t<\/div>\n\t\t<div class=\"elementor-element elementor-element-18c4c0b e-con-full e-flex e-con e-child\" data-id=\"18c4c0b\" data-element_type=\"container\" data-e-type=\"container\">\n\t\t\t\t<div class=\"elementor-element elementor-element-e38bfe8 elementor-widget elementor-widget-image\" data-id=\"e38bfe8\" data-element_type=\"widget\" data-e-type=\"widget\" data-widget_type=\"image.default\">\n\t\t\t\t<div class=\"elementor-widget-container\">\n\t\t\t\t\t\t\t\t\t\t\t\t\t\t\t<img decoding=\"async\" width=\"800\" height=\"423\" src=\"https:\/\/toolbalancerarms-3arm.com\/wp-content\/uploads\/2024\/11\/aboutus2.jpg\" class=\"attachment-large size-large wp-image-3226\" alt=\"\" srcset=\"https:\/\/toolbalancerarms-3arm.com\/wp-content\/uploads\/2024\/11\/aboutus2.jpg 950w, https:\/\/toolbalancerarms-3arm.com\/wp-content\/uploads\/2024\/11\/aboutus2-300x159.jpg 300w, https:\/\/toolbalancerarms-3arm.com\/wp-content\/uploads\/2024\/11\/aboutus2-768x406.jpg 768w\" sizes=\"(max-width: 800px) 100vw, 800px\" \/>\t\t\t\t\t\t\t\t\t\t\t\t\t\t\t<\/div>\n\t\t\t\t<\/div>\n\t\t\t\t<\/div>\n\t\t\t\t\t<\/div>\n\t\t\t\t<\/div>\n\t\t<div class=\"elementor-element elementor-element-1376f21 e-flex e-con-boxed e-con e-parent\" data-id=\"1376f21\" data-element_type=\"container\" data-e-type=\"container\">\n\t\t\t\t\t<div class=\"e-con-inner\">\n\t\t\t\t<div class=\"elementor-element elementor-element-00d0599 elementor-widget elementor-widget-heading\" data-id=\"00d0599\" data-element_type=\"widget\" data-e-type=\"widget\" data-widget_type=\"heading.default\">\n\t\t\t\t<div class=\"elementor-widget-container\">\n\t\t\t\t\t<h2 class=\"elementor-heading-title elementor-size-default\">\nDer ergonomische 3-Arm ist derzeit der st\u00e4rkste und zuverl\u00e4ssigste auf dem Weltmarkt erh\u00e4ltliche Arm.<\/h2>\t\t\t\t<\/div>\n\t\t\t\t<\/div>\n\t\t\t\t\t<\/div>\n\t\t\t\t<\/div>\n\t\t\t\t<\/div>\n\t\t","protected":false},"excerpt":{"rendered":"<p>\u00dcber uns TECNOSPIRO MACHINE TOOL S.L.U. TECNOSPIRO MACHINE TOOL S.L.U. wurde 1987 gegr\u00fcndet und stellte den ersten Roscamat\u00ae-Gewindeschneidarm her, um den eigenen Produktionsbedarf f\u00fcr Spiroide (Hersteller von Kegelradgetrieben) zu decken, einem Unternehmen der Spirogear Group (1947), zu der Tecnospiro geh\u00f6rt. Im Jahr 2009 haben wir unser Wissen und unsere Erfahrung mit Gelenkarmen genutzt, um ein [&hellip;]<\/p>\n","protected":false},"author":1,"featured_media":0,"parent":0,"menu_order":0,"comment_status":"closed","ping_status":"closed","template":"elementor_header_footer","meta":{"footnotes":""},"class_list":["post-3224","page","type-page","status-publish","hentry"],"yoast_head":"<!-- This site is optimized with the Yoast SEO plugin v27.2 - https:\/\/yoast.com\/product\/yoast-seo-wordpress\/ -->\n<title>\u00dcber uns - 3ARM - Tool Balancers &amp; Manipulators Arms<\/title>\n<meta name=\"robots\" content=\"index, follow, max-snippet:-1, max-image-preview:large, max-video-preview:-1\" \/>\n<link rel=\"canonical\" href=\"https:\/\/toolbalancerarms-3arm.com\/de\/ueber-uns\/\" \/>\n<meta property=\"og:locale\" content=\"de_DE\" \/>\n<meta property=\"og:type\" content=\"article\" \/>\n<meta property=\"og:title\" content=\"\u00dcber uns - 3ARM - Tool Balancers &amp; Manipulators Arms\" \/>\n<meta property=\"og:description\" content=\"\u00dcber uns TECNOSPIRO MACHINE TOOL S.L.U. TECNOSPIRO MACHINE TOOL S.L.U. wurde 1987 gegr\u00fcndet und stellte den ersten Roscamat\u00ae-Gewindeschneidarm her, um den eigenen Produktionsbedarf f\u00fcr Spiroide (Hersteller von Kegelradgetrieben) zu decken, einem Unternehmen der Spirogear Group (1947), zu der Tecnospiro geh\u00f6rt. Im Jahr 2009 haben wir unser Wissen und unsere Erfahrung mit Gelenkarmen genutzt, um ein [&hellip;]\" \/>\n<meta property=\"og:url\" content=\"https:\/\/toolbalancerarms-3arm.com\/de\/ueber-uns\/\" \/>\n<meta property=\"og:site_name\" content=\"3ARM - Tool Balancers &amp; Manipulators Arms\" \/>\n<meta property=\"article:modified_time\" content=\"2025-06-04T07:12:24+00:00\" \/>\n<meta property=\"og:image\" content=\"https:\/\/toolbalancerarms-3arm.com\/wp-content\/uploads\/2024\/11\/about1.jpg\" \/>\n\t<meta property=\"og:image:width\" content=\"1200\" \/>\n\t<meta property=\"og:image:height\" content=\"622\" \/>\n\t<meta property=\"og:image:type\" content=\"image\/jpeg\" \/>\n<meta name=\"twitter:card\" content=\"summary_large_image\" \/>\n<meta name=\"twitter:label1\" content=\"Gesch\u00e4tzte Lesezeit\" \/>\n\t<meta name=\"twitter:data1\" content=\"1\u00a0Minute\" \/>\n<script type=\"application\/ld+json\" class=\"yoast-schema-graph\">{\"@context\":\"https:\/\/schema.org\",\"@graph\":[{\"@type\":\"WebPage\",\"@id\":\"https:\/\/toolbalancerarms-3arm.com\/de\/ueber-uns\/\",\"url\":\"https:\/\/toolbalancerarms-3arm.com\/de\/ueber-uns\/\",\"name\":\"\u00dcber uns - 3ARM - Tool Balancers &amp; Manipulators Arms\",\"isPartOf\":{\"@id\":\"https:\/\/toolbalancerarms-3arm.com\/de\/#website\"},\"primaryImageOfPage\":{\"@id\":\"https:\/\/toolbalancerarms-3arm.com\/de\/ueber-uns\/#primaryimage\"},\"image\":{\"@id\":\"https:\/\/toolbalancerarms-3arm.com\/de\/ueber-uns\/#primaryimage\"},\"thumbnailUrl\":\"https:\/\/toolbalancerarms-3arm.com\/wp-content\/uploads\/2024\/11\/about1-1024x531.jpg\",\"datePublished\":\"2024-11-21T11:11:52+00:00\",\"dateModified\":\"2025-06-04T07:12:24+00:00\",\"breadcrumb\":{\"@id\":\"https:\/\/toolbalancerarms-3arm.com\/de\/ueber-uns\/#breadcrumb\"},\"inLanguage\":\"de\",\"potentialAction\":[{\"@type\":\"ReadAction\",\"target\":[\"https:\/\/toolbalancerarms-3arm.com\/de\/ueber-uns\/\"]}]},{\"@type\":\"ImageObject\",\"inLanguage\":\"de\",\"@id\":\"https:\/\/toolbalancerarms-3arm.com\/de\/ueber-uns\/#primaryimage\",\"url\":\"https:\/\/toolbalancerarms-3arm.com\/wp-content\/uploads\/2024\/11\/about1-1024x531.jpg\",\"contentUrl\":\"https:\/\/toolbalancerarms-3arm.com\/wp-content\/uploads\/2024\/11\/about1-1024x531.jpg\"},{\"@type\":\"BreadcrumbList\",\"@id\":\"https:\/\/toolbalancerarms-3arm.com\/de\/ueber-uns\/#breadcrumb\",\"itemListElement\":[{\"@type\":\"ListItem\",\"position\":1,\"name\":\"Home\",\"item\":\"https:\/\/toolbalancerarms-3arm.com\/de\/\"},{\"@type\":\"ListItem\",\"position\":2,\"name\":\"\u00dcber uns\"}]},{\"@type\":\"WebSite\",\"@id\":\"https:\/\/toolbalancerarms-3arm.com\/de\/#website\",\"url\":\"https:\/\/toolbalancerarms-3arm.com\/de\/\",\"name\":\"3ARM - Tool Balancers &amp; Manipulators Arms\",\"description\":\"Tool Balancers &amp; Manipulators Arms\",\"potentialAction\":[{\"@type\":\"SearchAction\",\"target\":{\"@type\":\"EntryPoint\",\"urlTemplate\":\"https:\/\/toolbalancerarms-3arm.com\/de\/?s={search_term_string}\"},\"query-input\":{\"@type\":\"PropertyValueSpecification\",\"valueRequired\":true,\"valueName\":\"search_term_string\"}}],\"inLanguage\":\"de\"}]}<\/script>\n<!-- \/ Yoast SEO plugin. -->","yoast_head_json":{"title":"\u00dcber uns - 3ARM - Tool Balancers &amp; Manipulators Arms","robots":{"index":"index","follow":"follow","max-snippet":"max-snippet:-1","max-image-preview":"max-image-preview:large","max-video-preview":"max-video-preview:-1"},"canonical":"https:\/\/toolbalancerarms-3arm.com\/de\/ueber-uns\/","og_locale":"de_DE","og_type":"article","og_title":"\u00dcber uns - 3ARM - Tool Balancers &amp; Manipulators Arms","og_description":"\u00dcber uns TECNOSPIRO MACHINE TOOL S.L.U. TECNOSPIRO MACHINE TOOL S.L.U. wurde 1987 gegr\u00fcndet und stellte den ersten Roscamat\u00ae-Gewindeschneidarm her, um den eigenen Produktionsbedarf f\u00fcr Spiroide (Hersteller von Kegelradgetrieben) zu decken, einem Unternehmen der Spirogear Group (1947), zu der Tecnospiro geh\u00f6rt. Im Jahr 2009 haben wir unser Wissen und unsere Erfahrung mit Gelenkarmen genutzt, um ein [&hellip;]","og_url":"https:\/\/toolbalancerarms-3arm.com\/de\/ueber-uns\/","og_site_name":"3ARM - Tool Balancers &amp; Manipulators Arms","article_modified_time":"2025-06-04T07:12:24+00:00","og_image":[{"width":1200,"height":622,"url":"https:\/\/toolbalancerarms-3arm.com\/wp-content\/uploads\/2024\/11\/about1.jpg","type":"image\/jpeg"}],"twitter_card":"summary_large_image","twitter_misc":{"Gesch\u00e4tzte Lesezeit":"1\u00a0Minute"},"schema":{"@context":"https:\/\/schema.org","@graph":[{"@type":"WebPage","@id":"https:\/\/toolbalancerarms-3arm.com\/de\/ueber-uns\/","url":"https:\/\/toolbalancerarms-3arm.com\/de\/ueber-uns\/","name":"\u00dcber uns - 3ARM - Tool Balancers &amp; Manipulators Arms","isPartOf":{"@id":"https:\/\/toolbalancerarms-3arm.com\/de\/#website"},"primaryImageOfPage":{"@id":"https:\/\/toolbalancerarms-3arm.com\/de\/ueber-uns\/#primaryimage"},"image":{"@id":"https:\/\/toolbalancerarms-3arm.com\/de\/ueber-uns\/#primaryimage"},"thumbnailUrl":"https:\/\/toolbalancerarms-3arm.com\/wp-content\/uploads\/2024\/11\/about1-1024x531.jpg","datePublished":"2024-11-21T11:11:52+00:00","dateModified":"2025-06-04T07:12:24+00:00","breadcrumb":{"@id":"https:\/\/toolbalancerarms-3arm.com\/de\/ueber-uns\/#breadcrumb"},"inLanguage":"de","potentialAction":[{"@type":"ReadAction","target":["https:\/\/toolbalancerarms-3arm.com\/de\/ueber-uns\/"]}]},{"@type":"ImageObject","inLanguage":"de","@id":"https:\/\/toolbalancerarms-3arm.com\/de\/ueber-uns\/#primaryimage","url":"https:\/\/toolbalancerarms-3arm.com\/wp-content\/uploads\/2024\/11\/about1-1024x531.jpg","contentUrl":"https:\/\/toolbalancerarms-3arm.com\/wp-content\/uploads\/2024\/11\/about1-1024x531.jpg"},{"@type":"BreadcrumbList","@id":"https:\/\/toolbalancerarms-3arm.com\/de\/ueber-uns\/#breadcrumb","itemListElement":[{"@type":"ListItem","position":1,"name":"Home","item":"https:\/\/toolbalancerarms-3arm.com\/de\/"},{"@type":"ListItem","position":2,"name":"\u00dcber uns"}]},{"@type":"WebSite","@id":"https:\/\/toolbalancerarms-3arm.com\/de\/#website","url":"https:\/\/toolbalancerarms-3arm.com\/de\/","name":"3ARM - Tool Balancers &amp; Manipulators Arms","description":"Tool Balancers &amp; Manipulators Arms","potentialAction":[{"@type":"SearchAction","target":{"@type":"EntryPoint","urlTemplate":"https:\/\/toolbalancerarms-3arm.com\/de\/?s={search_term_string}"},"query-input":{"@type":"PropertyValueSpecification","valueRequired":true,"valueName":"search_term_string"}}],"inLanguage":"de"}]}},"_links":{"self":[{"href":"https:\/\/toolbalancerarms-3arm.com\/de\/wp-json\/wp\/v2\/pages\/3224","targetHints":{"allow":["GET"]}}],"collection":[{"href":"https:\/\/toolbalancerarms-3arm.com\/de\/wp-json\/wp\/v2\/pages"}],"about":[{"href":"https:\/\/toolbalancerarms-3arm.com\/de\/wp-json\/wp\/v2\/types\/page"}],"author":[{"embeddable":true,"href":"https:\/\/toolbalancerarms-3arm.com\/de\/wp-json\/wp\/v2\/users\/1"}],"replies":[{"embeddable":true,"href":"https:\/\/toolbalancerarms-3arm.com\/de\/wp-json\/wp\/v2\/comments?post=3224"}],"version-history":[{"count":1,"href":"https:\/\/toolbalancerarms-3arm.com\/de\/wp-json\/wp\/v2\/pages\/3224\/revisions"}],"predecessor-version":[{"id":3227,"href":"https:\/\/toolbalancerarms-3arm.com\/de\/wp-json\/wp\/v2\/pages\/3224\/revisions\/3227"}],"wp:attachment":[{"href":"https:\/\/toolbalancerarms-3arm.com\/de\/wp-json\/wp\/v2\/media?parent=3224"}],"curies":[{"name":"wp","href":"https:\/\/api.w.org\/{rel}","templated":true}]}}