{"id":3346,"date":"2024-11-25T09:29:51","date_gmt":"2024-11-25T09:29:51","guid":{"rendered":"https:\/\/toolbalancerarms-3arm.com\/rechtshinweis\/"},"modified":"2025-06-17T10:27:18","modified_gmt":"2025-06-17T10:27:18","slug":"rechtshinweis","status":"publish","type":"page","link":"https:\/\/toolbalancerarms-3arm.com\/de\/rechtshinweis\/","title":{"rendered":"Rechtshinweis"},"content":{"rendered":"\t\t<div data-elementor-type=\"wp-page\" data-elementor-id=\"3346\" class=\"elementor elementor-3346 elementor-1046\" data-elementor-post-type=\"page\">\n\t\t\t\t<div class=\"elementor-element elementor-element-badd6a8 e-flex e-con-boxed e-con e-parent\" data-id=\"badd6a8\" data-element_type=\"container\" data-e-type=\"container\" data-settings=\"{&quot;background_background&quot;:&quot;classic&quot;}\">\n\t\t\t\t\t<div class=\"e-con-inner\">\n\t\t\t\t<div class=\"elementor-element elementor-element-812304c elementor-widget elementor-widget-heading\" data-id=\"812304c\" data-element_type=\"widget\" data-e-type=\"widget\" data-widget_type=\"heading.default\">\n\t\t\t\t<div class=\"elementor-widget-container\">\n\t\t\t\t\t<h2 class=\"elementor-heading-title elementor-size-default\">Rechtshinweis<\/h2>\t\t\t\t<\/div>\n\t\t\t\t<\/div>\n\t\t\t\t\t<\/div>\n\t\t\t\t<\/div>\n\t\t<div class=\"elementor-element elementor-element-c7e0dc4 e-flex e-con-boxed e-con e-parent\" data-id=\"c7e0dc4\" data-element_type=\"container\" data-e-type=\"container\">\n\t\t\t\t\t<div class=\"e-con-inner\">\n\t\t\t\t<div class=\"elementor-element elementor-element-f835750 elementor-widget elementor-widget-heading\" data-id=\"f835750\" data-element_type=\"widget\" data-e-type=\"widget\" data-widget_type=\"heading.default\">\n\t\t\t\t<div class=\"elementor-widget-container\">\n\t\t\t\t\t<h2 class=\"elementor-heading-title elementor-size-default\">GESETZ \u00dcBER DIE DIENSTE DER INFORMATIONSGESELLSCHAFT (LSSI)<\/h2>\t\t\t\t<\/div>\n\t\t\t\t<\/div>\n\t\t\t\t<div class=\"elementor-element elementor-element-4716aab elementor-widget elementor-widget-text-editor\" data-id=\"4716aab\" data-element_type=\"widget\" data-e-type=\"widget\" data-widget_type=\"text-editor.default\">\n\t\t\t\t<div class=\"elementor-widget-container\">\n\t\t\t\t\t\t\t\t\t<p>TECNOSPIRO MACHINE TOOL SL, verantwortlich f\u00fcr die Website, im Folgenden VERANTWORTLICHER genannt, stellt den Nutzern dieses Dokument zur Verf\u00fcgung, das darauf abzielt, die Verpflichtungen gem\u00e4\u00df dem Gesetz 34\/2002 vom 11. Juli, Dienstleistungen der Informationsgesellschaft und des elektronischen Handels (LSSICE), BOE Nr. 166, zu erf\u00fcllen und alle Nutzer der Website \u00fcber die Nutzungsbedingungen zu informieren.<\/p><p>Jede Person, die auf diese Website zugreift, \u00fcbernimmt die Rolle des Nutzers und verpflichtet sich zur Einhaltung und Durchsetzung der hierin enthaltenen Bestimmungen sowie aller anderen m\u00f6glicherweise anwendbaren gesetzlichen Bestimmungen.<\/p><p>TECNOSPIRO MACHINE TOOL SL beh\u00e4lt sich das Recht vor, alle Informationen, die auf der Website erscheinen k\u00f6nnen, zu \u00e4ndern, ohne dass eine Verpflichtung zur vorherigen Ank\u00fcndigung oder Information der Benutzer besteht, was als ausreichende Ver\u00f6ffentlichung auf der Website von TECNOSPIRO MACHINE TOOL SL verstanden wird.<\/p>\t\t\t\t\t\t\t\t<\/div>\n\t\t\t\t<\/div>\n\t\t\t\t\t<\/div>\n\t\t\t\t<\/div>\n\t\t<div class=\"elementor-element elementor-element-89c8049 e-flex e-con-boxed e-con e-parent\" data-id=\"89c8049\" data-element_type=\"container\" data-e-type=\"container\">\n\t\t\t\t\t<div class=\"e-con-inner\">\n\t\t\t\t<div class=\"elementor-element elementor-element-3b18033 elementor-widget elementor-widget-heading\" data-id=\"3b18033\" data-element_type=\"widget\" data-e-type=\"widget\" data-widget_type=\"heading.default\">\n\t\t\t\t<div class=\"elementor-widget-container\">\n\t\t\t\t\t<h2 class=\"elementor-heading-title elementor-size-default\">1. Identifizierung von Daten<\/h2>\t\t\t\t<\/div>\n\t\t\t\t<\/div>\n\t\t\t\t<div class=\"elementor-element elementor-element-5b73c1d elementor-widget elementor-widget-text-editor\" data-id=\"5b73c1d\" data-element_type=\"widget\" data-e-type=\"widget\" data-widget_type=\"text-editor.default\">\n\t\t\t\t<div class=\"elementor-widget-container\">\n\t\t\t\t\t\t\t\t\t<p>Dom\u00e4nenname: https:\/\/3arm.avannubo.net<br>Handelsname: ROSCAMAT &#8211; 3ARM<br>Firmenname: TECNOSPIRO MACHINE TOOL SL<br>TAX ID: B64824287<br>Eingetragene Anschrift: P.I. PLA DELS VINYATS I, S\/N, I 08250 SANT JOAN DE VILATORRADA<br>Telefon: 938764359<br>E-Mail: 3arm@3arm.net<\/p>\t\t\t\t\t\t\t\t<\/div>\n\t\t\t\t<\/div>\n\t\t\t\t\t<\/div>\n\t\t\t\t<\/div>\n\t\t<div class=\"elementor-element elementor-element-c541f88 e-flex e-con-boxed e-con e-parent\" data-id=\"c541f88\" data-element_type=\"container\" data-e-type=\"container\">\n\t\t\t\t\t<div class=\"e-con-inner\">\n\t\t\t\t<div class=\"elementor-element elementor-element-a7246a4 elementor-widget elementor-widget-heading\" data-id=\"a7246a4\" data-element_type=\"widget\" data-e-type=\"widget\" data-widget_type=\"heading.default\">\n\t\t\t\t<div class=\"elementor-widget-container\">\n\t\t\t\t\t<h2 class=\"elementor-heading-title elementor-size-default\">2. Rechte an geistigem und gewerblichem Eigentum<\/h2>\t\t\t\t<\/div>\n\t\t\t\t<\/div>\n\t\t\t\t<div class=\"elementor-element elementor-element-80554bc elementor-widget elementor-widget-text-editor\" data-id=\"80554bc\" data-element_type=\"widget\" data-e-type=\"widget\" data-widget_type=\"text-editor.default\">\n\t\t\t\t<div class=\"elementor-widget-container\">\n\t\t\t\t\t\t\t\t\t<p>Die Website, einschlie\u00dflich, aber nicht beschr\u00e4nkt auf ihre Programmierung, Bearbeitung, Zusammenstellung und andere Elemente, die f\u00fcr ihren Betrieb notwendig sind, Designs, Logos, Texte und\/oder Grafiken, sind Eigentum des VERANTWORTLICHEN oder, falls zutreffend, verf\u00fcgt \u00fcber eine Lizenz oder ausdr\u00fcckliche Genehmigung der Autoren. Der gesamte Inhalt der Website ist durch die Vorschriften zum geistigen und gewerblichen Eigentum ordnungsgem\u00e4\u00df gesch\u00fctzt und in den entsprechenden \u00f6ffentlichen Registern eingetragen. <\/p><p>Ungeachtet des Zwecks, f\u00fcr den sie bestimmt waren, bedarf die vollst\u00e4ndige oder teilweise Vervielf\u00e4ltigung, Nutzung, Verwertung, Verbreitung und Vermarktung in jedem Fall der vorherigen schriftlichen Genehmigung durch den VERANTWORTLICHEN. Jede nicht vorher genehmigte Verwendung wird als schwerwiegende Verletzung der geistigen oder gewerblichen Eigentumsrechte des Urhebers angesehen.  <\/p><p>Die Designs, Logos, Texte und\/oder Grafiken, die nicht dem VERANTWORTLICHEN geh\u00f6ren und die auf der Website erscheinen k\u00f6nnen, geh\u00f6ren ihren jeweiligen Eigent\u00fcmern, die selbst f\u00fcr eventuelle Streitigkeiten in Bezug auf sie verantwortlich sind. Der VERANTWORTLICHE gestattet Dritten ausdr\u00fccklich, direkt auf die spezifischen Inhalte der Website umzuleiten und in jedem Fall auf die Hauptwebsite https:\/\/3arm.avannubo.net umzuleiten. <\/p><p>Der VERANTWORTLICHE erkennt zugunsten ihrer Eigent\u00fcmer die entsprechenden geistigen und gewerblichen Eigentumsrechte an, und ihre blo\u00dfe Erw\u00e4hnung oder ihr Erscheinen auf der Website impliziert weder das Vorhandensein irgendwelcher Rechte oder Verantwortlichkeiten an ihnen, noch irgendeine Billigung, F\u00f6rderung oder Empfehlung durch denselben. <\/p><p>Wenn Sie Anmerkungen zu m\u00f6glichen Verletzungen der Rechte des geistigen oder gewerblichen Eigentums sowie zum Inhalt der Website machen m\u00f6chten, k\u00f6nnen Sie dies per E-Mail an 3arm@3arm.net tun.<\/p>\t\t\t\t\t\t\t\t<\/div>\n\t\t\t\t<\/div>\n\t\t\t\t\t<\/div>\n\t\t\t\t<\/div>\n\t\t<div class=\"elementor-element elementor-element-2988a4a e-flex e-con-boxed e-con e-parent\" data-id=\"2988a4a\" data-element_type=\"container\" data-e-type=\"container\">\n\t\t\t\t\t<div class=\"e-con-inner\">\n\t\t\t\t<div class=\"elementor-element elementor-element-09edd72 elementor-widget elementor-widget-heading\" data-id=\"09edd72\" data-element_type=\"widget\" data-e-type=\"widget\" data-widget_type=\"heading.default\">\n\t\t\t\t<div class=\"elementor-widget-container\">\n\t\t\t\t\t<h2 class=\"elementor-heading-title elementor-size-default\">3. Befreiung von der Haftung<\/h2>\t\t\t\t<\/div>\n\t\t\t\t<\/div>\n\t\t\t\t<div class=\"elementor-element elementor-element-fc12e7b elementor-widget elementor-widget-text-editor\" data-id=\"fc12e7b\" data-element_type=\"widget\" data-e-type=\"widget\" data-widget_type=\"text-editor.default\">\n\t\t\t\t<div class=\"elementor-widget-container\">\n\t\t\t\t\t\t\t\t\t<p>Der VERANTWORTLICHE lehnt jede Haftung f\u00fcr die auf seiner Website ver\u00f6ffentlichten Informationen ab, sofern diese Informationen von einem externen Dritten manipuliert oder eingegeben wurden.<\/p><h3>Verwendung von Cookies<\/h3><p>Diese Website kann technische Cookies (kleine Informationsdateien, die der Server an den Computer der Person sendet, die auf die Seite zugreift) verwenden, um bestimmte Funktionen auszuf\u00fchren, die als wesentlich f\u00fcr das korrekte Funktionieren und die Visualisierung der Website angesehen werden. Die verwendeten Cookies sind in jedem Fall vor\u00fcbergehender Natur und dienen ausschlie\u00dflich dem Zweck, die Navigation effizienter zu gestalten, und verschwinden am Ende der Sitzung des Nutzers. In keinem Fall liefern diese Cookies selbst personenbezogene Daten und werden nicht zu deren Erfassung verwendet.  <\/p><p>Durch die Verwendung von Cookies ist es auch m\u00f6glich, dass der Server, auf dem sich die Website befindet, den vom Nutzer verwendeten Browser wiedererkennt, um die Navigation zu erleichtern und beispielsweise Nutzern, die sich zuvor registriert haben, den Zugang zu Bereichen, Diensten, Werbeaktionen oder Wettbewerben zu erm\u00f6glichen, die ausschlie\u00dflich ihnen vorbehalten sind, ohne dass sie sich bei jedem Besuch neu registrieren m\u00fcssen. <\/p><p>Sie k\u00f6nnen auch zur Messung des Publikums, der Verkehrsparameter, der Kontrolle des Fortschritts und der Anzahl der Eintr\u00e4ge usw. verwendet werden, wobei es sich in diesen F\u00e4llen um technisch entbehrliche, aber f\u00fcr den Nutzer n\u00fctzliche Cookies handelt. Auf dieser Website werden keine entbehrlichen Cookies ohne die vorherige Zustimmung des Nutzers installiert. <\/p><p>Diese Website verwendet eigene Cookies und Cookies von Drittanbietern zu Analysezwecken und um Ihnen personalisierte Werbung auf der Grundlage eines Profils zu zeigen, das aus Ihren Surfgewohnheiten (z. B. besuchte Seiten) erstellt wurde. <\/p><p>Jeder Nutzer, der die Website besucht, wird durch ein schwebendes Banner \u00fcber die Verwendung dieser Cookies informiert. Wenn Sie der Verwendung von Cookies zustimmen, wird das Banner ausgeblendet. Sie k\u00f6nnen jedoch jederzeit Ihre Zustimmung widerrufen und weitere Informationen erhalten, indem Sie unsere Cookies-Politik konsultieren. Der Nutzer hat die M\u00f6glichkeit, seinen Browser so zu konfigurieren, dass er vor dem Empfang von Cookies gewarnt wird und deren Installation auf seinem Computer verhindert. Weitere Informationen hierzu finden Sie in der Anleitung Ihres Browsers.   <\/p><h3>Link-Politik<\/h3><p>Von der Website aus k\u00f6nnen Sie zu Inhalten auf Websites Dritter weitergeleitet werden. Da der VERANTWORTLICHE die von Dritten auf ihren jeweiligen Websites eingebrachten Inhalte nicht immer kontrollieren kann, \u00fcbernimmt er keine Verantwortung f\u00fcr diese Inhalte.  <\/p><p>In jedem Fall werden Inhalte, die gegen nationales oder internationales Recht, die guten Sitten oder die \u00f6ffentliche Ordnung versto\u00dfen k\u00f6nnten, unverz\u00fcglich entfernt und die Weiterleitung zu dieser Website unverz\u00fcglich aufgehoben, wobei die zust\u00e4ndigen Beh\u00f6rden \u00fcber den betreffenden Inhalt informiert werden.<\/p><p>Der VERANTWORTLICHE ist nicht verantwortlich f\u00fcr die gespeicherten Informationen und Inhalte, einschlie\u00dflich, aber nicht beschr\u00e4nkt auf, Foren, Chats, Bloggeneratoren, Kommentare, soziale Netzwerke oder andere Mittel, die es Dritten erm\u00f6glichen, Inhalte unabh\u00e4ngig auf der Website des VERANTWORTLICHEN zu ver\u00f6ffentlichen. <\/p><p>Jedoch und in \u00dcbereinstimmung mit den Bestimmungen der Artikel 11 und 16 des LSSICE, steht allen Nutzern, Beh\u00f6rden und Sicherheitskr\u00e4ften zur Verf\u00fcgung, aktiv an der Entfernung oder gegebenenfalls Sperrung aller Inhalte, die beeintr\u00e4chtigen oder gegen nationales oder internationales Recht, die Rechte Dritter oder die Moral und die \u00f6ffentliche Ordnung versto\u00dfen k\u00f6nnen. Sollte der Nutzer der Ansicht sein, dass sich auf der Website Inhalte befinden, die f\u00fcr diese Einstufung in Frage kommen k\u00f6nnten, ist der Administrator der Website unverz\u00fcglich zu benachrichtigen. <\/p><p>Diese Website wurde gepr\u00fcft und getestet, um sicherzustellen, dass sie korrekt funktioniert. Im Prinzip kann ihr ordnungsgem\u00e4\u00dfes Funktionieren an 365 Tagen im Jahr, 24 Stunden am Tag, garantiert werden. Der VERANTWORTLICHE schlie\u00dft jedoch die M\u00f6glichkeit bestimmter Programmierfehler oder das Auftreten von h\u00f6herer Gewalt, Naturkatastrophen, Streiks oder \u00e4hnlichen Umst\u00e4nden, die den Zugang zur Website unm\u00f6glich machen, nicht aus.  <\/p><h3>IP-Adressen<\/h3><p>Die Server der Website k\u00f6nnen die vom Nutzer verwendete IP-Adresse und den Dom\u00e4nennamen automatisch erkennen. Eine IP-Adresse ist eine Nummer, die einem Computer automatisch zugewiesen wird, wenn er sich mit dem Internet verbindet. Alle diese Informationen werden in einer ordnungsgem\u00e4\u00df registrierten Server-Aktivit\u00e4tsdatei gespeichert, die eine sp\u00e4tere Verarbeitung der Daten erm\u00f6glicht, um ausschlie\u00dflich statistische Messungen zu erhalten, die es uns erm\u00f6glichen, die Anzahl der Seitenaufrufe, die Anzahl der Besuche auf den Webservern, die Reihenfolge der Besuche, den Zugangspunkt usw. zu ermitteln.  <\/p>\t\t\t\t\t\t\t\t<\/div>\n\t\t\t\t<\/div>\n\t\t\t\t\t<\/div>\n\t\t\t\t<\/div>\n\t\t<div class=\"elementor-element elementor-element-a962c4c e-flex e-con-boxed e-con e-parent\" data-id=\"a962c4c\" data-element_type=\"container\" data-e-type=\"container\">\n\t\t\t\t\t<div class=\"e-con-inner\">\n\t\t\t\t<div class=\"elementor-element elementor-element-b51123a elementor-widget elementor-widget-heading\" data-id=\"b51123a\" data-element_type=\"widget\" data-e-type=\"widget\" data-widget_type=\"heading.default\">\n\t\t\t\t<div class=\"elementor-widget-container\">\n\t\t\t\t\t<h2 class=\"elementor-heading-title elementor-size-default\">4. Anwendbares Recht und Gerichtsbarkeit<\/h2>\t\t\t\t<\/div>\n\t\t\t\t<\/div>\n\t\t\t\t<div class=\"elementor-element elementor-element-82be653 elementor-widget elementor-widget-text-editor\" data-id=\"82be653\" data-element_type=\"widget\" data-e-type=\"widget\" data-widget_type=\"text-editor.default\">\n\t\t\t\t<div class=\"elementor-widget-container\">\n\t\t\t\t\t\t\t\t\t<p>F\u00fcr die Beilegung aller Streitigkeiten oder Fragen im Zusammenhang mit dieser Website oder die Aktivit\u00e4ten in ihr entwickelt, gilt spanisches Recht, auf die die Parteien ausdr\u00fccklich unterwerfen sich, wobei f\u00fcr die Beilegung aller Streitigkeiten, die sich aus oder im Zusammenhang mit seiner Verwendung die Gerichte und Tribunale des Wohnsitzes des BENUTZERS oder, der Ort der Erf\u00fcllung der Verpflichtung.<\/p>\t\t\t\t\t\t\t\t<\/div>\n\t\t\t\t<\/div>\n\t\t\t\t\t<\/div>\n\t\t\t\t<\/div>\n\t\t\t\t<\/div>\n\t\t","protected":false},"excerpt":{"rendered":"<p>Rechtshinweis GESETZ \u00dcBER DIE DIENSTE DER INFORMATIONSGESELLSCHAFT (LSSI) TECNOSPIRO MACHINE TOOL SL, verantwortlich f\u00fcr die Website, im Folgenden VERANTWORTLICHER genannt, stellt den Nutzern dieses Dokument zur Verf\u00fcgung, das darauf abzielt, die Verpflichtungen gem\u00e4\u00df dem Gesetz 34\/2002 vom 11. Juli, Dienstleistungen der Informationsgesellschaft und des elektronischen Handels (LSSICE), BOE Nr. 166, zu erf\u00fcllen und alle Nutzer [&hellip;]<\/p>\n","protected":false},"author":1,"featured_media":0,"parent":0,"menu_order":0,"comment_status":"closed","ping_status":"closed","template":"elementor_header_footer","meta":{"footnotes":""},"class_list":["post-3346","page","type-page","status-publish","hentry"],"yoast_head":"<!-- This site is optimized with the Yoast SEO plugin v27.2 - https:\/\/yoast.com\/product\/yoast-seo-wordpress\/ -->\n<title>Rechtshinweis - 3ARM - Tool Balancers &amp; Manipulators Arms<\/title>\n<meta name=\"robots\" content=\"index, follow, max-snippet:-1, max-image-preview:large, max-video-preview:-1\" \/>\n<link rel=\"canonical\" href=\"https:\/\/toolbalancerarms-3arm.com\/de\/rechtshinweis\/\" \/>\n<meta property=\"og:locale\" content=\"de_DE\" \/>\n<meta property=\"og:type\" content=\"article\" \/>\n<meta property=\"og:title\" content=\"Rechtshinweis - 3ARM - Tool Balancers &amp; Manipulators Arms\" \/>\n<meta property=\"og:description\" content=\"Rechtshinweis GESETZ \u00dcBER DIE DIENSTE DER INFORMATIONSGESELLSCHAFT (LSSI) TECNOSPIRO MACHINE TOOL SL, verantwortlich f\u00fcr die Website, im Folgenden VERANTWORTLICHER genannt, stellt den Nutzern dieses Dokument zur Verf\u00fcgung, das darauf abzielt, die Verpflichtungen gem\u00e4\u00df dem Gesetz 34\/2002 vom 11. Juli, Dienstleistungen der Informationsgesellschaft und des elektronischen Handels (LSSICE), BOE Nr. 166, zu erf\u00fcllen und alle Nutzer [&hellip;]\" \/>\n<meta property=\"og:url\" content=\"https:\/\/toolbalancerarms-3arm.com\/de\/rechtshinweis\/\" \/>\n<meta property=\"og:site_name\" content=\"3ARM - Tool Balancers &amp; Manipulators Arms\" \/>\n<meta property=\"article:modified_time\" content=\"2025-06-17T10:27:18+00:00\" \/>\n<meta name=\"twitter:card\" content=\"summary_large_image\" \/>\n<meta name=\"twitter:label1\" content=\"Gesch\u00e4tzte Lesezeit\" \/>\n\t<meta name=\"twitter:data1\" content=\"6\u00a0Minuten\" \/>\n<script type=\"application\/ld+json\" class=\"yoast-schema-graph\">{\"@context\":\"https:\/\/schema.org\",\"@graph\":[{\"@type\":\"WebPage\",\"@id\":\"https:\/\/toolbalancerarms-3arm.com\/de\/rechtshinweis\/\",\"url\":\"https:\/\/toolbalancerarms-3arm.com\/de\/rechtshinweis\/\",\"name\":\"Rechtshinweis - 3ARM - Tool Balancers &amp; Manipulators Arms\",\"isPartOf\":{\"@id\":\"https:\/\/toolbalancerarms-3arm.com\/de\/#website\"},\"datePublished\":\"2024-11-25T09:29:51+00:00\",\"dateModified\":\"2025-06-17T10:27:18+00:00\",\"breadcrumb\":{\"@id\":\"https:\/\/toolbalancerarms-3arm.com\/de\/rechtshinweis\/#breadcrumb\"},\"inLanguage\":\"de\",\"potentialAction\":[{\"@type\":\"ReadAction\",\"target\":[\"https:\/\/toolbalancerarms-3arm.com\/de\/rechtshinweis\/\"]}]},{\"@type\":\"BreadcrumbList\",\"@id\":\"https:\/\/toolbalancerarms-3arm.com\/de\/rechtshinweis\/#breadcrumb\",\"itemListElement\":[{\"@type\":\"ListItem\",\"position\":1,\"name\":\"Home\",\"item\":\"https:\/\/toolbalancerarms-3arm.com\/de\/\"},{\"@type\":\"ListItem\",\"position\":2,\"name\":\"Rechtshinweis\"}]},{\"@type\":\"WebSite\",\"@id\":\"https:\/\/toolbalancerarms-3arm.com\/de\/#website\",\"url\":\"https:\/\/toolbalancerarms-3arm.com\/de\/\",\"name\":\"3ARM - Tool Balancers &amp; Manipulators Arms\",\"description\":\"Tool Balancers &amp; Manipulators Arms\",\"potentialAction\":[{\"@type\":\"SearchAction\",\"target\":{\"@type\":\"EntryPoint\",\"urlTemplate\":\"https:\/\/toolbalancerarms-3arm.com\/de\/?s={search_term_string}\"},\"query-input\":{\"@type\":\"PropertyValueSpecification\",\"valueRequired\":true,\"valueName\":\"search_term_string\"}}],\"inLanguage\":\"de\"}]}<\/script>\n<!-- \/ Yoast SEO plugin. -->","yoast_head_json":{"title":"Rechtshinweis - 3ARM - Tool Balancers &amp; Manipulators Arms","robots":{"index":"index","follow":"follow","max-snippet":"max-snippet:-1","max-image-preview":"max-image-preview:large","max-video-preview":"max-video-preview:-1"},"canonical":"https:\/\/toolbalancerarms-3arm.com\/de\/rechtshinweis\/","og_locale":"de_DE","og_type":"article","og_title":"Rechtshinweis - 3ARM - Tool Balancers &amp; Manipulators Arms","og_description":"Rechtshinweis GESETZ \u00dcBER DIE DIENSTE DER INFORMATIONSGESELLSCHAFT (LSSI) TECNOSPIRO MACHINE TOOL SL, verantwortlich f\u00fcr die Website, im Folgenden VERANTWORTLICHER genannt, stellt den Nutzern dieses Dokument zur Verf\u00fcgung, das darauf abzielt, die Verpflichtungen gem\u00e4\u00df dem Gesetz 34\/2002 vom 11. Juli, Dienstleistungen der Informationsgesellschaft und des elektronischen Handels (LSSICE), BOE Nr. 166, zu erf\u00fcllen und alle Nutzer [&hellip;]","og_url":"https:\/\/toolbalancerarms-3arm.com\/de\/rechtshinweis\/","og_site_name":"3ARM - Tool Balancers &amp; Manipulators Arms","article_modified_time":"2025-06-17T10:27:18+00:00","twitter_card":"summary_large_image","twitter_misc":{"Gesch\u00e4tzte Lesezeit":"6\u00a0Minuten"},"schema":{"@context":"https:\/\/schema.org","@graph":[{"@type":"WebPage","@id":"https:\/\/toolbalancerarms-3arm.com\/de\/rechtshinweis\/","url":"https:\/\/toolbalancerarms-3arm.com\/de\/rechtshinweis\/","name":"Rechtshinweis - 3ARM - Tool Balancers &amp; Manipulators Arms","isPartOf":{"@id":"https:\/\/toolbalancerarms-3arm.com\/de\/#website"},"datePublished":"2024-11-25T09:29:51+00:00","dateModified":"2025-06-17T10:27:18+00:00","breadcrumb":{"@id":"https:\/\/toolbalancerarms-3arm.com\/de\/rechtshinweis\/#breadcrumb"},"inLanguage":"de","potentialAction":[{"@type":"ReadAction","target":["https:\/\/toolbalancerarms-3arm.com\/de\/rechtshinweis\/"]}]},{"@type":"BreadcrumbList","@id":"https:\/\/toolbalancerarms-3arm.com\/de\/rechtshinweis\/#breadcrumb","itemListElement":[{"@type":"ListItem","position":1,"name":"Home","item":"https:\/\/toolbalancerarms-3arm.com\/de\/"},{"@type":"ListItem","position":2,"name":"Rechtshinweis"}]},{"@type":"WebSite","@id":"https:\/\/toolbalancerarms-3arm.com\/de\/#website","url":"https:\/\/toolbalancerarms-3arm.com\/de\/","name":"3ARM - Tool Balancers &amp; Manipulators Arms","description":"Tool Balancers &amp; Manipulators Arms","potentialAction":[{"@type":"SearchAction","target":{"@type":"EntryPoint","urlTemplate":"https:\/\/toolbalancerarms-3arm.com\/de\/?s={search_term_string}"},"query-input":{"@type":"PropertyValueSpecification","valueRequired":true,"valueName":"search_term_string"}}],"inLanguage":"de"}]}},"_links":{"self":[{"href":"https:\/\/toolbalancerarms-3arm.com\/de\/wp-json\/wp\/v2\/pages\/3346","targetHints":{"allow":["GET"]}}],"collection":[{"href":"https:\/\/toolbalancerarms-3arm.com\/de\/wp-json\/wp\/v2\/pages"}],"about":[{"href":"https:\/\/toolbalancerarms-3arm.com\/de\/wp-json\/wp\/v2\/types\/page"}],"author":[{"embeddable":true,"href":"https:\/\/toolbalancerarms-3arm.com\/de\/wp-json\/wp\/v2\/users\/1"}],"replies":[{"embeddable":true,"href":"https:\/\/toolbalancerarms-3arm.com\/de\/wp-json\/wp\/v2\/comments?post=3346"}],"version-history":[{"count":1,"href":"https:\/\/toolbalancerarms-3arm.com\/de\/wp-json\/wp\/v2\/pages\/3346\/revisions"}],"predecessor-version":[{"id":3347,"href":"https:\/\/toolbalancerarms-3arm.com\/de\/wp-json\/wp\/v2\/pages\/3346\/revisions\/3347"}],"wp:attachment":[{"href":"https:\/\/toolbalancerarms-3arm.com\/de\/wp-json\/wp\/v2\/media?parent=3346"}],"curies":[{"name":"wp","href":"https:\/\/api.w.org\/{rel}","templated":true}]}}