{"id":3348,"date":"2024-11-21T11:33:47","date_gmt":"2024-11-21T11:33:47","guid":{"rendered":"https:\/\/toolbalancerarms-3arm.com\/manipulatoren\/"},"modified":"2025-12-11T13:41:30","modified_gmt":"2025-12-11T13:41:30","slug":"manipulatoren","status":"publish","type":"page","link":"https:\/\/toolbalancerarms-3arm.com\/de\/manipulatoren\/","title":{"rendered":"Manipulatoren"},"content":{"rendered":"\t\t<div data-elementor-type=\"wp-page\" data-elementor-id=\"3348\" class=\"elementor elementor-3348 elementor-87\" data-elementor-post-type=\"page\">\n\t\t\t\t<div class=\"elementor-element elementor-element-47f857c e-flex e-con-boxed e-con e-parent\" data-id=\"47f857c\" data-element_type=\"container\" data-e-type=\"container\" data-settings=\"{&quot;background_background&quot;:&quot;classic&quot;}\">\n\t\t\t\t\t<div class=\"e-con-inner\">\n\t\t<div class=\"elementor-element elementor-element-ea33643 e-con-full e-flex e-con e-child\" data-id=\"ea33643\" data-element_type=\"container\" data-e-type=\"container\">\n\t\t\t\t<div class=\"elementor-element elementor-element-6228a32 elementor-widget elementor-widget-heading\" data-id=\"6228a32\" data-element_type=\"widget\" data-e-type=\"widget\" data-widget_type=\"heading.default\">\n\t\t\t\t<div class=\"elementor-widget-container\">\n\t\t\t\t\t<h1 class=\"elementor-heading-title elementor-size-default\">Industrieller Manipulatorarm<\/h1>\t\t\t\t<\/div>\n\t\t\t\t<\/div>\n\t\t\t\t<div class=\"elementor-element elementor-element-4a66138 elementor-widget elementor-widget-heading\" data-id=\"4a66138\" data-element_type=\"widget\" data-e-type=\"widget\" data-widget_type=\"heading.default\">\n\t\t\t\t<div class=\"elementor-widget-container\">\n\t\t\t\t\t<p class=\"elementor-heading-title elementor-size-default\">Der 3arm\u00ae Manipulatorarm kann mit einer Vielzahl von handgef\u00fchrten Manipulatoren-Werkzeugen ausgestattet werden. Er ist darauf ausgelegt, Lasten bis zu 50\u202fkg gewichtslos in jede Richtung manuell zu handhaben, zu zentrieren und zu positionieren. Dieser industrielle Manipulator unterst\u00fctzt den Bediener bei pr\u00e4ziser, ergonomischer Handhabung, erm\u00f6glicht m\u00fcheloses Arbeiten und gew\u00e4hrleistet sichere Materialhandhabung.<\/p>\t\t\t\t<\/div>\n\t\t\t\t<\/div>\n\t\t\t\t<\/div>\n\t\t\t\t\t<\/div>\n\t\t\t\t<\/div>\n\t\t<div class=\"elementor-element elementor-element-75c1147 e-flex e-con-boxed e-con e-parent\" data-id=\"75c1147\" data-element_type=\"container\" data-e-type=\"container\">\n\t\t\t\t\t<div class=\"e-con-inner\">\n\t\t<div class=\"elementor-element elementor-element-50808ce e-con-full e-flex e-con e-child\" data-id=\"50808ce\" data-element_type=\"container\" data-e-type=\"container\">\n\t\t\t\t<div class=\"elementor-element elementor-element-5e51157 elementor-widget elementor-widget-heading\" data-id=\"5e51157\" data-element_type=\"widget\" data-e-type=\"widget\" data-widget_type=\"heading.default\">\n\t\t\t\t<div class=\"elementor-widget-container\">\n\t\t\t\t\t<p class=\"elementor-heading-title elementor-size-default\">ERGONOMISCHE L\u00d6SUNG<\/p>\t\t\t\t<\/div>\n\t\t\t\t<\/div>\n\t\t\t\t<div class=\"elementor-element elementor-element-7fe3e5a elementor-widget elementor-widget-heading\" data-id=\"7fe3e5a\" data-element_type=\"widget\" data-e-type=\"widget\" data-widget_type=\"heading.default\">\n\t\t\t\t<div class=\"elementor-widget-container\">\n\t\t\t\t\t<h2 class=\"elementor-heading-title elementor-size-default\">Manipulator M3<\/h2>\t\t\t\t<\/div>\n\t\t\t\t<\/div>\n\t\t\t\t<div class=\"elementor-element elementor-element-8a48681 elementor-widget elementor-widget-heading\" data-id=\"8a48681\" data-element_type=\"widget\" data-e-type=\"widget\" data-widget_type=\"heading.default\">\n\t\t\t\t<div class=\"elementor-widget-container\">\n\t\t\t\t\t<h2 class=\"elementor-heading-title elementor-size-default\">Als leichtester manuell gesteuerter Lastmanipulator\nist er besonders einfach zu handhaben.<\/h2>\t\t\t\t<\/div>\n\t\t\t\t<\/div>\n\t\t\t\t<div class=\"elementor-element elementor-element-3da0999 elementor-widget elementor-widget-heading\" data-id=\"3da0999\" data-element_type=\"widget\" data-e-type=\"widget\" data-widget_type=\"heading.default\">\n\t\t\t\t<div class=\"elementor-widget-container\">\n\t\t\t\t\t<h2 class=\"elementor-heading-title elementor-size-default\">Der 3arm\u00ae Manipulator M3 kann mit einer Vielzahl von speziellen Greifwerkzeugen ausgestattet werden. Er wurde entwickelt, um Lasten von bis zu 25 kg schwerelos und in jeder Richtung manuell zu handhaben, zu zentrieren und einzustellen. Der Manipulator unterst\u00fctzt den Bediener bei der pr\u00e4zisen ergonomischen Arbeitshandhabung, m\u00fchelos und sicher. <\/h2>\t\t\t\t<\/div>\n\t\t\t\t<\/div>\n\t\t\t\t<div class=\"elementor-element elementor-element-19cb059 elementor-widget elementor-widget-button\" data-id=\"19cb059\" data-element_type=\"widget\" data-e-type=\"widget\" data-widget_type=\"button.default\">\n\t\t\t\t<div class=\"elementor-widget-container\">\n\t\t\t\t\t\t\t\t\t<div class=\"elementor-button-wrapper\">\n\t\t\t\t\t<a class=\"elementor-button elementor-button-link elementor-size-sm\" href=\"https:\/\/toolbalancerarms-3arm.com\/manipulators\/manipulator-m3\/\">\n\t\t\t\t\t\t<span class=\"elementor-button-content-wrapper\">\n\t\t\t\t\t\t\t\t\t<span class=\"elementor-button-text\">Mehr anzeigen<\/span>\n\t\t\t\t\t<\/span>\n\t\t\t\t\t<\/a>\n\t\t\t\t<\/div>\n\t\t\t\t\t\t\t\t<\/div>\n\t\t\t\t<\/div>\n\t\t\t\t<\/div>\n\t\t<div class=\"elementor-element elementor-element-80b7dc6 e-con-full e-flex e-con e-child\" data-id=\"80b7dc6\" data-element_type=\"container\" data-e-type=\"container\">\n\t\t\t\t<div class=\"elementor-element elementor-element-1775ed5 elementor-widget elementor-widget-image\" data-id=\"1775ed5\" data-element_type=\"widget\" data-e-type=\"widget\" data-widget_type=\"image.default\">\n\t\t\t\t<div class=\"elementor-widget-container\">\n\t\t\t\t\t\t\t\t\t\t\t\t\t\t\t<img fetchpriority=\"high\" decoding=\"async\" width=\"800\" height=\"800\" src=\"https:\/\/toolbalancerarms-3arm.com\/wp-content\/uploads\/2024\/11\/MANIPULATOR-M3-1.png\" class=\"attachment-large size-large wp-image-3351\" alt=\"Manipulator M3 Arm by 3Arm\" srcset=\"https:\/\/toolbalancerarms-3arm.com\/wp-content\/uploads\/2024\/11\/MANIPULATOR-M3-1.png 1000w, https:\/\/toolbalancerarms-3arm.com\/wp-content\/uploads\/2024\/11\/MANIPULATOR-M3-1-300x300.png 300w, https:\/\/toolbalancerarms-3arm.com\/wp-content\/uploads\/2024\/11\/MANIPULATOR-M3-1-150x150.png 150w, https:\/\/toolbalancerarms-3arm.com\/wp-content\/uploads\/2024\/11\/MANIPULATOR-M3-1-768x768.png 768w\" sizes=\"(max-width: 800px) 100vw, 800px\" \/>\t\t\t\t\t\t\t\t\t\t\t\t\t\t\t<\/div>\n\t\t\t\t<\/div>\n\t\t\t\t<\/div>\n\t\t\t\t\t<\/div>\n\t\t\t\t<\/div>\n\t\t<div class=\"elementor-element elementor-element-7e52fad e-flex e-con-boxed e-con e-parent\" data-id=\"7e52fad\" data-element_type=\"container\" data-e-type=\"container\">\n\t\t\t\t\t<div class=\"e-con-inner\">\n\t\t<div class=\"elementor-element elementor-element-1ed19b8 e-con-full e-flex e-con e-child\" data-id=\"1ed19b8\" data-element_type=\"container\" data-e-type=\"container\">\n\t\t\t\t<div class=\"elementor-element elementor-element-593999b elementor-widget elementor-widget-heading\" data-id=\"593999b\" data-element_type=\"widget\" data-e-type=\"widget\" data-widget_type=\"heading.default\">\n\t\t\t\t<div class=\"elementor-widget-container\">\n\t\t\t\t\t<p class=\"elementor-heading-title elementor-size-default\">ERGONOMISCHE L\u00d6SUNG<\/p>\t\t\t\t<\/div>\n\t\t\t\t<\/div>\n\t\t\t\t<div class=\"elementor-element elementor-element-6dff1f3 elementor-widget elementor-widget-heading\" data-id=\"6dff1f3\" data-element_type=\"widget\" data-e-type=\"widget\" data-widget_type=\"heading.default\">\n\t\t\t\t<div class=\"elementor-widget-container\">\n\t\t\t\t\t<h2 class=\"elementor-heading-title elementor-size-default\">Manipulator M5<\/h2>\t\t\t\t<\/div>\n\t\t\t\t<\/div>\n\t\t\t\t<div class=\"elementor-element elementor-element-7bf0f5f elementor-widget elementor-widget-heading\" data-id=\"7bf0f5f\" data-element_type=\"widget\" data-e-type=\"widget\" data-widget_type=\"heading.default\">\n\t\t\t\t<div class=\"elementor-widget-container\">\n\t\t\t\t\t<h2 class=\"elementor-heading-title elementor-size-default\">Der 3arm\u00ae Manipulator M5 kann mit einer Vielzahl von speziellen Greifwerkzeugen ausgestattet werden. Er wurde entwickelt, um Lasten von bis zu 50 kg schwerelos und in jeder Richtung manuell zu handhaben, zu zentrieren und einzustellen. Der Manipulator unterst\u00fctzt den Bediener bei der pr\u00e4zisen ergonomischen Arbeitshandhabung, m\u00fchelos und sicher. \n<\/h2>\t\t\t\t<\/div>\n\t\t\t\t<\/div>\n\t\t\t\t<div class=\"elementor-element elementor-element-28895c7 elementor-widget elementor-widget-heading\" data-id=\"28895c7\" data-element_type=\"widget\" data-e-type=\"widget\" data-widget_type=\"heading.default\">\n\t\t\t\t<div class=\"elementor-widget-container\">\n\t\t\t\t\t<h2 class=\"elementor-heading-title elementor-size-default\">Der M5 bietet die meisten kundenspezifischen Armkonfigurationen, um Teile zu und von F\u00f6rderb\u00e4ndern, Montagelinien, Werkzeugmaschinen und vielem mehr zu bewegen.<\/h2>\t\t\t\t<\/div>\n\t\t\t\t<\/div>\n\t\t\t\t<div class=\"elementor-element elementor-element-f5f8659 elementor-widget elementor-widget-button\" data-id=\"f5f8659\" data-element_type=\"widget\" data-e-type=\"widget\" data-widget_type=\"button.default\">\n\t\t\t\t<div class=\"elementor-widget-container\">\n\t\t\t\t\t\t\t\t\t<div class=\"elementor-button-wrapper\">\n\t\t\t\t\t<a class=\"elementor-button elementor-button-link elementor-size-sm\" href=\"https:\/\/toolbalancerarms-3arm.com\/manipulators\/manipulator-m5\/\">\n\t\t\t\t\t\t<span class=\"elementor-button-content-wrapper\">\n\t\t\t\t\t\t\t\t\t<span class=\"elementor-button-text\">Mehr anzeigen<\/span>\n\t\t\t\t\t<\/span>\n\t\t\t\t\t<\/a>\n\t\t\t\t<\/div>\n\t\t\t\t\t\t\t\t<\/div>\n\t\t\t\t<\/div>\n\t\t\t\t<\/div>\n\t\t<div class=\"elementor-element elementor-element-39b63cd e-con-full e-flex e-con e-child\" data-id=\"39b63cd\" data-element_type=\"container\" data-e-type=\"container\">\n\t\t\t\t<div class=\"elementor-element elementor-element-4b7160b elementor-widget elementor-widget-image\" data-id=\"4b7160b\" data-element_type=\"widget\" data-e-type=\"widget\" data-widget_type=\"image.default\">\n\t\t\t\t<div class=\"elementor-widget-container\">\n\t\t\t\t\t\t\t\t\t\t\t\t\t\t\t<img decoding=\"async\" width=\"650\" height=\"650\" src=\"https:\/\/toolbalancerarms-3arm.com\/wp-content\/uploads\/2024\/11\/MANIPULATOR-M5-1-1.jpg\" class=\"attachment-large size-large wp-image-3306\" alt=\"Manipulator M3 Arm by 3Arm\" srcset=\"https:\/\/toolbalancerarms-3arm.com\/wp-content\/uploads\/2024\/11\/MANIPULATOR-M5-1-1.jpg 650w, https:\/\/toolbalancerarms-3arm.com\/wp-content\/uploads\/2024\/11\/MANIPULATOR-M5-1-1-300x300.jpg 300w, https:\/\/toolbalancerarms-3arm.com\/wp-content\/uploads\/2024\/11\/MANIPULATOR-M5-1-1-150x150.jpg 150w\" sizes=\"(max-width: 650px) 100vw, 650px\" \/>\t\t\t\t\t\t\t\t\t\t\t\t\t\t\t<\/div>\n\t\t\t\t<\/div>\n\t\t\t\t<\/div>\n\t\t\t\t\t<\/div>\n\t\t\t\t<\/div>\n\t\t\t\t<\/div>\n\t\t","protected":false},"excerpt":{"rendered":"<p>Industrieller Manipulatorarm Der 3arm\u00ae Manipulatorarm kann mit einer Vielzahl von handgef\u00fchrten Manipulatoren-Werkzeugen ausgestattet werden. Er ist darauf ausgelegt, Lasten bis zu 50\u202fkg gewichtslos in jede Richtung manuell zu handhaben, zu zentrieren und zu positionieren. Dieser industrielle Manipulator unterst\u00fctzt den Bediener bei pr\u00e4ziser, ergonomischer Handhabung, erm\u00f6glicht m\u00fcheloses Arbeiten und gew\u00e4hrleistet sichere Materialhandhabung. ERGONOMISCHE L\u00d6SUNG Manipulator M3 [&hellip;]<\/p>\n","protected":false},"author":1,"featured_media":0,"parent":0,"menu_order":0,"comment_status":"closed","ping_status":"closed","template":"elementor_header_footer","meta":{"footnotes":""},"class_list":["post-3348","page","type-page","status-publish","hentry"],"yoast_head":"<!-- This site is optimized with the Yoast SEO plugin v27.2 - https:\/\/yoast.com\/product\/yoast-seo-wordpress\/ -->\n<title>3ARM\u00ae Manipulator Handlingsysteme<\/title>\n<meta name=\"description\" content=\"Entdecken Sie 3ARM\u00ae Manipulatoren und Handhabungsmanipulatoren f\u00fcr pr\u00e4zise, ergonomische Hebehilfe in Industrie und Produktion.\" \/>\n<meta name=\"robots\" content=\"index, follow, max-snippet:-1, max-image-preview:large, max-video-preview:-1\" \/>\n<link rel=\"canonical\" href=\"https:\/\/toolbalancerarms-3arm.com\/de\/manipulatoren\/\" \/>\n<meta property=\"og:locale\" content=\"de_DE\" \/>\n<meta property=\"og:type\" content=\"article\" \/>\n<meta property=\"og:title\" content=\"3ARM\u00ae Manipulator Handlingsysteme\" \/>\n<meta property=\"og:description\" content=\"Entdecken Sie 3ARM\u00ae Manipulatoren und Handhabungsmanipulatoren f\u00fcr pr\u00e4zise, ergonomische Hebehilfe in Industrie und Produktion.\" \/>\n<meta property=\"og:url\" content=\"https:\/\/toolbalancerarms-3arm.com\/de\/manipulatoren\/\" \/>\n<meta property=\"og:site_name\" content=\"3ARM - Tool Balancers &amp; Manipulators Arms\" \/>\n<meta property=\"article:modified_time\" content=\"2025-12-11T13:41:30+00:00\" \/>\n<meta property=\"og:image\" content=\"https:\/\/toolbalancerarms-3arm.com\/wp-content\/uploads\/2024\/11\/MANIPULATOR-M3-1.png\" \/>\n\t<meta property=\"og:image:width\" content=\"1000\" \/>\n\t<meta property=\"og:image:height\" content=\"1000\" \/>\n\t<meta property=\"og:image:type\" content=\"image\/png\" \/>\n<meta name=\"twitter:card\" content=\"summary_large_image\" \/>\n<meta name=\"twitter:label1\" content=\"Gesch\u00e4tzte Lesezeit\" \/>\n\t<meta name=\"twitter:data1\" content=\"2\u00a0Minuten\" \/>\n<script type=\"application\/ld+json\" class=\"yoast-schema-graph\">{\"@context\":\"https:\/\/schema.org\",\"@graph\":[{\"@type\":\"WebPage\",\"@id\":\"https:\/\/toolbalancerarms-3arm.com\/de\/manipulatoren\/\",\"url\":\"https:\/\/toolbalancerarms-3arm.com\/de\/manipulatoren\/\",\"name\":\"3ARM\u00ae Manipulator Handlingsysteme\",\"isPartOf\":{\"@id\":\"https:\/\/toolbalancerarms-3arm.com\/de\/#website\"},\"primaryImageOfPage\":{\"@id\":\"https:\/\/toolbalancerarms-3arm.com\/de\/manipulatoren\/#primaryimage\"},\"image\":{\"@id\":\"https:\/\/toolbalancerarms-3arm.com\/de\/manipulatoren\/#primaryimage\"},\"thumbnailUrl\":\"https:\/\/toolbalancerarms-3arm.com\/wp-content\/uploads\/2024\/11\/MANIPULATOR-M3-1.png\",\"datePublished\":\"2024-11-21T11:33:47+00:00\",\"dateModified\":\"2025-12-11T13:41:30+00:00\",\"description\":\"Entdecken Sie 3ARM\u00ae Manipulatoren und Handhabungsmanipulatoren f\u00fcr pr\u00e4zise, ergonomische Hebehilfe in Industrie und Produktion.\",\"breadcrumb\":{\"@id\":\"https:\/\/toolbalancerarms-3arm.com\/de\/manipulatoren\/#breadcrumb\"},\"inLanguage\":\"de\",\"potentialAction\":[{\"@type\":\"ReadAction\",\"target\":[\"https:\/\/toolbalancerarms-3arm.com\/de\/manipulatoren\/\"]}]},{\"@type\":\"ImageObject\",\"inLanguage\":\"de\",\"@id\":\"https:\/\/toolbalancerarms-3arm.com\/de\/manipulatoren\/#primaryimage\",\"url\":\"https:\/\/toolbalancerarms-3arm.com\/wp-content\/uploads\/2024\/11\/MANIPULATOR-M3-1.png\",\"contentUrl\":\"https:\/\/toolbalancerarms-3arm.com\/wp-content\/uploads\/2024\/11\/MANIPULATOR-M3-1.png\"},{\"@type\":\"BreadcrumbList\",\"@id\":\"https:\/\/toolbalancerarms-3arm.com\/de\/manipulatoren\/#breadcrumb\",\"itemListElement\":[{\"@type\":\"ListItem\",\"position\":1,\"name\":\"Home\",\"item\":\"https:\/\/toolbalancerarms-3arm.com\/de\/\"},{\"@type\":\"ListItem\",\"position\":2,\"name\":\"Manipulatoren\"}]},{\"@type\":\"WebSite\",\"@id\":\"https:\/\/toolbalancerarms-3arm.com\/de\/#website\",\"url\":\"https:\/\/toolbalancerarms-3arm.com\/de\/\",\"name\":\"3ARM - Tool Balancers &amp; Manipulators Arms\",\"description\":\"Tool Balancers &amp; Manipulators Arms\",\"potentialAction\":[{\"@type\":\"SearchAction\",\"target\":{\"@type\":\"EntryPoint\",\"urlTemplate\":\"https:\/\/toolbalancerarms-3arm.com\/de\/?s={search_term_string}\"},\"query-input\":{\"@type\":\"PropertyValueSpecification\",\"valueRequired\":true,\"valueName\":\"search_term_string\"}}],\"inLanguage\":\"de\"}]}<\/script>\n<!-- \/ Yoast SEO plugin. -->","yoast_head_json":{"title":"3ARM\u00ae Manipulator Handlingsysteme","description":"Entdecken Sie 3ARM\u00ae Manipulatoren und Handhabungsmanipulatoren f\u00fcr pr\u00e4zise, ergonomische Hebehilfe in Industrie und Produktion.","robots":{"index":"index","follow":"follow","max-snippet":"max-snippet:-1","max-image-preview":"max-image-preview:large","max-video-preview":"max-video-preview:-1"},"canonical":"https:\/\/toolbalancerarms-3arm.com\/de\/manipulatoren\/","og_locale":"de_DE","og_type":"article","og_title":"3ARM\u00ae Manipulator Handlingsysteme","og_description":"Entdecken Sie 3ARM\u00ae Manipulatoren und Handhabungsmanipulatoren f\u00fcr pr\u00e4zise, ergonomische Hebehilfe in Industrie und Produktion.","og_url":"https:\/\/toolbalancerarms-3arm.com\/de\/manipulatoren\/","og_site_name":"3ARM - Tool Balancers &amp; Manipulators Arms","article_modified_time":"2025-12-11T13:41:30+00:00","og_image":[{"width":1000,"height":1000,"url":"https:\/\/toolbalancerarms-3arm.com\/wp-content\/uploads\/2024\/11\/MANIPULATOR-M3-1.png","type":"image\/png"}],"twitter_card":"summary_large_image","twitter_misc":{"Gesch\u00e4tzte Lesezeit":"2\u00a0Minuten"},"schema":{"@context":"https:\/\/schema.org","@graph":[{"@type":"WebPage","@id":"https:\/\/toolbalancerarms-3arm.com\/de\/manipulatoren\/","url":"https:\/\/toolbalancerarms-3arm.com\/de\/manipulatoren\/","name":"3ARM\u00ae Manipulator Handlingsysteme","isPartOf":{"@id":"https:\/\/toolbalancerarms-3arm.com\/de\/#website"},"primaryImageOfPage":{"@id":"https:\/\/toolbalancerarms-3arm.com\/de\/manipulatoren\/#primaryimage"},"image":{"@id":"https:\/\/toolbalancerarms-3arm.com\/de\/manipulatoren\/#primaryimage"},"thumbnailUrl":"https:\/\/toolbalancerarms-3arm.com\/wp-content\/uploads\/2024\/11\/MANIPULATOR-M3-1.png","datePublished":"2024-11-21T11:33:47+00:00","dateModified":"2025-12-11T13:41:30+00:00","description":"Entdecken Sie 3ARM\u00ae Manipulatoren und Handhabungsmanipulatoren f\u00fcr pr\u00e4zise, ergonomische Hebehilfe in Industrie und Produktion.","breadcrumb":{"@id":"https:\/\/toolbalancerarms-3arm.com\/de\/manipulatoren\/#breadcrumb"},"inLanguage":"de","potentialAction":[{"@type":"ReadAction","target":["https:\/\/toolbalancerarms-3arm.com\/de\/manipulatoren\/"]}]},{"@type":"ImageObject","inLanguage":"de","@id":"https:\/\/toolbalancerarms-3arm.com\/de\/manipulatoren\/#primaryimage","url":"https:\/\/toolbalancerarms-3arm.com\/wp-content\/uploads\/2024\/11\/MANIPULATOR-M3-1.png","contentUrl":"https:\/\/toolbalancerarms-3arm.com\/wp-content\/uploads\/2024\/11\/MANIPULATOR-M3-1.png"},{"@type":"BreadcrumbList","@id":"https:\/\/toolbalancerarms-3arm.com\/de\/manipulatoren\/#breadcrumb","itemListElement":[{"@type":"ListItem","position":1,"name":"Home","item":"https:\/\/toolbalancerarms-3arm.com\/de\/"},{"@type":"ListItem","position":2,"name":"Manipulatoren"}]},{"@type":"WebSite","@id":"https:\/\/toolbalancerarms-3arm.com\/de\/#website","url":"https:\/\/toolbalancerarms-3arm.com\/de\/","name":"3ARM - Tool Balancers &amp; Manipulators Arms","description":"Tool Balancers &amp; Manipulators Arms","potentialAction":[{"@type":"SearchAction","target":{"@type":"EntryPoint","urlTemplate":"https:\/\/toolbalancerarms-3arm.com\/de\/?s={search_term_string}"},"query-input":{"@type":"PropertyValueSpecification","valueRequired":true,"valueName":"search_term_string"}}],"inLanguage":"de"}]}},"_links":{"self":[{"href":"https:\/\/toolbalancerarms-3arm.com\/de\/wp-json\/wp\/v2\/pages\/3348","targetHints":{"allow":["GET"]}}],"collection":[{"href":"https:\/\/toolbalancerarms-3arm.com\/de\/wp-json\/wp\/v2\/pages"}],"about":[{"href":"https:\/\/toolbalancerarms-3arm.com\/de\/wp-json\/wp\/v2\/types\/page"}],"author":[{"embeddable":true,"href":"https:\/\/toolbalancerarms-3arm.com\/de\/wp-json\/wp\/v2\/users\/1"}],"replies":[{"embeddable":true,"href":"https:\/\/toolbalancerarms-3arm.com\/de\/wp-json\/wp\/v2\/comments?post=3348"}],"version-history":[{"count":6,"href":"https:\/\/toolbalancerarms-3arm.com\/de\/wp-json\/wp\/v2\/pages\/3348\/revisions"}],"predecessor-version":[{"id":3777,"href":"https:\/\/toolbalancerarms-3arm.com\/de\/wp-json\/wp\/v2\/pages\/3348\/revisions\/3777"}],"wp:attachment":[{"href":"https:\/\/toolbalancerarms-3arm.com\/de\/wp-json\/wp\/v2\/media?parent=3348"}],"curies":[{"name":"wp","href":"https:\/\/api.w.org\/{rel}","templated":true}]}}