{"id":3368,"date":"2024-11-25T09:30:28","date_gmt":"2024-11-25T09:30:28","guid":{"rendered":"https:\/\/toolbalancerarms-3arm.com\/qualitaetspolitik\/"},"modified":"2025-06-17T11:03:02","modified_gmt":"2025-06-17T11:03:02","slug":"qualitaetspolitik","status":"publish","type":"page","link":"https:\/\/toolbalancerarms-3arm.com\/de\/qualitaetspolitik\/","title":{"rendered":"Qualit\u00e4tspolitik"},"content":{"rendered":"\t\t<div data-elementor-type=\"wp-page\" data-elementor-id=\"3368\" class=\"elementor elementor-3368 elementor-1050\" data-elementor-post-type=\"page\">\n\t\t\t\t<div class=\"elementor-element elementor-element-badd6a8 e-flex e-con-boxed e-con e-parent\" data-id=\"badd6a8\" data-element_type=\"container\" data-e-type=\"container\" data-settings=\"{&quot;background_background&quot;:&quot;classic&quot;}\">\n\t\t\t\t\t<div class=\"e-con-inner\">\n\t\t\t\t<div class=\"elementor-element elementor-element-812304c elementor-widget elementor-widget-heading\" data-id=\"812304c\" data-element_type=\"widget\" data-e-type=\"widget\" data-widget_type=\"heading.default\">\n\t\t\t\t<div class=\"elementor-widget-container\">\n\t\t\t\t\t<h2 class=\"elementor-heading-title elementor-size-default\">Qualit\u00e4tspolitik<\/h2>\t\t\t\t<\/div>\n\t\t\t\t<\/div>\n\t\t\t\t\t<\/div>\n\t\t\t\t<\/div>\n\t\t<div class=\"elementor-element elementor-element-c7e0dc4 e-flex e-con-boxed e-con e-parent\" data-id=\"c7e0dc4\" data-element_type=\"container\" data-e-type=\"container\">\n\t\t\t\t\t<div class=\"e-con-inner\">\n\t\t\t\t<div class=\"elementor-element elementor-element-f835750 elementor-widget elementor-widget-heading\" data-id=\"f835750\" data-element_type=\"widget\" data-e-type=\"widget\" data-widget_type=\"heading.default\">\n\t\t\t\t<div class=\"elementor-widget-container\">\n\t\t\t\t\t<h2 class=\"elementor-heading-title elementor-size-default\">Die Gesch\u00e4ftsleitung von Tecnospiro Machine Tool, S.L.,\nverpflichtet sich, die folgenden Punkte zu f\u00f6rdern und einzuhalten:<\/h2>\t\t\t\t<\/div>\n\t\t\t\t<\/div>\n\t\t\t\t<div class=\"elementor-element elementor-element-4716aab elementor-widget elementor-widget-text-editor\" data-id=\"4716aab\" data-element_type=\"widget\" data-e-type=\"widget\" data-widget_type=\"text-editor.default\">\n\t\t\t\t<div class=\"elementor-widget-container\">\n\t\t\t\t\t\t\t\t\t<ul><li>Erf\u00fcllung der Kundenbed\u00fcrfnisse: Alle Handlungen und Aktivit\u00e4ten der Mitarbeiter des Unternehmens m\u00fcssen auf diese wesentliche Aufgabe ausgerichtet sein, wobei auch neue, vom Markt noch nicht geforderte oder definierte Bed\u00fcrfnisse vorweggenommen werden.<\/li><li>Beziehung zu den KundenUnsere Kunden sind das Herzst\u00fcck unserer gesamten T\u00e4tigkeit. Unsere Beziehungen zu den Kunden m\u00fcssen auf den Grunds\u00e4tzen von Strenge, Professionalit\u00e4t und Ethik beruhen. <\/li><li>Produktqualit\u00e4t: Die vom Unternehmen hergestellten Produkte m\u00fcssen von der ersten Phase des Prozesses bis zur Endverpackung und Auslieferung alle angebotenen, vom Kunden gew\u00fcnschten und von den geltenden Vorschriften geforderten Spezifikationen erf\u00fcllen.<\/li><li>Einkauf und Lieferanten: Wir m\u00fcssen unsere Lieferanten \u00fcberwachen, um in der Zusammenarbeit mit ihnen das gleiche Qualit\u00e4ts- und Serviceniveau zu gew\u00e4hrleisten, das wir von unseren eigenen Prozessen erwarten.<\/li><li>Ausbildung des Personals: Diese sollte sich darauf konzentrieren, den tats\u00e4chlichen Bedarf des Unternehmens in all seinen Funktionsbereichen zu decken: Management, Produktion, Verwaltung, Verkauf, technisches B\u00fcro, und zur pers\u00f6nlichen und beruflichen Entwicklung aller beitragen.<\/li><li>Organisations- und Produktionssystem: Dieses muss den oben genannten Zielen entsprechen, d.h. wir m\u00fcssen unsere derzeitigen Prozesse beherrschen und konsolidieren und uns auf ihre st\u00e4ndige Verbesserung konzentrieren.<\/li><\/ul><ul><li>Design, Innovation und kontinuierliche Verbesserung: Das Unternehmen hat sich st\u00e4ndige Innovation und kontinuierliche Verbesserung als strategische Ziele gesetzt, um seinen Wettbewerbsvorteil zu erhalten.<\/li><li>Interne Kommunikation: Rechtzeitige und umfassende Weitergabe von Informationen auf allen Ebenen, um eine korrekte Koordinierung und Ausrichtung auf die gesetzten Ziele zu gew\u00e4hrleisten.<\/li><li>Arbeitsschutz und Umwelt: Das Unternehmen muss den Schutz und die Sicherheit aller Personen, die ihm angeh\u00f6ren, sowie der Umwelt, in der es t\u00e4tig ist, unter Einhaltung der geltenden Rechtsvorschriften gew\u00e4hrleisten.<\/li><li>ISO 9001-Zertifizierung: Gew\u00e4hrleistung der Einhaltung der im Qualit\u00e4tsmanagementsystem des Unternehmens festgelegten Verfahren, um externe Anerkennung zu erhalten, insbesondere von unseren Kunden und Lieferanten.<\/li><li>Strategie und Ziele:Unsere Strategie basiert auf der Erreichung einer globalen Pr\u00e4senz und eines kontinuierlichen Wachstums durch die F\u00fchrung unserer Produkte und permanente Innovation<\/li><\/ul>\t\t\t\t\t\t\t\t<\/div>\n\t\t\t\t<\/div>\n\t\t\t\t\t<\/div>\n\t\t\t\t<\/div>\n\t\t\t\t<\/div>\n\t\t","protected":false},"excerpt":{"rendered":"<p>Qualit\u00e4tspolitik Die Gesch\u00e4ftsleitung von Tecnospiro Machine Tool, S.L., verpflichtet sich, die folgenden Punkte zu f\u00f6rdern und einzuhalten: Erf\u00fcllung der Kundenbed\u00fcrfnisse: Alle Handlungen und Aktivit\u00e4ten der Mitarbeiter des Unternehmens m\u00fcssen auf diese wesentliche Aufgabe ausgerichtet sein, wobei auch neue, vom Markt noch nicht geforderte oder definierte Bed\u00fcrfnisse vorweggenommen werden. Beziehung zu den KundenUnsere Kunden sind das [&hellip;]<\/p>\n","protected":false},"author":1,"featured_media":0,"parent":0,"menu_order":0,"comment_status":"closed","ping_status":"closed","template":"elementor_header_footer","meta":{"footnotes":""},"class_list":["post-3368","page","type-page","status-publish","hentry"],"yoast_head":"<!-- This site is optimized with the Yoast SEO plugin v27.2 - https:\/\/yoast.com\/product\/yoast-seo-wordpress\/ -->\n<title>Qualit\u00e4tspolitik - 3ARM - Tool Balancers &amp; Manipulators Arms<\/title>\n<meta name=\"robots\" content=\"index, follow, max-snippet:-1, max-image-preview:large, max-video-preview:-1\" \/>\n<link rel=\"canonical\" href=\"https:\/\/toolbalancerarms-3arm.com\/de\/qualitaetspolitik\/\" \/>\n<meta property=\"og:locale\" content=\"de_DE\" \/>\n<meta property=\"og:type\" content=\"article\" \/>\n<meta property=\"og:title\" content=\"Qualit\u00e4tspolitik - 3ARM - Tool Balancers &amp; Manipulators Arms\" \/>\n<meta property=\"og:description\" content=\"Qualit\u00e4tspolitik Die Gesch\u00e4ftsleitung von Tecnospiro Machine Tool, S.L., verpflichtet sich, die folgenden Punkte zu f\u00f6rdern und einzuhalten: Erf\u00fcllung der Kundenbed\u00fcrfnisse: Alle Handlungen und Aktivit\u00e4ten der Mitarbeiter des Unternehmens m\u00fcssen auf diese wesentliche Aufgabe ausgerichtet sein, wobei auch neue, vom Markt noch nicht geforderte oder definierte Bed\u00fcrfnisse vorweggenommen werden. Beziehung zu den KundenUnsere Kunden sind das [&hellip;]\" \/>\n<meta property=\"og:url\" content=\"https:\/\/toolbalancerarms-3arm.com\/de\/qualitaetspolitik\/\" \/>\n<meta property=\"og:site_name\" content=\"3ARM - Tool Balancers &amp; Manipulators Arms\" \/>\n<meta property=\"article:modified_time\" content=\"2025-06-17T11:03:02+00:00\" \/>\n<meta name=\"twitter:card\" content=\"summary_large_image\" \/>\n<meta name=\"twitter:label1\" content=\"Gesch\u00e4tzte Lesezeit\" \/>\n\t<meta name=\"twitter:data1\" content=\"2\u00a0Minuten\" \/>\n<script type=\"application\/ld+json\" class=\"yoast-schema-graph\">{\"@context\":\"https:\/\/schema.org\",\"@graph\":[{\"@type\":\"WebPage\",\"@id\":\"https:\/\/toolbalancerarms-3arm.com\/de\/qualitaetspolitik\/\",\"url\":\"https:\/\/toolbalancerarms-3arm.com\/de\/qualitaetspolitik\/\",\"name\":\"Qualit\u00e4tspolitik - 3ARM - Tool Balancers &amp; Manipulators Arms\",\"isPartOf\":{\"@id\":\"https:\/\/toolbalancerarms-3arm.com\/de\/#website\"},\"datePublished\":\"2024-11-25T09:30:28+00:00\",\"dateModified\":\"2025-06-17T11:03:02+00:00\",\"breadcrumb\":{\"@id\":\"https:\/\/toolbalancerarms-3arm.com\/de\/qualitaetspolitik\/#breadcrumb\"},\"inLanguage\":\"de\",\"potentialAction\":[{\"@type\":\"ReadAction\",\"target\":[\"https:\/\/toolbalancerarms-3arm.com\/de\/qualitaetspolitik\/\"]}]},{\"@type\":\"BreadcrumbList\",\"@id\":\"https:\/\/toolbalancerarms-3arm.com\/de\/qualitaetspolitik\/#breadcrumb\",\"itemListElement\":[{\"@type\":\"ListItem\",\"position\":1,\"name\":\"Home\",\"item\":\"https:\/\/toolbalancerarms-3arm.com\/de\/\"},{\"@type\":\"ListItem\",\"position\":2,\"name\":\"Qualit\u00e4tspolitik\"}]},{\"@type\":\"WebSite\",\"@id\":\"https:\/\/toolbalancerarms-3arm.com\/de\/#website\",\"url\":\"https:\/\/toolbalancerarms-3arm.com\/de\/\",\"name\":\"3ARM - Tool Balancers &amp; Manipulators Arms\",\"description\":\"Tool Balancers &amp; Manipulators Arms\",\"potentialAction\":[{\"@type\":\"SearchAction\",\"target\":{\"@type\":\"EntryPoint\",\"urlTemplate\":\"https:\/\/toolbalancerarms-3arm.com\/de\/?s={search_term_string}\"},\"query-input\":{\"@type\":\"PropertyValueSpecification\",\"valueRequired\":true,\"valueName\":\"search_term_string\"}}],\"inLanguage\":\"de\"}]}<\/script>\n<!-- \/ Yoast SEO plugin. -->","yoast_head_json":{"title":"Qualit\u00e4tspolitik - 3ARM - Tool Balancers &amp; Manipulators Arms","robots":{"index":"index","follow":"follow","max-snippet":"max-snippet:-1","max-image-preview":"max-image-preview:large","max-video-preview":"max-video-preview:-1"},"canonical":"https:\/\/toolbalancerarms-3arm.com\/de\/qualitaetspolitik\/","og_locale":"de_DE","og_type":"article","og_title":"Qualit\u00e4tspolitik - 3ARM - Tool Balancers &amp; Manipulators Arms","og_description":"Qualit\u00e4tspolitik Die Gesch\u00e4ftsleitung von Tecnospiro Machine Tool, S.L., verpflichtet sich, die folgenden Punkte zu f\u00f6rdern und einzuhalten: Erf\u00fcllung der Kundenbed\u00fcrfnisse: Alle Handlungen und Aktivit\u00e4ten der Mitarbeiter des Unternehmens m\u00fcssen auf diese wesentliche Aufgabe ausgerichtet sein, wobei auch neue, vom Markt noch nicht geforderte oder definierte Bed\u00fcrfnisse vorweggenommen werden. Beziehung zu den KundenUnsere Kunden sind das [&hellip;]","og_url":"https:\/\/toolbalancerarms-3arm.com\/de\/qualitaetspolitik\/","og_site_name":"3ARM - Tool Balancers &amp; Manipulators Arms","article_modified_time":"2025-06-17T11:03:02+00:00","twitter_card":"summary_large_image","twitter_misc":{"Gesch\u00e4tzte Lesezeit":"2\u00a0Minuten"},"schema":{"@context":"https:\/\/schema.org","@graph":[{"@type":"WebPage","@id":"https:\/\/toolbalancerarms-3arm.com\/de\/qualitaetspolitik\/","url":"https:\/\/toolbalancerarms-3arm.com\/de\/qualitaetspolitik\/","name":"Qualit\u00e4tspolitik - 3ARM - Tool Balancers &amp; Manipulators Arms","isPartOf":{"@id":"https:\/\/toolbalancerarms-3arm.com\/de\/#website"},"datePublished":"2024-11-25T09:30:28+00:00","dateModified":"2025-06-17T11:03:02+00:00","breadcrumb":{"@id":"https:\/\/toolbalancerarms-3arm.com\/de\/qualitaetspolitik\/#breadcrumb"},"inLanguage":"de","potentialAction":[{"@type":"ReadAction","target":["https:\/\/toolbalancerarms-3arm.com\/de\/qualitaetspolitik\/"]}]},{"@type":"BreadcrumbList","@id":"https:\/\/toolbalancerarms-3arm.com\/de\/qualitaetspolitik\/#breadcrumb","itemListElement":[{"@type":"ListItem","position":1,"name":"Home","item":"https:\/\/toolbalancerarms-3arm.com\/de\/"},{"@type":"ListItem","position":2,"name":"Qualit\u00e4tspolitik"}]},{"@type":"WebSite","@id":"https:\/\/toolbalancerarms-3arm.com\/de\/#website","url":"https:\/\/toolbalancerarms-3arm.com\/de\/","name":"3ARM - Tool Balancers &amp; Manipulators Arms","description":"Tool Balancers &amp; Manipulators Arms","potentialAction":[{"@type":"SearchAction","target":{"@type":"EntryPoint","urlTemplate":"https:\/\/toolbalancerarms-3arm.com\/de\/?s={search_term_string}"},"query-input":{"@type":"PropertyValueSpecification","valueRequired":true,"valueName":"search_term_string"}}],"inLanguage":"de"}]}},"_links":{"self":[{"href":"https:\/\/toolbalancerarms-3arm.com\/de\/wp-json\/wp\/v2\/pages\/3368","targetHints":{"allow":["GET"]}}],"collection":[{"href":"https:\/\/toolbalancerarms-3arm.com\/de\/wp-json\/wp\/v2\/pages"}],"about":[{"href":"https:\/\/toolbalancerarms-3arm.com\/de\/wp-json\/wp\/v2\/types\/page"}],"author":[{"embeddable":true,"href":"https:\/\/toolbalancerarms-3arm.com\/de\/wp-json\/wp\/v2\/users\/1"}],"replies":[{"embeddable":true,"href":"https:\/\/toolbalancerarms-3arm.com\/de\/wp-json\/wp\/v2\/comments?post=3368"}],"version-history":[{"count":1,"href":"https:\/\/toolbalancerarms-3arm.com\/de\/wp-json\/wp\/v2\/pages\/3368\/revisions"}],"predecessor-version":[{"id":3369,"href":"https:\/\/toolbalancerarms-3arm.com\/de\/wp-json\/wp\/v2\/pages\/3368\/revisions\/3369"}],"wp:attachment":[{"href":"https:\/\/toolbalancerarms-3arm.com\/de\/wp-json\/wp\/v2\/media?parent=3368"}],"curies":[{"name":"wp","href":"https:\/\/api.w.org\/{rel}","templated":true}]}}