{"id":3370,"date":"2024-11-25T09:21:00","date_gmt":"2024-11-25T09:21:00","guid":{"rendered":"https:\/\/toolbalancerarms-3arm.com\/datenschutzbestimmungen\/"},"modified":"2025-06-18T11:04:59","modified_gmt":"2025-06-18T11:04:59","slug":"datenschutzbestimmungen","status":"publish","type":"page","link":"https:\/\/toolbalancerarms-3arm.com\/de\/datenschutzbestimmungen\/","title":{"rendered":"Datenschutzbestimmungen"},"content":{"rendered":"\t\t<div data-elementor-type=\"wp-page\" data-elementor-id=\"3370\" class=\"elementor elementor-3370 elementor-1021\" data-elementor-post-type=\"page\">\n\t\t\t\t<div class=\"elementor-element elementor-element-badd6a8 e-flex e-con-boxed e-con e-parent\" data-id=\"badd6a8\" data-element_type=\"container\" data-e-type=\"container\" data-settings=\"{&quot;background_background&quot;:&quot;classic&quot;}\">\n\t\t\t\t\t<div class=\"e-con-inner\">\n\t\t\t\t<div class=\"elementor-element elementor-element-812304c elementor-widget elementor-widget-heading\" data-id=\"812304c\" data-element_type=\"widget\" data-e-type=\"widget\" data-widget_type=\"heading.default\">\n\t\t\t\t<div class=\"elementor-widget-container\">\n\t\t\t\t\t<h2 class=\"elementor-heading-title elementor-size-default\">Datenschutzbestimmungen<\/h2>\t\t\t\t<\/div>\n\t\t\t\t<\/div>\n\t\t\t\t\t<\/div>\n\t\t\t\t<\/div>\n\t\t<div class=\"elementor-element elementor-element-c7e0dc4 e-flex e-con-boxed e-con e-parent\" data-id=\"c7e0dc4\" data-element_type=\"container\" data-e-type=\"container\">\n\t\t\t\t\t<div class=\"e-con-inner\">\n\t\t\t\t<div class=\"elementor-element elementor-element-f835750 elementor-widget elementor-widget-heading\" data-id=\"f835750\" data-element_type=\"widget\" data-e-type=\"widget\" data-widget_type=\"heading.default\">\n\t\t\t\t<div class=\"elementor-widget-container\">\n\t\t\t\t\t<h2 class=\"elementor-heading-title elementor-size-default\">1. Benutzerinformationen<\/h2>\t\t\t\t<\/div>\n\t\t\t\t<\/div>\n\t\t\t\t<div class=\"elementor-element elementor-element-4716aab elementor-widget elementor-widget-text-editor\" data-id=\"4716aab\" data-element_type=\"widget\" data-e-type=\"widget\" data-widget_type=\"text-editor.default\">\n\t\t\t\t<div class=\"elementor-widget-container\">\n\t\t\t\t\t\t\t\t\t<h3>Wer ist f\u00fcr die Verarbeitung Ihrer personenbezogenen Daten verantwortlich?<\/h3><p>TECNOSPIRO MACHINE TOOL SL ist VERANTWORTLICH f\u00fcr die Verarbeitung der personenbezogenen Daten des BENUTZERS und informiert Sie, dass diese Daten gem\u00e4\u00df den Bestimmungen der Verordnung (EU) 2016\/679 vom 27. April (GDPR) und dem Organgesetz 3\/2018 vom 5. Dezember (LOPDGDD) verarbeitet werden.<\/p><p> <\/p><h3>Wozu verarbeiten wir Ihre personenbezogenen Daten und warum tun wir das?<\/h3><p>Je nach der Form, in der wir Ihre pers\u00f6nlichen Daten erhalten haben, werden wir sie vertraulich behandeln, um die folgenden Zwecke zu erreichen:<\/p><p>Im Formular Kontakt<\/p><p>Zur Beantwortung von Anfragen oder Anfragen jeglicher Art, die vom Nutzer \u00fcber eines der auf der Website des f\u00fcr die Verarbeitung Verantwortlichen zur Verf\u00fcgung gestellten Kontaktformulare gestellt werden (im berechtigten Interesse des f\u00fcr die Verarbeitung Verantwortlichen, Art. 6.1.f GDPR).<br>Versenden von kommerziellen Werbemitteilungen per E-Mail, Fax, SMS, MMS, soziale Netzwerke oder andere gegenw\u00e4rtige oder zuk\u00fcnftige elektronische oder physische Mittel, die kommerzielle Mitteilungen erm\u00f6glichen. Diese Mitteilungen werden von der verantwortlichen Partei erstellt und beziehen sich auf ihre Produkte und Dienstleistungen oder auf die ihrer Mitarbeiter oder Lieferanten, mit denen sie eine Werbevereinbarung getroffen hat. In diesem Fall haben Dritte niemals Zugang zu personenbezogenen Daten (mit Zustimmung der betroffenen Person, 6.1.a GDPR).  <br>Zur Durchf\u00fchrung von statistischen Analysen und Marktforschung (im berechtigten Interesse des f\u00fcr die Verarbeitung Verantwortlichen, Art. 6.1.f GDPR).<\/p><p> <\/p><h3>Wie lange werden wir Ihre personenbezogenen Daten aufbewahren?<\/h3><p>Sie werden nur so lange aufbewahrt, wie es f\u00fcr die Aufrechterhaltung des Zwecks der Verarbeitung erforderlich ist, oder es gibt gesetzliche Vorschriften, die ihre Aufbewahrung vorschreiben, und wenn sie f\u00fcr diesen Zweck nicht mehr erforderlich sind, werden sie mit geeigneten Sicherheitsma\u00dfnahmen gel\u00f6scht, um die Anonymisierung der Daten oder die vollst\u00e4ndige Vernichtung der Daten zu gew\u00e4hrleisten.<\/p><p> <\/p><h3>An wen geben wir Ihre personenbezogenen Daten weiter?<\/h3><p>Eine Weitergabe personenbezogener Daten an Dritte ist nicht vorgesehen, es sei denn, dies ist f\u00fcr die Entwicklung und Ausf\u00fchrung der Zwecke der Verarbeitung erforderlich, und zwar an unsere Dienstleister im Zusammenhang mit der Kommunikation, mit denen der VERANTWORTLICHE<br>die von den geltenden Datenschutzvorschriften vorgeschriebenen Vertraulichkeits- und Datenverarbeitungsvertr\u00e4ge unterzeichnet hat.<\/p><p> <\/p><h3>Welche Rechte haben Sie?<\/h3><p>Die Rechte des BENUTZERS sind:<\/p><p>Recht auf jederzeitigen Widerruf der Einwilligung.<br>Recht auf Zugang, Berichtigung, \u00dcbertragbarkeit und L\u00f6schung Ihrer Daten sowie auf Einschr\u00e4nkung oder Widerspruch gegen die Verarbeitung.<br>Recht auf Beschwerde bei der Aufsichtsbeh\u00f6rde (www.aepd.es), wenn er\/sie der Ansicht ist, dass die Verarbeitung nicht den geltenden Vorschriften entspricht.<\/p><p> <\/p><h3>Kontaktdaten zur Aus\u00fcbung Ihrer Rechte:<\/h3><p>TECNOSPIRO MACHINE TOOL SL. P.I. PLA DELS VINYATS I, S\/N, I &#8211; 08250 SANT JOAN DE VILATORRADA (Barcelona). E-mail: gemma.colet@spiroide.com; pilar.martin@spiroide.com  <\/p><p>\u00dcbersetzt mit DeepL.com (kostenlose Version)<\/p>\t\t\t\t\t\t\t\t<\/div>\n\t\t\t\t<\/div>\n\t\t\t\t\t<\/div>\n\t\t\t\t<\/div>\n\t\t<div class=\"elementor-element elementor-element-89c8049 e-flex e-con-boxed e-con e-parent\" data-id=\"89c8049\" data-element_type=\"container\" data-e-type=\"container\">\n\t\t\t\t\t<div class=\"e-con-inner\">\n\t\t\t\t<div class=\"elementor-element elementor-element-3b18033 elementor-widget elementor-widget-heading\" data-id=\"3b18033\" data-element_type=\"widget\" data-e-type=\"widget\" data-widget_type=\"heading.default\">\n\t\t\t\t<div class=\"elementor-widget-container\">\n\t\t\t\t\t<h2 class=\"elementor-heading-title elementor-size-default\">2. Obligatorischer oder fakultativer Charakter der vom Nutzer bereitgestellten Informationen<\/h2>\t\t\t\t<\/div>\n\t\t\t\t<\/div>\n\t\t\t\t<div class=\"elementor-element elementor-element-5b73c1d elementor-widget elementor-widget-text-editor\" data-id=\"5b73c1d\" data-element_type=\"widget\" data-e-type=\"widget\" data-widget_type=\"text-editor.default\">\n\t\t\t\t<div class=\"elementor-widget-container\">\n\t\t\t\t\t\t\t\t\t<p>Der BENUTZER akzeptiert durch Ankreuzen der entsprechenden K\u00e4stchen und Eingabe von Daten in die mit einem Sternchen (*) gekennzeichneten Felder im Kontaktformular oder in den Download-Formularen ausdr\u00fccklich und frei und unmissverst\u00e4ndlich, dass seine Daten f\u00fcr die Bearbeitung seiner Anfrage durch den Anbieter erforderlich sind, wobei die Angabe von Daten in den \u00fcbrigen Feldern freiwillig ist. Der BENUTZER garantiert, dass die dem VERANTWORTLICHEN zur Verf\u00fcgung gestellten pers\u00f6nlichen Daten wahrheitsgem\u00e4\u00df sind und ist daf\u00fcr verantwortlich, etwaige \u00c4nderungen dieser Daten mitzuteilen. <\/p><p>Der VERANTWORTLICHE informiert, dass alle \u00fcber die Website angeforderten Daten obligatorisch sind, da sie f\u00fcr die Bereitstellung eines optimalen Service f\u00fcr den BENUTZER erforderlich sind. Falls nicht alle Daten zur Verf\u00fcgung gestellt werden, kann nicht garantiert werden, dass die bereitgestellten Informationen und Dienstleistungen vollst\u00e4ndig korrekt sind.<br>garantiert nicht, dass die bereitgestellten Dienstleistungen vollst\u00e4ndig an Ihre Bed\u00fcrfnisse angepasst sind. <\/p><p>\u00dcbersetzt mit DeepL.com (kostenlose Version)<\/p>\t\t\t\t\t\t\t\t<\/div>\n\t\t\t\t<\/div>\n\t\t\t\t\t<\/div>\n\t\t\t\t<\/div>\n\t\t<div class=\"elementor-element elementor-element-c541f88 e-flex e-con-boxed e-con e-parent\" data-id=\"c541f88\" data-element_type=\"container\" data-e-type=\"container\">\n\t\t\t\t\t<div class=\"e-con-inner\">\n\t\t\t\t<div class=\"elementor-element elementor-element-a7246a4 elementor-widget elementor-widget-heading\" data-id=\"a7246a4\" data-element_type=\"widget\" data-e-type=\"widget\" data-widget_type=\"heading.default\">\n\t\t\t\t<div class=\"elementor-widget-container\">\n\t\t\t\t\t<h2 class=\"elementor-heading-title elementor-size-default\">3. Sicherheitsma\u00dfnahmen<\/h2>\t\t\t\t<\/div>\n\t\t\t\t<\/div>\n\t\t\t\t<div class=\"elementor-element elementor-element-80554bc elementor-widget elementor-widget-text-editor\" data-id=\"80554bc\" data-element_type=\"widget\" data-e-type=\"widget\" data-widget_type=\"text-editor.default\">\n\t\t\t\t<div class=\"elementor-widget-container\">\n\t\t\t\t\t\t\t\t\t<p>dass der VERANTWORTLICHE in \u00dcbereinstimmung mit den geltenden Vorschriften zum Schutz personenbezogener Daten alle Bestimmungen der DSGVO und der LOPDGDD f\u00fcr die Verarbeitung personenbezogener Daten unter seiner Verantwortung einh\u00e4lt und offensichtlich die in Artikel 5 der DSGVO beschriebenen Grunds\u00e4tze einh\u00e4lt, wonach die Daten auf rechtm\u00e4\u00dfige, faire und transparente Weise in Bezug auf die betroffene Person sowie angemessen, sachdienlich und auf das f\u00fcr die Zwecke, f\u00fcr die sie verarbeitet werden, erforderliche Ma\u00df beschr\u00e4nkt verarbeitet werden.<br>rechtm\u00e4\u00dfig, nach Treu und Glauben und in Bezug auf die betroffene Person transparent sowie angemessen, sachdienlich und auf das f\u00fcr die Zwecke, f\u00fcr die sie verarbeitet werden, erforderliche Ma\u00df beschr\u00e4nkt sein.<\/p><p>Der VERANTWORTLICHE garantiert, dass er geeignete technische und organisatorische Ma\u00dfnahmen ergriffen hat, um die von der DSGVO und der LOPDGDD festgelegten Sicherheitsma\u00dfnahmen anzuwenden, um die Rechte und Freiheiten der BENUTZER zu sch\u00fctzen, und dass er ihnen die entsprechenden Informationen mitgeteilt hat, damit sie diese aus\u00fcben k\u00f6nnen.<\/p><p>F\u00fcr weitere Informationen \u00fcber Datenschutzgarantien k\u00f6nnen Sie den VERANTWORTLICHEN \u00fcber TECNOSPIRO MACHINE TOOL SL kontaktieren. P.I. PLA DELS VINYATS I, S\/N, I &#8211; 08250 SANT JOAN DE VILATORRADA (Barcelona). E-Mail: gemma.colet@spiroide.com; pilar.martin@spiroide.com  <\/p>\t\t\t\t\t\t\t\t<\/div>\n\t\t\t\t<\/div>\n\t\t\t\t\t<\/div>\n\t\t\t\t<\/div>\n\t\t\t\t<\/div>\n\t\t","protected":false},"excerpt":{"rendered":"<p>Datenschutzbestimmungen 1. Benutzerinformationen Wer ist f\u00fcr die Verarbeitung Ihrer personenbezogenen Daten verantwortlich? TECNOSPIRO MACHINE TOOL SL ist VERANTWORTLICH f\u00fcr die Verarbeitung der personenbezogenen Daten des BENUTZERS und informiert Sie, dass diese Daten gem\u00e4\u00df den Bestimmungen der Verordnung (EU) 2016\/679 vom 27. April (GDPR) und dem Organgesetz 3\/2018 vom 5. Dezember (LOPDGDD) verarbeitet werden. Wozu verarbeiten [&hellip;]<\/p>\n","protected":false},"author":1,"featured_media":0,"parent":0,"menu_order":0,"comment_status":"closed","ping_status":"closed","template":"elementor_header_footer","meta":{"footnotes":""},"class_list":["post-3370","page","type-page","status-publish","hentry"],"yoast_head":"<!-- This site is optimized with the Yoast SEO plugin v27.2 - https:\/\/yoast.com\/product\/yoast-seo-wordpress\/ -->\n<title>Datenschutzbestimmungen - 3ARM - Tool Balancers &amp; Manipulators Arms<\/title>\n<meta name=\"robots\" content=\"index, follow, max-snippet:-1, max-image-preview:large, max-video-preview:-1\" \/>\n<link rel=\"canonical\" href=\"https:\/\/toolbalancerarms-3arm.com\/de\/datenschutzbestimmungen\/\" \/>\n<meta property=\"og:locale\" content=\"de_DE\" \/>\n<meta property=\"og:type\" content=\"article\" \/>\n<meta property=\"og:title\" content=\"Datenschutzbestimmungen - 3ARM - Tool Balancers &amp; Manipulators Arms\" \/>\n<meta property=\"og:description\" content=\"Datenschutzbestimmungen 1. Benutzerinformationen Wer ist f\u00fcr die Verarbeitung Ihrer personenbezogenen Daten verantwortlich? TECNOSPIRO MACHINE TOOL SL ist VERANTWORTLICH f\u00fcr die Verarbeitung der personenbezogenen Daten des BENUTZERS und informiert Sie, dass diese Daten gem\u00e4\u00df den Bestimmungen der Verordnung (EU) 2016\/679 vom 27. April (GDPR) und dem Organgesetz 3\/2018 vom 5. Dezember (LOPDGDD) verarbeitet werden. Wozu verarbeiten [&hellip;]\" \/>\n<meta property=\"og:url\" content=\"https:\/\/toolbalancerarms-3arm.com\/de\/datenschutzbestimmungen\/\" \/>\n<meta property=\"og:site_name\" content=\"3ARM - Tool Balancers &amp; Manipulators Arms\" \/>\n<meta property=\"article:modified_time\" content=\"2025-06-18T11:04:59+00:00\" \/>\n<meta name=\"twitter:card\" content=\"summary_large_image\" \/>\n<meta name=\"twitter:label1\" content=\"Gesch\u00e4tzte Lesezeit\" \/>\n\t<meta name=\"twitter:data1\" content=\"4\u00a0Minuten\" \/>\n<script type=\"application\/ld+json\" class=\"yoast-schema-graph\">{\"@context\":\"https:\/\/schema.org\",\"@graph\":[{\"@type\":\"WebPage\",\"@id\":\"https:\/\/toolbalancerarms-3arm.com\/de\/datenschutzbestimmungen\/\",\"url\":\"https:\/\/toolbalancerarms-3arm.com\/de\/datenschutzbestimmungen\/\",\"name\":\"Datenschutzbestimmungen - 3ARM - Tool Balancers &amp; Manipulators Arms\",\"isPartOf\":{\"@id\":\"https:\/\/toolbalancerarms-3arm.com\/de\/#website\"},\"datePublished\":\"2024-11-25T09:21:00+00:00\",\"dateModified\":\"2025-06-18T11:04:59+00:00\",\"breadcrumb\":{\"@id\":\"https:\/\/toolbalancerarms-3arm.com\/de\/datenschutzbestimmungen\/#breadcrumb\"},\"inLanguage\":\"de\",\"potentialAction\":[{\"@type\":\"ReadAction\",\"target\":[\"https:\/\/toolbalancerarms-3arm.com\/de\/datenschutzbestimmungen\/\"]}]},{\"@type\":\"BreadcrumbList\",\"@id\":\"https:\/\/toolbalancerarms-3arm.com\/de\/datenschutzbestimmungen\/#breadcrumb\",\"itemListElement\":[{\"@type\":\"ListItem\",\"position\":1,\"name\":\"Home\",\"item\":\"https:\/\/toolbalancerarms-3arm.com\/de\/\"},{\"@type\":\"ListItem\",\"position\":2,\"name\":\"Datenschutzbestimmungen\"}]},{\"@type\":\"WebSite\",\"@id\":\"https:\/\/toolbalancerarms-3arm.com\/de\/#website\",\"url\":\"https:\/\/toolbalancerarms-3arm.com\/de\/\",\"name\":\"3ARM - Tool Balancers &amp; Manipulators Arms\",\"description\":\"Tool Balancers &amp; Manipulators Arms\",\"potentialAction\":[{\"@type\":\"SearchAction\",\"target\":{\"@type\":\"EntryPoint\",\"urlTemplate\":\"https:\/\/toolbalancerarms-3arm.com\/de\/?s={search_term_string}\"},\"query-input\":{\"@type\":\"PropertyValueSpecification\",\"valueRequired\":true,\"valueName\":\"search_term_string\"}}],\"inLanguage\":\"de\"}]}<\/script>\n<!-- \/ Yoast SEO plugin. -->","yoast_head_json":{"title":"Datenschutzbestimmungen - 3ARM - Tool Balancers &amp; Manipulators Arms","robots":{"index":"index","follow":"follow","max-snippet":"max-snippet:-1","max-image-preview":"max-image-preview:large","max-video-preview":"max-video-preview:-1"},"canonical":"https:\/\/toolbalancerarms-3arm.com\/de\/datenschutzbestimmungen\/","og_locale":"de_DE","og_type":"article","og_title":"Datenschutzbestimmungen - 3ARM - Tool Balancers &amp; Manipulators Arms","og_description":"Datenschutzbestimmungen 1. Benutzerinformationen Wer ist f\u00fcr die Verarbeitung Ihrer personenbezogenen Daten verantwortlich? TECNOSPIRO MACHINE TOOL SL ist VERANTWORTLICH f\u00fcr die Verarbeitung der personenbezogenen Daten des BENUTZERS und informiert Sie, dass diese Daten gem\u00e4\u00df den Bestimmungen der Verordnung (EU) 2016\/679 vom 27. April (GDPR) und dem Organgesetz 3\/2018 vom 5. Dezember (LOPDGDD) verarbeitet werden. Wozu verarbeiten [&hellip;]","og_url":"https:\/\/toolbalancerarms-3arm.com\/de\/datenschutzbestimmungen\/","og_site_name":"3ARM - Tool Balancers &amp; Manipulators Arms","article_modified_time":"2025-06-18T11:04:59+00:00","twitter_card":"summary_large_image","twitter_misc":{"Gesch\u00e4tzte Lesezeit":"4\u00a0Minuten"},"schema":{"@context":"https:\/\/schema.org","@graph":[{"@type":"WebPage","@id":"https:\/\/toolbalancerarms-3arm.com\/de\/datenschutzbestimmungen\/","url":"https:\/\/toolbalancerarms-3arm.com\/de\/datenschutzbestimmungen\/","name":"Datenschutzbestimmungen - 3ARM - Tool Balancers &amp; Manipulators Arms","isPartOf":{"@id":"https:\/\/toolbalancerarms-3arm.com\/de\/#website"},"datePublished":"2024-11-25T09:21:00+00:00","dateModified":"2025-06-18T11:04:59+00:00","breadcrumb":{"@id":"https:\/\/toolbalancerarms-3arm.com\/de\/datenschutzbestimmungen\/#breadcrumb"},"inLanguage":"de","potentialAction":[{"@type":"ReadAction","target":["https:\/\/toolbalancerarms-3arm.com\/de\/datenschutzbestimmungen\/"]}]},{"@type":"BreadcrumbList","@id":"https:\/\/toolbalancerarms-3arm.com\/de\/datenschutzbestimmungen\/#breadcrumb","itemListElement":[{"@type":"ListItem","position":1,"name":"Home","item":"https:\/\/toolbalancerarms-3arm.com\/de\/"},{"@type":"ListItem","position":2,"name":"Datenschutzbestimmungen"}]},{"@type":"WebSite","@id":"https:\/\/toolbalancerarms-3arm.com\/de\/#website","url":"https:\/\/toolbalancerarms-3arm.com\/de\/","name":"3ARM - Tool Balancers &amp; Manipulators Arms","description":"Tool Balancers &amp; Manipulators Arms","potentialAction":[{"@type":"SearchAction","target":{"@type":"EntryPoint","urlTemplate":"https:\/\/toolbalancerarms-3arm.com\/de\/?s={search_term_string}"},"query-input":{"@type":"PropertyValueSpecification","valueRequired":true,"valueName":"search_term_string"}}],"inLanguage":"de"}]}},"_links":{"self":[{"href":"https:\/\/toolbalancerarms-3arm.com\/de\/wp-json\/wp\/v2\/pages\/3370","targetHints":{"allow":["GET"]}}],"collection":[{"href":"https:\/\/toolbalancerarms-3arm.com\/de\/wp-json\/wp\/v2\/pages"}],"about":[{"href":"https:\/\/toolbalancerarms-3arm.com\/de\/wp-json\/wp\/v2\/types\/page"}],"author":[{"embeddable":true,"href":"https:\/\/toolbalancerarms-3arm.com\/de\/wp-json\/wp\/v2\/users\/1"}],"replies":[{"embeddable":true,"href":"https:\/\/toolbalancerarms-3arm.com\/de\/wp-json\/wp\/v2\/comments?post=3370"}],"version-history":[{"count":1,"href":"https:\/\/toolbalancerarms-3arm.com\/de\/wp-json\/wp\/v2\/pages\/3370\/revisions"}],"predecessor-version":[{"id":3371,"href":"https:\/\/toolbalancerarms-3arm.com\/de\/wp-json\/wp\/v2\/pages\/3370\/revisions\/3371"}],"wp:attachment":[{"href":"https:\/\/toolbalancerarms-3arm.com\/de\/wp-json\/wp\/v2\/media?parent=3370"}],"curies":[{"name":"wp","href":"https:\/\/api.w.org\/{rel}","templated":true}]}}