{"id":2510,"date":"2024-11-21T11:11:52","date_gmt":"2024-11-21T11:11:52","guid":{"rendered":"https:\/\/toolbalancerarms-3arm.com\/sobre-3arm\/"},"modified":"2025-12-17T11:17:21","modified_gmt":"2025-12-17T11:17:21","slug":"sobre-3arm","status":"publish","type":"page","link":"https:\/\/toolbalancerarms-3arm.com\/es\/sobre-3arm\/","title":{"rendered":"Sobre 3arm"},"content":{"rendered":"\t\t<div data-elementor-type=\"wp-page\" data-elementor-id=\"2510\" class=\"elementor elementor-2510 elementor-30\" data-elementor-post-type=\"page\">\n\t\t\t\t<div class=\"elementor-element elementor-element-87bcc61 e-flex e-con-boxed e-con e-parent\" data-id=\"87bcc61\" data-element_type=\"container\" data-e-type=\"container\" data-settings=\"{&quot;background_background&quot;:&quot;classic&quot;}\">\n\t\t\t\t\t<div class=\"e-con-inner\">\n\t\t\t\t<div class=\"elementor-element elementor-element-97ff8ae elementor-widget elementor-widget-heading\" data-id=\"97ff8ae\" data-element_type=\"widget\" data-e-type=\"widget\" data-widget_type=\"heading.default\">\n\t\t\t\t<div class=\"elementor-widget-container\">\n\t\t\t\t\t<h1 class=\"elementor-heading-title elementor-size-default\">Sobre 3arm<\/h1>\t\t\t\t<\/div>\n\t\t\t\t<\/div>\n\t\t\t\t\t<\/div>\n\t\t\t\t<\/div>\n\t\t<div class=\"elementor-element elementor-element-3a02177 e-flex e-con-boxed e-con e-parent\" data-id=\"3a02177\" data-element_type=\"container\" data-e-type=\"container\" data-settings=\"{&quot;background_background&quot;:&quot;classic&quot;}\">\n\t\t\t\t\t<div class=\"e-con-inner\">\n\t\t\t\t<div class=\"elementor-element elementor-element-219cd9b elementor-widget elementor-widget-image\" data-id=\"219cd9b\" data-element_type=\"widget\" data-e-type=\"widget\" data-widget_type=\"image.default\">\n\t\t\t\t<div class=\"elementor-widget-container\">\n\t\t\t\t\t\t\t\t\t\t\t\t\t\t\t<img fetchpriority=\"high\" decoding=\"async\" width=\"800\" height=\"415\" src=\"https:\/\/toolbalancerarms-3arm.com\/wp-content\/uploads\/2024\/11\/about1-1024x531.jpg\" class=\"attachment-large size-large wp-image-2055\" alt=\"\" srcset=\"https:\/\/toolbalancerarms-3arm.com\/wp-content\/uploads\/2024\/11\/about1-1024x531.jpg 1024w, https:\/\/toolbalancerarms-3arm.com\/wp-content\/uploads\/2024\/11\/about1-300x156.jpg 300w, https:\/\/toolbalancerarms-3arm.com\/wp-content\/uploads\/2024\/11\/about1-768x398.jpg 768w, https:\/\/toolbalancerarms-3arm.com\/wp-content\/uploads\/2024\/11\/about1.jpg 1200w\" sizes=\"(max-width: 800px) 100vw, 800px\" \/>\t\t\t\t\t\t\t\t\t\t\t\t\t\t\t<\/div>\n\t\t\t\t<\/div>\n\t\t\t\t\t<\/div>\n\t\t\t\t<\/div>\n\t\t<div class=\"elementor-element elementor-element-08f45df e-flex e-con-boxed e-con e-parent\" data-id=\"08f45df\" data-element_type=\"container\" data-e-type=\"container\">\n\t\t\t\t\t<div class=\"e-con-inner\">\n\t\t<div class=\"elementor-element elementor-element-d3f66e8 e-con-full e-flex e-con e-child\" data-id=\"d3f66e8\" data-element_type=\"container\" data-e-type=\"container\">\n\t\t\t\t<div class=\"elementor-element elementor-element-6a7d606 elementor-widget elementor-widget-heading\" data-id=\"6a7d606\" data-element_type=\"widget\" data-e-type=\"widget\" data-widget_type=\"heading.default\">\n\t\t\t\t<div class=\"elementor-widget-container\">\n\t\t\t\t\t<h2 class=\"elementor-heading-title elementor-size-default\">TECNOSPIRO MACHINE TOOL S.L.U.<\/h2>\t\t\t\t<\/div>\n\t\t\t\t<\/div>\n\t\t\t\t<div class=\"elementor-element elementor-element-84a7b83 elementor-widget elementor-widget-text-editor\" data-id=\"84a7b83\" data-element_type=\"widget\" data-e-type=\"widget\" data-widget_type=\"text-editor.default\">\n\t\t\t\t<div class=\"elementor-widget-container\">\n\t\t\t\t\t\t\t\t\t<p><strong>TECNOSPIRO MACHINE TOOL S.L.U.<\/strong> fue fundada en 1987, fabricando la primera roscadora <strong>Roscamat\u00ae<\/strong> para satisfacer las propias necesidades de producci\u00f3n de <strong>Spiroide <\/strong>(Fabricante de Engranaje) parte del <strong>Grupo de Empresas Spirogear Group <\/strong>(1947), del cual <strong>Tecnospiro <\/strong>forma parte.<\/p><p>En 2009, aplicamos nuestro conocimiento y experiencia en brazos articulados para desarrollar y lanzar un nuevo concepto de brazo equilibrador de herramientas ergon\u00f3mico <strong>3arm\u00ae<\/strong><\/p>\t\t\t\t\t\t\t\t<\/div>\n\t\t\t\t<\/div>\n\t\t\t\t<\/div>\n\t\t<div class=\"elementor-element elementor-element-8cd9f79 e-con-full e-flex e-con e-child\" data-id=\"8cd9f79\" data-element_type=\"container\" data-e-type=\"container\">\n\t\t\t\t<div class=\"elementor-element elementor-element-b4e2cf1 elementor-widget elementor-widget-image\" data-id=\"b4e2cf1\" data-element_type=\"widget\" data-e-type=\"widget\" data-widget_type=\"image.default\">\n\t\t\t\t<div class=\"elementor-widget-container\">\n\t\t\t\t\t\t\t\t\t\t\t\t\t\t\t<img decoding=\"async\" width=\"800\" height=\"534\" src=\"https:\/\/toolbalancerarms-3arm.com\/wp-content\/uploads\/2024\/11\/3armRoSCAMAT.jpg\" class=\"attachment-large size-large wp-image-2221\" alt=\"\" srcset=\"https:\/\/toolbalancerarms-3arm.com\/wp-content\/uploads\/2024\/11\/3armRoSCAMAT.jpg 900w, https:\/\/toolbalancerarms-3arm.com\/wp-content\/uploads\/2024\/11\/3armRoSCAMAT-300x200.jpg 300w, https:\/\/toolbalancerarms-3arm.com\/wp-content\/uploads\/2024\/11\/3armRoSCAMAT-768x513.jpg 768w\" sizes=\"(max-width: 800px) 100vw, 800px\" \/>\t\t\t\t\t\t\t\t\t\t\t\t\t\t\t<\/div>\n\t\t\t\t<\/div>\n\t\t\t\t<\/div>\n\t\t\t\t\t<\/div>\n\t\t\t\t<\/div>\n\t\t<div class=\"elementor-element elementor-element-93edeff e-flex e-con-boxed e-con e-parent\" data-id=\"93edeff\" data-element_type=\"container\" data-e-type=\"container\">\n\t\t\t\t\t<div class=\"e-con-inner\">\n\t\t<div class=\"elementor-element elementor-element-11c207f e-con-full e-flex e-con e-child\" data-id=\"11c207f\" data-element_type=\"container\" data-e-type=\"container\">\n\t\t\t\t<div class=\"elementor-element elementor-element-fbc792f elementor-widget elementor-widget-heading\" data-id=\"fbc792f\" data-element_type=\"widget\" data-e-type=\"widget\" data-widget_type=\"heading.default\">\n\t\t\t\t<div class=\"elementor-widget-container\">\n\t\t\t\t\t<h2 class=\"elementor-heading-title elementor-size-default\">SOLUCIONES ERGON\u00d3MICAS 3arm\u00ae<\/h2>\t\t\t\t<\/div>\n\t\t\t\t<\/div>\n\t\t\t\t<div class=\"elementor-element elementor-element-c9444ab elementor-widget elementor-widget-text-editor\" data-id=\"c9444ab\" data-element_type=\"widget\" data-e-type=\"widget\" data-widget_type=\"text-editor.default\">\n\t\t\t\t<div class=\"elementor-widget-container\">\n\t\t\t\t\t\t\t\t\t<p><strong>3arm\u00ae<\/strong> ofrece una amplia gama de <strong>brazos ergon\u00f3micos<\/strong> para mantener ingr\u00e1vida cualquier herramienta y dispositivo de hasta 70 kg \/ 154 lb; y un <strong>Manipulador <\/strong>vers\u00e1til capaz de coger y colocar piezas de hasta 50 kg \/ 110 lbs. Incluyendo diferentes \u00e1reas de trabajo, <strong>45 cabezales de amarre<\/strong> disponibles, brazos de posicionamiento inteligente y accesorios de soporte port\u00e1tiles dan como resultado una <strong>\u2018estaci\u00f3n de trabajo ergon\u00f3mica\u2019<\/strong> completa. M\u00e1s de 1.000.000 de combinaciones personalizadas est\u00e1n a tu disposici\u00f3n. La ingravidez y la ingenier\u00eda para eliminar la reacci\u00f3n de torsi\u00f3n permiten al operador trabajar con <strong>total seguridad<\/strong>, evitando la fatiga, lesiones y <strong>aumentando la productividad.<\/strong>   <\/p>\n\t\t\t\t\t\t\t\t<\/div>\n\t\t\t\t<\/div>\n\t\t\t\t<\/div>\n\t\t<div class=\"elementor-element elementor-element-18c4c0b e-con-full e-flex e-con e-child\" data-id=\"18c4c0b\" data-element_type=\"container\" data-e-type=\"container\">\n\t\t\t\t<div class=\"elementor-element elementor-element-e38bfe8 elementor-widget elementor-widget-image\" data-id=\"e38bfe8\" data-element_type=\"widget\" data-e-type=\"widget\" data-widget_type=\"image.default\">\n\t\t\t\t<div class=\"elementor-widget-container\">\n\t\t\t\t\t\t\t\t\t\t\t\t\t\t\t<img decoding=\"async\" width=\"800\" height=\"423\" src=\"https:\/\/toolbalancerarms-3arm.com\/wp-content\/uploads\/2024\/11\/aboutus2.jpg\" class=\"attachment-large size-large wp-image-2222\" alt=\"\" srcset=\"https:\/\/toolbalancerarms-3arm.com\/wp-content\/uploads\/2024\/11\/aboutus2.jpg 950w, https:\/\/toolbalancerarms-3arm.com\/wp-content\/uploads\/2024\/11\/aboutus2-300x159.jpg 300w, https:\/\/toolbalancerarms-3arm.com\/wp-content\/uploads\/2024\/11\/aboutus2-768x406.jpg 768w\" sizes=\"(max-width: 800px) 100vw, 800px\" \/>\t\t\t\t\t\t\t\t\t\t\t\t\t\t\t<\/div>\n\t\t\t\t<\/div>\n\t\t\t\t<\/div>\n\t\t\t\t\t<\/div>\n\t\t\t\t<\/div>\n\t\t<div class=\"elementor-element elementor-element-1376f21 e-flex e-con-boxed e-con e-parent\" data-id=\"1376f21\" data-element_type=\"container\" data-e-type=\"container\">\n\t\t\t\t\t<div class=\"e-con-inner\">\n\t\t\t\t<div class=\"elementor-element elementor-element-00d0599 elementor-widget elementor-widget-heading\" data-id=\"00d0599\" data-element_type=\"widget\" data-e-type=\"widget\" data-widget_type=\"heading.default\">\n\t\t\t\t<div class=\"elementor-widget-container\">\n\t\t\t\t\t<p class=\"elementor-heading-title elementor-size-default\">\nEl brazo ergon\u00f3mico 3arm\u00ae es el brazo m\u00e1s resistente y fiable disponible actualmente en el mercado mundial.<\/p>\t\t\t\t<\/div>\n\t\t\t\t<\/div>\n\t\t\t\t\t<\/div>\n\t\t\t\t<\/div>\n\t\t\t\t<\/div>\n\t\t","protected":false},"excerpt":{"rendered":"<p>Sobre 3arm TECNOSPIRO MACHINE TOOL S.L.U. TECNOSPIRO MACHINE TOOL S.L.U. fue fundada en 1987, fabricando la primera roscadora Roscamat\u00ae para satisfacer las propias necesidades de producci\u00f3n de Spiroide (Fabricante de Engranaje) parte del Grupo de Empresas Spirogear Group (1947), del cual Tecnospiro forma parte. En 2009, aplicamos nuestro conocimiento y experiencia en brazos articulados para [&hellip;]<\/p>\n","protected":false},"author":1,"featured_media":0,"parent":0,"menu_order":0,"comment_status":"closed","ping_status":"closed","template":"elementor_header_footer","meta":{"footnotes":""},"class_list":["post-2510","page","type-page","status-publish","hentry"],"yoast_head":"<!-- This site is optimized with the Yoast SEO plugin v27.2 - https:\/\/yoast.com\/product\/yoast-seo-wordpress\/ -->\n<title>Sobre 3arm - 3ARM - Tool Balancers &amp; Manipulators Arms<\/title>\n<meta name=\"robots\" content=\"index, follow, max-snippet:-1, max-image-preview:large, max-video-preview:-1\" \/>\n<link rel=\"canonical\" href=\"https:\/\/toolbalancerarms-3arm.com\/es\/sobre-3arm\/\" \/>\n<meta property=\"og:locale\" content=\"es_ES\" \/>\n<meta property=\"og:type\" content=\"article\" \/>\n<meta property=\"og:title\" content=\"Sobre 3arm - 3ARM - Tool Balancers &amp; Manipulators Arms\" \/>\n<meta property=\"og:description\" content=\"Sobre 3arm TECNOSPIRO MACHINE TOOL S.L.U. TECNOSPIRO MACHINE TOOL S.L.U. fue fundada en 1987, fabricando la primera roscadora Roscamat\u00ae para satisfacer las propias necesidades de producci\u00f3n de Spiroide (Fabricante de Engranaje) parte del Grupo de Empresas Spirogear Group (1947), del cual Tecnospiro forma parte. En 2009, aplicamos nuestro conocimiento y experiencia en brazos articulados para [&hellip;]\" \/>\n<meta property=\"og:url\" content=\"https:\/\/toolbalancerarms-3arm.com\/es\/sobre-3arm\/\" \/>\n<meta property=\"og:site_name\" content=\"3ARM - Tool Balancers &amp; Manipulators Arms\" \/>\n<meta property=\"article:modified_time\" content=\"2025-12-17T11:17:21+00:00\" \/>\n<meta property=\"og:image\" content=\"https:\/\/toolbalancerarms-3arm.com\/wp-content\/uploads\/2024\/11\/about1.jpg\" \/>\n\t<meta property=\"og:image:width\" content=\"1200\" \/>\n\t<meta property=\"og:image:height\" content=\"622\" \/>\n\t<meta property=\"og:image:type\" content=\"image\/jpeg\" \/>\n<meta name=\"twitter:card\" content=\"summary_large_image\" \/>\n<meta name=\"twitter:label1\" content=\"Tiempo de lectura\" \/>\n\t<meta name=\"twitter:data1\" content=\"2 minutos\" \/>\n<script type=\"application\/ld+json\" class=\"yoast-schema-graph\">{\"@context\":\"https:\/\/schema.org\",\"@graph\":[{\"@type\":\"WebPage\",\"@id\":\"https:\/\/toolbalancerarms-3arm.com\/es\/sobre-3arm\/\",\"url\":\"https:\/\/toolbalancerarms-3arm.com\/es\/sobre-3arm\/\",\"name\":\"Sobre 3arm - 3ARM - Tool Balancers &amp; Manipulators Arms\",\"isPartOf\":{\"@id\":\"https:\/\/toolbalancerarms-3arm.com\/es\/#website\"},\"primaryImageOfPage\":{\"@id\":\"https:\/\/toolbalancerarms-3arm.com\/es\/sobre-3arm\/#primaryimage\"},\"image\":{\"@id\":\"https:\/\/toolbalancerarms-3arm.com\/es\/sobre-3arm\/#primaryimage\"},\"thumbnailUrl\":\"https:\/\/toolbalancerarms-3arm.com\/wp-content\/uploads\/2024\/11\/about1-1024x531.jpg\",\"datePublished\":\"2024-11-21T11:11:52+00:00\",\"dateModified\":\"2025-12-17T11:17:21+00:00\",\"breadcrumb\":{\"@id\":\"https:\/\/toolbalancerarms-3arm.com\/es\/sobre-3arm\/#breadcrumb\"},\"inLanguage\":\"es\",\"potentialAction\":[{\"@type\":\"ReadAction\",\"target\":[\"https:\/\/toolbalancerarms-3arm.com\/es\/sobre-3arm\/\"]}]},{\"@type\":\"ImageObject\",\"inLanguage\":\"es\",\"@id\":\"https:\/\/toolbalancerarms-3arm.com\/es\/sobre-3arm\/#primaryimage\",\"url\":\"https:\/\/toolbalancerarms-3arm.com\/wp-content\/uploads\/2024\/11\/about1-1024x531.jpg\",\"contentUrl\":\"https:\/\/toolbalancerarms-3arm.com\/wp-content\/uploads\/2024\/11\/about1-1024x531.jpg\"},{\"@type\":\"BreadcrumbList\",\"@id\":\"https:\/\/toolbalancerarms-3arm.com\/es\/sobre-3arm\/#breadcrumb\",\"itemListElement\":[{\"@type\":\"ListItem\",\"position\":1,\"name\":\"Home\",\"item\":\"https:\/\/toolbalancerarms-3arm.com\/es\/\"},{\"@type\":\"ListItem\",\"position\":2,\"name\":\"Sobre 3arm\"}]},{\"@type\":\"WebSite\",\"@id\":\"https:\/\/toolbalancerarms-3arm.com\/es\/#website\",\"url\":\"https:\/\/toolbalancerarms-3arm.com\/es\/\",\"name\":\"3ARM - Tool Balancers &amp; Manipulators Arms\",\"description\":\"Tool Balancers &amp; Manipulators Arms\",\"publisher\":{\"@id\":\"https:\/\/toolbalancerarms-3arm.com\/es\/#organization\"},\"potentialAction\":[{\"@type\":\"SearchAction\",\"target\":{\"@type\":\"EntryPoint\",\"urlTemplate\":\"https:\/\/toolbalancerarms-3arm.com\/es\/?s={search_term_string}\"},\"query-input\":{\"@type\":\"PropertyValueSpecification\",\"valueRequired\":true,\"valueName\":\"search_term_string\"}}],\"inLanguage\":\"es\"},{\"@type\":\"Organization\",\"@id\":\"https:\/\/toolbalancerarms-3arm.com\/es\/#organization\",\"name\":\"3ARM - Tool Balancers &amp; Manipulators Arms\",\"url\":\"https:\/\/toolbalancerarms-3arm.com\/es\/\",\"logo\":{\"@type\":\"ImageObject\",\"inLanguage\":\"es\",\"@id\":\"https:\/\/toolbalancerarms-3arm.com\/es\/#\/schema\/logo\/image\/\",\"url\":\"https:\/\/toolbalancerarms-3arm.com\/wp-content\/uploads\/2024\/11\/3ARM-Logo-negre.png\",\"contentUrl\":\"https:\/\/toolbalancerarms-3arm.com\/wp-content\/uploads\/2024\/11\/3ARM-Logo-negre.png\",\"width\":300,\"height\":120,\"caption\":\"3ARM - Tool Balancers &amp; Manipulators Arms\"},\"image\":{\"@id\":\"https:\/\/toolbalancerarms-3arm.com\/es\/#\/schema\/logo\/image\/\"}}]}<\/script>\n<!-- \/ Yoast SEO plugin. -->","yoast_head_json":{"title":"Sobre 3arm - 3ARM - Tool Balancers &amp; Manipulators Arms","robots":{"index":"index","follow":"follow","max-snippet":"max-snippet:-1","max-image-preview":"max-image-preview:large","max-video-preview":"max-video-preview:-1"},"canonical":"https:\/\/toolbalancerarms-3arm.com\/es\/sobre-3arm\/","og_locale":"es_ES","og_type":"article","og_title":"Sobre 3arm - 3ARM - Tool Balancers &amp; Manipulators Arms","og_description":"Sobre 3arm TECNOSPIRO MACHINE TOOL S.L.U. TECNOSPIRO MACHINE TOOL S.L.U. fue fundada en 1987, fabricando la primera roscadora Roscamat\u00ae para satisfacer las propias necesidades de producci\u00f3n de Spiroide (Fabricante de Engranaje) parte del Grupo de Empresas Spirogear Group (1947), del cual Tecnospiro forma parte. En 2009, aplicamos nuestro conocimiento y experiencia en brazos articulados para [&hellip;]","og_url":"https:\/\/toolbalancerarms-3arm.com\/es\/sobre-3arm\/","og_site_name":"3ARM - Tool Balancers &amp; Manipulators Arms","article_modified_time":"2025-12-17T11:17:21+00:00","og_image":[{"width":1200,"height":622,"url":"https:\/\/toolbalancerarms-3arm.com\/wp-content\/uploads\/2024\/11\/about1.jpg","type":"image\/jpeg"}],"twitter_card":"summary_large_image","twitter_misc":{"Tiempo de lectura":"2 minutos"},"schema":{"@context":"https:\/\/schema.org","@graph":[{"@type":"WebPage","@id":"https:\/\/toolbalancerarms-3arm.com\/es\/sobre-3arm\/","url":"https:\/\/toolbalancerarms-3arm.com\/es\/sobre-3arm\/","name":"Sobre 3arm - 3ARM - Tool Balancers &amp; Manipulators Arms","isPartOf":{"@id":"https:\/\/toolbalancerarms-3arm.com\/es\/#website"},"primaryImageOfPage":{"@id":"https:\/\/toolbalancerarms-3arm.com\/es\/sobre-3arm\/#primaryimage"},"image":{"@id":"https:\/\/toolbalancerarms-3arm.com\/es\/sobre-3arm\/#primaryimage"},"thumbnailUrl":"https:\/\/toolbalancerarms-3arm.com\/wp-content\/uploads\/2024\/11\/about1-1024x531.jpg","datePublished":"2024-11-21T11:11:52+00:00","dateModified":"2025-12-17T11:17:21+00:00","breadcrumb":{"@id":"https:\/\/toolbalancerarms-3arm.com\/es\/sobre-3arm\/#breadcrumb"},"inLanguage":"es","potentialAction":[{"@type":"ReadAction","target":["https:\/\/toolbalancerarms-3arm.com\/es\/sobre-3arm\/"]}]},{"@type":"ImageObject","inLanguage":"es","@id":"https:\/\/toolbalancerarms-3arm.com\/es\/sobre-3arm\/#primaryimage","url":"https:\/\/toolbalancerarms-3arm.com\/wp-content\/uploads\/2024\/11\/about1-1024x531.jpg","contentUrl":"https:\/\/toolbalancerarms-3arm.com\/wp-content\/uploads\/2024\/11\/about1-1024x531.jpg"},{"@type":"BreadcrumbList","@id":"https:\/\/toolbalancerarms-3arm.com\/es\/sobre-3arm\/#breadcrumb","itemListElement":[{"@type":"ListItem","position":1,"name":"Home","item":"https:\/\/toolbalancerarms-3arm.com\/es\/"},{"@type":"ListItem","position":2,"name":"Sobre 3arm"}]},{"@type":"WebSite","@id":"https:\/\/toolbalancerarms-3arm.com\/es\/#website","url":"https:\/\/toolbalancerarms-3arm.com\/es\/","name":"3ARM - Tool Balancers &amp; Manipulators Arms","description":"Tool Balancers &amp; Manipulators Arms","publisher":{"@id":"https:\/\/toolbalancerarms-3arm.com\/es\/#organization"},"potentialAction":[{"@type":"SearchAction","target":{"@type":"EntryPoint","urlTemplate":"https:\/\/toolbalancerarms-3arm.com\/es\/?s={search_term_string}"},"query-input":{"@type":"PropertyValueSpecification","valueRequired":true,"valueName":"search_term_string"}}],"inLanguage":"es"},{"@type":"Organization","@id":"https:\/\/toolbalancerarms-3arm.com\/es\/#organization","name":"3ARM - Tool Balancers &amp; Manipulators Arms","url":"https:\/\/toolbalancerarms-3arm.com\/es\/","logo":{"@type":"ImageObject","inLanguage":"es","@id":"https:\/\/toolbalancerarms-3arm.com\/es\/#\/schema\/logo\/image\/","url":"https:\/\/toolbalancerarms-3arm.com\/wp-content\/uploads\/2024\/11\/3ARM-Logo-negre.png","contentUrl":"https:\/\/toolbalancerarms-3arm.com\/wp-content\/uploads\/2024\/11\/3ARM-Logo-negre.png","width":300,"height":120,"caption":"3ARM - Tool Balancers &amp; Manipulators Arms"},"image":{"@id":"https:\/\/toolbalancerarms-3arm.com\/es\/#\/schema\/logo\/image\/"}}]}},"_links":{"self":[{"href":"https:\/\/toolbalancerarms-3arm.com\/es\/wp-json\/wp\/v2\/pages\/2510","targetHints":{"allow":["GET"]}}],"collection":[{"href":"https:\/\/toolbalancerarms-3arm.com\/es\/wp-json\/wp\/v2\/pages"}],"about":[{"href":"https:\/\/toolbalancerarms-3arm.com\/es\/wp-json\/wp\/v2\/types\/page"}],"author":[{"embeddable":true,"href":"https:\/\/toolbalancerarms-3arm.com\/es\/wp-json\/wp\/v2\/users\/1"}],"replies":[{"embeddable":true,"href":"https:\/\/toolbalancerarms-3arm.com\/es\/wp-json\/wp\/v2\/comments?post=2510"}],"version-history":[{"count":4,"href":"https:\/\/toolbalancerarms-3arm.com\/es\/wp-json\/wp\/v2\/pages\/2510\/revisions"}],"predecessor-version":[{"id":4168,"href":"https:\/\/toolbalancerarms-3arm.com\/es\/wp-json\/wp\/v2\/pages\/2510\/revisions\/4168"}],"wp:attachment":[{"href":"https:\/\/toolbalancerarms-3arm.com\/es\/wp-json\/wp\/v2\/media?parent=2510"}],"curies":[{"name":"wp","href":"https:\/\/api.w.org\/{rel}","templated":true}]}}