{"id":2521,"date":"2024-11-21T11:33:47","date_gmt":"2024-11-21T11:33:47","guid":{"rendered":"https:\/\/toolbalancerarms-3arm.com\/manipuladores\/"},"modified":"2025-12-11T11:49:51","modified_gmt":"2025-12-11T11:49:51","slug":"manipuladores","status":"publish","type":"page","link":"https:\/\/toolbalancerarms-3arm.com\/es\/manipuladores\/","title":{"rendered":"Manipuladores"},"content":{"rendered":"\t\t<div data-elementor-type=\"wp-page\" data-elementor-id=\"2521\" class=\"elementor elementor-2521 elementor-87\" data-elementor-post-type=\"page\">\n\t\t\t\t<div class=\"elementor-element elementor-element-47f857c e-flex e-con-boxed e-con e-parent\" data-id=\"47f857c\" data-element_type=\"container\" data-e-type=\"container\" data-settings=\"{&quot;background_background&quot;:&quot;classic&quot;}\">\n\t\t\t\t\t<div class=\"e-con-inner\">\n\t\t<div class=\"elementor-element elementor-element-ea33643 e-con-full e-flex e-con e-child\" data-id=\"ea33643\" data-element_type=\"container\" data-e-type=\"container\">\n\t\t\t\t<div class=\"elementor-element elementor-element-6228a32 elementor-widget elementor-widget-heading\" data-id=\"6228a32\" data-element_type=\"widget\" data-e-type=\"widget\" data-widget_type=\"heading.default\">\n\t\t\t\t<div class=\"elementor-widget-container\">\n\t\t\t\t\t<h1 class=\"elementor-heading-title elementor-size-default\">Brazo Manipulador Industrial<\/h1>\t\t\t\t<\/div>\n\t\t\t\t<\/div>\n\t\t\t\t<div class=\"elementor-element elementor-element-4a66138 elementor-widget elementor-widget-heading\" data-id=\"4a66138\" data-element_type=\"widget\" data-e-type=\"widget\" data-widget_type=\"heading.default\">\n\t\t\t\t<div class=\"elementor-widget-container\">\n\t\t\t\t\t<p class=\"elementor-heading-title elementor-size-default\">El brazo manipulador industrial 3ARM\u00ae puede equiparse con una amplia variedad de herramientas de sujeci\u00f3n especializadas. Est\u00e1 dise\u00f1ado para manipular, centrar y posicionar manualmente cargas de hasta 50 kg en condici\u00f3n ingr\u00e1vida y en cualquier direcci\u00f3n. Este manipulador industrial mejora la ergonom\u00eda en el trabajo, permitiendo al operario manejar piezas con precisi\u00f3n, sin esfuerzo y con total seguridad industrial.<\/p>\t\t\t\t<\/div>\n\t\t\t\t<\/div>\n\t\t\t\t<\/div>\n\t\t\t\t\t<\/div>\n\t\t\t\t<\/div>\n\t\t<div class=\"elementor-element elementor-element-75c1147 e-flex e-con-boxed e-con e-parent\" data-id=\"75c1147\" data-element_type=\"container\" data-e-type=\"container\">\n\t\t\t\t\t<div class=\"e-con-inner\">\n\t\t<div class=\"elementor-element elementor-element-50808ce e-con-full e-flex e-con e-child\" data-id=\"50808ce\" data-element_type=\"container\" data-e-type=\"container\">\n\t\t\t\t<div class=\"elementor-element elementor-element-5e51157 elementor-widget elementor-widget-heading\" data-id=\"5e51157\" data-element_type=\"widget\" data-e-type=\"widget\" data-widget_type=\"heading.default\">\n\t\t\t\t<div class=\"elementor-widget-container\">\n\t\t\t\t\t<p class=\"elementor-heading-title elementor-size-default\">SOLUCIONES ERGON\u00d3MICAS<\/p>\t\t\t\t<\/div>\n\t\t\t\t<\/div>\n\t\t\t\t<div class=\"elementor-element elementor-element-7fe3e5a elementor-widget elementor-widget-heading\" data-id=\"7fe3e5a\" data-element_type=\"widget\" data-e-type=\"widget\" data-widget_type=\"heading.default\">\n\t\t\t\t<div class=\"elementor-widget-container\">\n\t\t\t\t\t<h2 class=\"elementor-heading-title elementor-size-default\">Manipulador M3<\/h2>\t\t\t\t<\/div>\n\t\t\t\t<\/div>\n\t\t\t\t<div class=\"elementor-element elementor-element-8a48681 elementor-widget elementor-widget-heading\" data-id=\"8a48681\" data-element_type=\"widget\" data-e-type=\"widget\" data-widget_type=\"heading.default\">\n\t\t\t\t<div class=\"elementor-widget-container\">\n\t\t\t\t\t<h2 class=\"elementor-heading-title elementor-size-default\">Es el manipulador de cargas manual m\u00e1s peque\u00f1o\nsiendo particularmente f\u00e1cil de manejar.<\/h2>\t\t\t\t<\/div>\n\t\t\t\t<\/div>\n\t\t\t\t<div class=\"elementor-element elementor-element-3da0999 elementor-widget elementor-widget-heading\" data-id=\"3da0999\" data-element_type=\"widget\" data-e-type=\"widget\" data-widget_type=\"heading.default\">\n\t\t\t\t<div class=\"elementor-widget-container\">\n\t\t\t\t\t<h2 class=\"elementor-heading-title elementor-size-default\">El manipulador 3arm\u00ae M3 se puede equipar con\ndiferentes cabezales de amarre. Est\u00e1 dise\u00f1ado\npara manipular, centrar y colocar manualmente cargas de hasta\n25kg en condiciones de ingravidez en cualquier posici\u00f3n.\nEl manipulador ayuda al operador en la manipulaci\u00f3n de piezas de forma\nergon\u00f3mica, sin esfuerzo y con seguridad. <\/h2>\t\t\t\t<\/div>\n\t\t\t\t<\/div>\n\t\t\t\t<div class=\"elementor-element elementor-element-19cb059 elementor-widget elementor-widget-button\" data-id=\"19cb059\" data-element_type=\"widget\" data-e-type=\"widget\" data-widget_type=\"button.default\">\n\t\t\t\t<div class=\"elementor-widget-container\">\n\t\t\t\t\t\t\t\t\t<div class=\"elementor-button-wrapper\">\n\t\t\t\t\t<a class=\"elementor-button elementor-button-link elementor-size-sm\" href=\"https:\/\/toolbalancerarms-3arm.com\/es\/manipuladores\/manipulador-m3\/\">\n\t\t\t\t\t\t<span class=\"elementor-button-content-wrapper\">\n\t\t\t\t\t\t\t\t\t<span class=\"elementor-button-text\">Ver m\u00e1s<\/span>\n\t\t\t\t\t<\/span>\n\t\t\t\t\t<\/a>\n\t\t\t\t<\/div>\n\t\t\t\t\t\t\t\t<\/div>\n\t\t\t\t<\/div>\n\t\t\t\t<\/div>\n\t\t<div class=\"elementor-element elementor-element-80b7dc6 e-con-full e-flex e-con e-child\" data-id=\"80b7dc6\" data-element_type=\"container\" data-e-type=\"container\">\n\t\t\t\t<div class=\"elementor-element elementor-element-1775ed5 elementor-widget elementor-widget-image\" data-id=\"1775ed5\" data-element_type=\"widget\" data-e-type=\"widget\" data-widget_type=\"image.default\">\n\t\t\t\t<div class=\"elementor-widget-container\">\n\t\t\t\t\t\t\t\t\t\t\t\t\t\t\t<img fetchpriority=\"high\" decoding=\"async\" width=\"800\" height=\"800\" src=\"https:\/\/toolbalancerarms-3arm.com\/wp-content\/uploads\/2024\/11\/MANIPULATOR-M3-1.png\" class=\"attachment-large size-large wp-image-2250\" alt=\"Manipulator M3 Arm by 3Arm\" srcset=\"https:\/\/toolbalancerarms-3arm.com\/wp-content\/uploads\/2024\/11\/MANIPULATOR-M3-1.png 1000w, https:\/\/toolbalancerarms-3arm.com\/wp-content\/uploads\/2024\/11\/MANIPULATOR-M3-1-300x300.png 300w, https:\/\/toolbalancerarms-3arm.com\/wp-content\/uploads\/2024\/11\/MANIPULATOR-M3-1-150x150.png 150w, https:\/\/toolbalancerarms-3arm.com\/wp-content\/uploads\/2024\/11\/MANIPULATOR-M3-1-768x768.png 768w\" sizes=\"(max-width: 800px) 100vw, 800px\" \/>\t\t\t\t\t\t\t\t\t\t\t\t\t\t\t<\/div>\n\t\t\t\t<\/div>\n\t\t\t\t<\/div>\n\t\t\t\t\t<\/div>\n\t\t\t\t<\/div>\n\t\t<div class=\"elementor-element elementor-element-7e52fad e-flex e-con-boxed e-con e-parent\" data-id=\"7e52fad\" data-element_type=\"container\" data-e-type=\"container\">\n\t\t\t\t\t<div class=\"e-con-inner\">\n\t\t<div class=\"elementor-element elementor-element-1ed19b8 e-con-full e-flex e-con e-child\" data-id=\"1ed19b8\" data-element_type=\"container\" data-e-type=\"container\">\n\t\t\t\t<div class=\"elementor-element elementor-element-593999b elementor-widget elementor-widget-heading\" data-id=\"593999b\" data-element_type=\"widget\" data-e-type=\"widget\" data-widget_type=\"heading.default\">\n\t\t\t\t<div class=\"elementor-widget-container\">\n\t\t\t\t\t<p class=\"elementor-heading-title elementor-size-default\">SOLUCIONES ERGON\u00d3MICAS<\/p>\t\t\t\t<\/div>\n\t\t\t\t<\/div>\n\t\t\t\t<div class=\"elementor-element elementor-element-6dff1f3 elementor-widget elementor-widget-heading\" data-id=\"6dff1f3\" data-element_type=\"widget\" data-e-type=\"widget\" data-widget_type=\"heading.default\">\n\t\t\t\t<div class=\"elementor-widget-container\">\n\t\t\t\t\t<h2 class=\"elementor-heading-title elementor-size-default\">Manipulador M5<\/h2>\t\t\t\t<\/div>\n\t\t\t\t<\/div>\n\t\t\t\t<div class=\"elementor-element elementor-element-7bf0f5f elementor-widget elementor-widget-heading\" data-id=\"7bf0f5f\" data-element_type=\"widget\" data-e-type=\"widget\" data-widget_type=\"heading.default\">\n\t\t\t\t<div class=\"elementor-widget-container\">\n\t\t\t\t\t<h2 class=\"elementor-heading-title elementor-size-default\">El Manipulador M5 de 3arm\u00ae puede equiparse con\ndiversas herramientas de agarre especiales. Est\u00e1 dise\u00f1ado\npara manipular, centrar y fijar manualmente cargas de hasta\n50 kg en condiciones de ingravidez , en cualquier posici\u00f3n.\nEl manipulador ayuda al operador en la manipulaci\u00f3n precisa y\nergon\u00f3mica del trabajo, sin esfuerzo y con seguridad \n<\/h2>\t\t\t\t<\/div>\n\t\t\t\t<\/div>\n\t\t\t\t<div class=\"elementor-element elementor-element-28895c7 elementor-widget elementor-widget-heading\" data-id=\"28895c7\" data-element_type=\"widget\" data-e-type=\"widget\" data-widget_type=\"heading.default\">\n\t\t\t\t<div class=\"elementor-widget-container\">\n\t\t\t\t\t<h2 class=\"elementor-heading-title elementor-size-default\">El M5 ofrece las configuraciones de brazo m\u00e1s personalizables\npara mover piezas hacia y desde cintas transportadoras, l\u00edneas de\nmontaje, maquinas y mucho m\u00e1s.<\/h2>\t\t\t\t<\/div>\n\t\t\t\t<\/div>\n\t\t\t\t<div class=\"elementor-element elementor-element-f5f8659 elementor-widget elementor-widget-button\" data-id=\"f5f8659\" data-element_type=\"widget\" data-e-type=\"widget\" data-widget_type=\"button.default\">\n\t\t\t\t<div class=\"elementor-widget-container\">\n\t\t\t\t\t\t\t\t\t<div class=\"elementor-button-wrapper\">\n\t\t\t\t\t<a class=\"elementor-button elementor-button-link elementor-size-sm\" href=\"https:\/\/toolbalancerarms-3arm.com\/es\/manipuladores\/manipulador-m5\/\">\n\t\t\t\t\t\t<span class=\"elementor-button-content-wrapper\">\n\t\t\t\t\t\t\t\t\t<span class=\"elementor-button-text\">Ver m\u00e1s<\/span>\n\t\t\t\t\t<\/span>\n\t\t\t\t\t<\/a>\n\t\t\t\t<\/div>\n\t\t\t\t\t\t\t\t<\/div>\n\t\t\t\t<\/div>\n\t\t\t\t<\/div>\n\t\t<div class=\"elementor-element elementor-element-39b63cd e-con-full e-flex e-con e-child\" data-id=\"39b63cd\" data-element_type=\"container\" data-e-type=\"container\">\n\t\t\t\t<div class=\"elementor-element elementor-element-4b7160b elementor-widget elementor-widget-image\" data-id=\"4b7160b\" data-element_type=\"widget\" data-e-type=\"widget\" data-widget_type=\"image.default\">\n\t\t\t\t<div class=\"elementor-widget-container\">\n\t\t\t\t\t\t\t\t\t\t\t\t\t\t\t<img decoding=\"async\" width=\"650\" height=\"650\" src=\"https:\/\/toolbalancerarms-3arm.com\/wp-content\/uploads\/2024\/11\/MANIPULATOR-M5-1-1.jpg\" class=\"attachment-large size-large wp-image-2225\" alt=\"Manipulator M3 Arm by 3Arm\" srcset=\"https:\/\/toolbalancerarms-3arm.com\/wp-content\/uploads\/2024\/11\/MANIPULATOR-M5-1-1.jpg 650w, https:\/\/toolbalancerarms-3arm.com\/wp-content\/uploads\/2024\/11\/MANIPULATOR-M5-1-1-300x300.jpg 300w, https:\/\/toolbalancerarms-3arm.com\/wp-content\/uploads\/2024\/11\/MANIPULATOR-M5-1-1-150x150.jpg 150w\" sizes=\"(max-width: 650px) 100vw, 650px\" \/>\t\t\t\t\t\t\t\t\t\t\t\t\t\t\t<\/div>\n\t\t\t\t<\/div>\n\t\t\t\t<\/div>\n\t\t\t\t\t<\/div>\n\t\t\t\t<\/div>\n\t\t\t\t<\/div>\n\t\t","protected":false},"excerpt":{"rendered":"<p>Brazo Manipulador Industrial El brazo manipulador industrial 3ARM\u00ae puede equiparse con una amplia variedad de herramientas de sujeci\u00f3n especializadas. Est\u00e1 dise\u00f1ado para manipular, centrar y posicionar manualmente cargas de hasta 50 kg en condici\u00f3n ingr\u00e1vida y en cualquier direcci\u00f3n. Este manipulador industrial mejora la ergonom\u00eda en el trabajo, permitiendo al operario manejar piezas con precisi\u00f3n, [&hellip;]<\/p>\n","protected":false},"author":1,"featured_media":0,"parent":0,"menu_order":0,"comment_status":"closed","ping_status":"closed","template":"elementor_header_footer","meta":{"footnotes":""},"class_list":["post-2521","page","type-page","status-publish","hentry"],"yoast_head":"<!-- This site is optimized with the Yoast SEO plugin v27.2 - https:\/\/yoast.com\/product\/yoast-seo-wordpress\/ -->\n<title>Manipuladores industriales | 3ARM\u00ae<\/title>\n<meta name=\"description\" content=\"Manipuladores industriales 3ARM\u00ae con brazos articulados y sistemas de manipulaci\u00f3n asistida para ergonom\u00eda y seguridad en el trabajo.\" \/>\n<meta name=\"robots\" content=\"index, follow, max-snippet:-1, max-image-preview:large, max-video-preview:-1\" \/>\n<link rel=\"canonical\" href=\"https:\/\/toolbalancerarms-3arm.com\/es\/manipuladores\/\" \/>\n<meta property=\"og:locale\" content=\"es_ES\" \/>\n<meta property=\"og:type\" content=\"article\" \/>\n<meta property=\"og:title\" content=\"Manipuladores industriales | 3ARM\u00ae\" \/>\n<meta property=\"og:description\" content=\"Manipuladores industriales 3ARM\u00ae con brazos articulados y sistemas de manipulaci\u00f3n asistida para ergonom\u00eda y seguridad en el trabajo.\" \/>\n<meta property=\"og:url\" content=\"https:\/\/toolbalancerarms-3arm.com\/es\/manipuladores\/\" \/>\n<meta property=\"og:site_name\" content=\"3ARM - Tool Balancers &amp; Manipulators Arms\" \/>\n<meta property=\"article:modified_time\" content=\"2025-12-11T11:49:51+00:00\" \/>\n<meta property=\"og:image\" content=\"https:\/\/toolbalancerarms-3arm.com\/wp-content\/uploads\/2024\/11\/MANIPULATOR-M3-1.png\" \/>\n\t<meta property=\"og:image:width\" content=\"1000\" \/>\n\t<meta property=\"og:image:height\" content=\"1000\" \/>\n\t<meta property=\"og:image:type\" content=\"image\/png\" \/>\n<meta name=\"twitter:card\" content=\"summary_large_image\" \/>\n<meta name=\"twitter:label1\" content=\"Tiempo de lectura\" \/>\n\t<meta name=\"twitter:data1\" content=\"2 minutos\" \/>\n<script type=\"application\/ld+json\" class=\"yoast-schema-graph\">{\"@context\":\"https:\/\/schema.org\",\"@graph\":[{\"@type\":\"WebPage\",\"@id\":\"https:\/\/toolbalancerarms-3arm.com\/es\/manipuladores\/\",\"url\":\"https:\/\/toolbalancerarms-3arm.com\/es\/manipuladores\/\",\"name\":\"Manipuladores industriales | 3ARM\u00ae\",\"isPartOf\":{\"@id\":\"https:\/\/toolbalancerarms-3arm.com\/es\/#website\"},\"primaryImageOfPage\":{\"@id\":\"https:\/\/toolbalancerarms-3arm.com\/es\/manipuladores\/#primaryimage\"},\"image\":{\"@id\":\"https:\/\/toolbalancerarms-3arm.com\/es\/manipuladores\/#primaryimage\"},\"thumbnailUrl\":\"https:\/\/toolbalancerarms-3arm.com\/wp-content\/uploads\/2024\/11\/MANIPULATOR-M3-1.png\",\"datePublished\":\"2024-11-21T11:33:47+00:00\",\"dateModified\":\"2025-12-11T11:49:51+00:00\",\"description\":\"Manipuladores industriales 3ARM\u00ae con brazos articulados y sistemas de manipulaci\u00f3n asistida para ergonom\u00eda y seguridad en el trabajo.\",\"breadcrumb\":{\"@id\":\"https:\/\/toolbalancerarms-3arm.com\/es\/manipuladores\/#breadcrumb\"},\"inLanguage\":\"es\",\"potentialAction\":[{\"@type\":\"ReadAction\",\"target\":[\"https:\/\/toolbalancerarms-3arm.com\/es\/manipuladores\/\"]}]},{\"@type\":\"ImageObject\",\"inLanguage\":\"es\",\"@id\":\"https:\/\/toolbalancerarms-3arm.com\/es\/manipuladores\/#primaryimage\",\"url\":\"https:\/\/toolbalancerarms-3arm.com\/wp-content\/uploads\/2024\/11\/MANIPULATOR-M3-1.png\",\"contentUrl\":\"https:\/\/toolbalancerarms-3arm.com\/wp-content\/uploads\/2024\/11\/MANIPULATOR-M3-1.png\"},{\"@type\":\"BreadcrumbList\",\"@id\":\"https:\/\/toolbalancerarms-3arm.com\/es\/manipuladores\/#breadcrumb\",\"itemListElement\":[{\"@type\":\"ListItem\",\"position\":1,\"name\":\"Home\",\"item\":\"https:\/\/toolbalancerarms-3arm.com\/es\/\"},{\"@type\":\"ListItem\",\"position\":2,\"name\":\"Manipuladores\"}]},{\"@type\":\"WebSite\",\"@id\":\"https:\/\/toolbalancerarms-3arm.com\/es\/#website\",\"url\":\"https:\/\/toolbalancerarms-3arm.com\/es\/\",\"name\":\"3ARM - Tool Balancers &amp; Manipulators Arms\",\"description\":\"Tool Balancers &amp; Manipulators Arms\",\"publisher\":{\"@id\":\"https:\/\/toolbalancerarms-3arm.com\/es\/#organization\"},\"potentialAction\":[{\"@type\":\"SearchAction\",\"target\":{\"@type\":\"EntryPoint\",\"urlTemplate\":\"https:\/\/toolbalancerarms-3arm.com\/es\/?s={search_term_string}\"},\"query-input\":{\"@type\":\"PropertyValueSpecification\",\"valueRequired\":true,\"valueName\":\"search_term_string\"}}],\"inLanguage\":\"es\"},{\"@type\":\"Organization\",\"@id\":\"https:\/\/toolbalancerarms-3arm.com\/es\/#organization\",\"name\":\"3ARM - Tool Balancers &amp; Manipulators Arms\",\"url\":\"https:\/\/toolbalancerarms-3arm.com\/es\/\",\"logo\":{\"@type\":\"ImageObject\",\"inLanguage\":\"es\",\"@id\":\"https:\/\/toolbalancerarms-3arm.com\/es\/#\/schema\/logo\/image\/\",\"url\":\"https:\/\/toolbalancerarms-3arm.com\/wp-content\/uploads\/2024\/11\/3ARM-Logo-negre.png\",\"contentUrl\":\"https:\/\/toolbalancerarms-3arm.com\/wp-content\/uploads\/2024\/11\/3ARM-Logo-negre.png\",\"width\":300,\"height\":120,\"caption\":\"3ARM - Tool Balancers &amp; Manipulators Arms\"},\"image\":{\"@id\":\"https:\/\/toolbalancerarms-3arm.com\/es\/#\/schema\/logo\/image\/\"}}]}<\/script>\n<!-- \/ Yoast SEO plugin. -->","yoast_head_json":{"title":"Manipuladores industriales | 3ARM\u00ae","description":"Manipuladores industriales 3ARM\u00ae con brazos articulados y sistemas de manipulaci\u00f3n asistida para ergonom\u00eda y seguridad en el trabajo.","robots":{"index":"index","follow":"follow","max-snippet":"max-snippet:-1","max-image-preview":"max-image-preview:large","max-video-preview":"max-video-preview:-1"},"canonical":"https:\/\/toolbalancerarms-3arm.com\/es\/manipuladores\/","og_locale":"es_ES","og_type":"article","og_title":"Manipuladores industriales | 3ARM\u00ae","og_description":"Manipuladores industriales 3ARM\u00ae con brazos articulados y sistemas de manipulaci\u00f3n asistida para ergonom\u00eda y seguridad en el trabajo.","og_url":"https:\/\/toolbalancerarms-3arm.com\/es\/manipuladores\/","og_site_name":"3ARM - Tool Balancers &amp; Manipulators Arms","article_modified_time":"2025-12-11T11:49:51+00:00","og_image":[{"width":1000,"height":1000,"url":"https:\/\/toolbalancerarms-3arm.com\/wp-content\/uploads\/2024\/11\/MANIPULATOR-M3-1.png","type":"image\/png"}],"twitter_card":"summary_large_image","twitter_misc":{"Tiempo de lectura":"2 minutos"},"schema":{"@context":"https:\/\/schema.org","@graph":[{"@type":"WebPage","@id":"https:\/\/toolbalancerarms-3arm.com\/es\/manipuladores\/","url":"https:\/\/toolbalancerarms-3arm.com\/es\/manipuladores\/","name":"Manipuladores industriales | 3ARM\u00ae","isPartOf":{"@id":"https:\/\/toolbalancerarms-3arm.com\/es\/#website"},"primaryImageOfPage":{"@id":"https:\/\/toolbalancerarms-3arm.com\/es\/manipuladores\/#primaryimage"},"image":{"@id":"https:\/\/toolbalancerarms-3arm.com\/es\/manipuladores\/#primaryimage"},"thumbnailUrl":"https:\/\/toolbalancerarms-3arm.com\/wp-content\/uploads\/2024\/11\/MANIPULATOR-M3-1.png","datePublished":"2024-11-21T11:33:47+00:00","dateModified":"2025-12-11T11:49:51+00:00","description":"Manipuladores industriales 3ARM\u00ae con brazos articulados y sistemas de manipulaci\u00f3n asistida para ergonom\u00eda y seguridad en el trabajo.","breadcrumb":{"@id":"https:\/\/toolbalancerarms-3arm.com\/es\/manipuladores\/#breadcrumb"},"inLanguage":"es","potentialAction":[{"@type":"ReadAction","target":["https:\/\/toolbalancerarms-3arm.com\/es\/manipuladores\/"]}]},{"@type":"ImageObject","inLanguage":"es","@id":"https:\/\/toolbalancerarms-3arm.com\/es\/manipuladores\/#primaryimage","url":"https:\/\/toolbalancerarms-3arm.com\/wp-content\/uploads\/2024\/11\/MANIPULATOR-M3-1.png","contentUrl":"https:\/\/toolbalancerarms-3arm.com\/wp-content\/uploads\/2024\/11\/MANIPULATOR-M3-1.png"},{"@type":"BreadcrumbList","@id":"https:\/\/toolbalancerarms-3arm.com\/es\/manipuladores\/#breadcrumb","itemListElement":[{"@type":"ListItem","position":1,"name":"Home","item":"https:\/\/toolbalancerarms-3arm.com\/es\/"},{"@type":"ListItem","position":2,"name":"Manipuladores"}]},{"@type":"WebSite","@id":"https:\/\/toolbalancerarms-3arm.com\/es\/#website","url":"https:\/\/toolbalancerarms-3arm.com\/es\/","name":"3ARM - Tool Balancers &amp; Manipulators Arms","description":"Tool Balancers &amp; Manipulators Arms","publisher":{"@id":"https:\/\/toolbalancerarms-3arm.com\/es\/#organization"},"potentialAction":[{"@type":"SearchAction","target":{"@type":"EntryPoint","urlTemplate":"https:\/\/toolbalancerarms-3arm.com\/es\/?s={search_term_string}"},"query-input":{"@type":"PropertyValueSpecification","valueRequired":true,"valueName":"search_term_string"}}],"inLanguage":"es"},{"@type":"Organization","@id":"https:\/\/toolbalancerarms-3arm.com\/es\/#organization","name":"3ARM - Tool Balancers &amp; Manipulators Arms","url":"https:\/\/toolbalancerarms-3arm.com\/es\/","logo":{"@type":"ImageObject","inLanguage":"es","@id":"https:\/\/toolbalancerarms-3arm.com\/es\/#\/schema\/logo\/image\/","url":"https:\/\/toolbalancerarms-3arm.com\/wp-content\/uploads\/2024\/11\/3ARM-Logo-negre.png","contentUrl":"https:\/\/toolbalancerarms-3arm.com\/wp-content\/uploads\/2024\/11\/3ARM-Logo-negre.png","width":300,"height":120,"caption":"3ARM - Tool Balancers &amp; Manipulators Arms"},"image":{"@id":"https:\/\/toolbalancerarms-3arm.com\/es\/#\/schema\/logo\/image\/"}}]}},"_links":{"self":[{"href":"https:\/\/toolbalancerarms-3arm.com\/es\/wp-json\/wp\/v2\/pages\/2521","targetHints":{"allow":["GET"]}}],"collection":[{"href":"https:\/\/toolbalancerarms-3arm.com\/es\/wp-json\/wp\/v2\/pages"}],"about":[{"href":"https:\/\/toolbalancerarms-3arm.com\/es\/wp-json\/wp\/v2\/types\/page"}],"author":[{"embeddable":true,"href":"https:\/\/toolbalancerarms-3arm.com\/es\/wp-json\/wp\/v2\/users\/1"}],"replies":[{"embeddable":true,"href":"https:\/\/toolbalancerarms-3arm.com\/es\/wp-json\/wp\/v2\/comments?post=2521"}],"version-history":[{"count":7,"href":"https:\/\/toolbalancerarms-3arm.com\/es\/wp-json\/wp\/v2\/pages\/2521\/revisions"}],"predecessor-version":[{"id":3743,"href":"https:\/\/toolbalancerarms-3arm.com\/es\/wp-json\/wp\/v2\/pages\/2521\/revisions\/3743"}],"wp:attachment":[{"href":"https:\/\/toolbalancerarms-3arm.com\/es\/wp-json\/wp\/v2\/media?parent=2521"}],"curies":[{"name":"wp","href":"https:\/\/api.w.org\/{rel}","templated":true}]}}