{"id":3417,"date":"2024-11-21T11:11:52","date_gmt":"2024-11-21T11:11:52","guid":{"rendered":"https:\/\/toolbalancerarms-3arm.com\/a-propos-de-nous\/"},"modified":"2025-12-17T12:44:21","modified_gmt":"2025-12-17T12:44:21","slug":"a-propos-de-nous","status":"publish","type":"page","link":"https:\/\/toolbalancerarms-3arm.com\/fr\/a-propos-de-nous\/","title":{"rendered":"A propos de nous"},"content":{"rendered":"\t\t<div data-elementor-type=\"wp-page\" data-elementor-id=\"3417\" class=\"elementor elementor-3417 elementor-30\" data-elementor-post-type=\"page\">\n\t\t\t\t<div class=\"elementor-element elementor-element-87bcc61 e-flex e-con-boxed e-con e-parent\" data-id=\"87bcc61\" data-element_type=\"container\" data-e-type=\"container\" data-settings=\"{&quot;background_background&quot;:&quot;classic&quot;}\">\n\t\t\t\t\t<div class=\"e-con-inner\">\n\t\t\t\t<div class=\"elementor-element elementor-element-97ff8ae elementor-widget elementor-widget-heading\" data-id=\"97ff8ae\" data-element_type=\"widget\" data-e-type=\"widget\" data-widget_type=\"heading.default\">\n\t\t\t\t<div class=\"elementor-widget-container\">\n\t\t\t\t\t<h1 class=\"elementor-heading-title elementor-size-default\">\u00c0 propos de nous<\/h1>\t\t\t\t<\/div>\n\t\t\t\t<\/div>\n\t\t\t\t\t<\/div>\n\t\t\t\t<\/div>\n\t\t<div class=\"elementor-element elementor-element-3a02177 e-flex e-con-boxed e-con e-parent\" data-id=\"3a02177\" data-element_type=\"container\" data-e-type=\"container\" data-settings=\"{&quot;background_background&quot;:&quot;classic&quot;}\">\n\t\t\t\t\t<div class=\"e-con-inner\">\n\t\t\t\t<div class=\"elementor-element elementor-element-219cd9b elementor-widget elementor-widget-image\" data-id=\"219cd9b\" data-element_type=\"widget\" data-e-type=\"widget\" data-widget_type=\"image.default\">\n\t\t\t\t<div class=\"elementor-widget-container\">\n\t\t\t\t\t\t\t\t\t\t\t\t\t\t\t<img fetchpriority=\"high\" decoding=\"async\" width=\"800\" height=\"415\" src=\"https:\/\/toolbalancerarms-3arm.com\/wp-content\/uploads\/2024\/11\/about1-1024x531.jpg\" class=\"attachment-large size-large wp-image-63\" alt=\"\" srcset=\"https:\/\/toolbalancerarms-3arm.com\/wp-content\/uploads\/2024\/11\/about1-1024x531.jpg 1024w, https:\/\/toolbalancerarms-3arm.com\/wp-content\/uploads\/2024\/11\/about1-300x156.jpg 300w, https:\/\/toolbalancerarms-3arm.com\/wp-content\/uploads\/2024\/11\/about1-768x398.jpg 768w, https:\/\/toolbalancerarms-3arm.com\/wp-content\/uploads\/2024\/11\/about1.jpg 1200w\" sizes=\"(max-width: 800px) 100vw, 800px\" \/>\t\t\t\t\t\t\t\t\t\t\t\t\t\t\t<\/div>\n\t\t\t\t<\/div>\n\t\t\t\t\t<\/div>\n\t\t\t\t<\/div>\n\t\t<div class=\"elementor-element elementor-element-08f45df e-flex e-con-boxed e-con e-parent\" data-id=\"08f45df\" data-element_type=\"container\" data-e-type=\"container\">\n\t\t\t\t\t<div class=\"e-con-inner\">\n\t\t<div class=\"elementor-element elementor-element-d3f66e8 e-con-full e-flex e-con e-child\" data-id=\"d3f66e8\" data-element_type=\"container\" data-e-type=\"container\">\n\t\t\t\t<div class=\"elementor-element elementor-element-6a7d606 elementor-widget elementor-widget-heading\" data-id=\"6a7d606\" data-element_type=\"widget\" data-e-type=\"widget\" data-widget_type=\"heading.default\">\n\t\t\t\t<div class=\"elementor-widget-container\">\n\t\t\t\t\t<h2 class=\"elementor-heading-title elementor-size-default\">TECNOSPIRO MACHINE TOOL S.L.U.<\/h2>\t\t\t\t<\/div>\n\t\t\t\t<\/div>\n\t\t\t\t<div class=\"elementor-element elementor-element-84a7b83 elementor-widget elementor-widget-text-editor\" data-id=\"84a7b83\" data-element_type=\"widget\" data-e-type=\"widget\" data-widget_type=\"text-editor.default\">\n\t\t\t\t<div class=\"elementor-widget-container\">\n\t\t\t\t\t\t\t\t\t<p><strong>TECNOSPIRO MACHINE TOOL S.L.U.<\/strong> a \u00e9t\u00e9 fond\u00e9e en 1987, en fabriquant le premier bras de taraudage <strong>Roscamat\u00ae<\/strong> pour satisfaire ses propres besoins de production pour <strong>Spiroide<\/strong> (fabricant d&rsquo;engrenages coniques), qui fait partie des<strong> entreprises du groupe Spirogear<\/strong> (1947), dont <strong>Tecnospiro<\/strong> fait partie.<\/p><p>En 2009, nous avons mis \u00e0 profit nos connaissances et notre exp\u00e9rience en mati\u00e8re de bras articul\u00e9s pour d\u00e9velopper et lancer un nouveau concept de bras ergonomique d&rsquo;\u00e9quilibrage d&rsquo;outils <strong>, le 3arm\u00ae.<\/strong><\/p>\t\t\t\t\t\t\t\t<\/div>\n\t\t\t\t<\/div>\n\t\t\t\t<\/div>\n\t\t<div class=\"elementor-element elementor-element-8cd9f79 e-con-full e-flex e-con e-child\" data-id=\"8cd9f79\" data-element_type=\"container\" data-e-type=\"container\">\n\t\t\t\t<div class=\"elementor-element elementor-element-b4e2cf1 elementor-widget elementor-widget-image\" data-id=\"b4e2cf1\" data-element_type=\"widget\" data-e-type=\"widget\" data-widget_type=\"image.default\">\n\t\t\t\t<div class=\"elementor-widget-container\">\n\t\t\t\t\t\t\t\t\t\t\t\t\t\t\t<img decoding=\"async\" width=\"800\" height=\"534\" src=\"https:\/\/toolbalancerarms-3arm.com\/wp-content\/uploads\/2024\/11\/3armRoSCAMAT.jpg\" class=\"attachment-large size-large wp-image-3418\" alt=\"\" srcset=\"https:\/\/toolbalancerarms-3arm.com\/wp-content\/uploads\/2024\/11\/3armRoSCAMAT.jpg 900w, https:\/\/toolbalancerarms-3arm.com\/wp-content\/uploads\/2024\/11\/3armRoSCAMAT-300x200.jpg 300w, https:\/\/toolbalancerarms-3arm.com\/wp-content\/uploads\/2024\/11\/3armRoSCAMAT-768x513.jpg 768w\" sizes=\"(max-width: 800px) 100vw, 800px\" \/>\t\t\t\t\t\t\t\t\t\t\t\t\t\t\t<\/div>\n\t\t\t\t<\/div>\n\t\t\t\t<\/div>\n\t\t\t\t\t<\/div>\n\t\t\t\t<\/div>\n\t\t<div class=\"elementor-element elementor-element-93edeff e-flex e-con-boxed e-con e-parent\" data-id=\"93edeff\" data-element_type=\"container\" data-e-type=\"container\">\n\t\t\t\t\t<div class=\"e-con-inner\">\n\t\t<div class=\"elementor-element elementor-element-11c207f e-con-full e-flex e-con e-child\" data-id=\"11c207f\" data-element_type=\"container\" data-e-type=\"container\">\n\t\t\t\t<div class=\"elementor-element elementor-element-fbc792f elementor-widget elementor-widget-heading\" data-id=\"fbc792f\" data-element_type=\"widget\" data-e-type=\"widget\" data-widget_type=\"heading.default\">\n\t\t\t\t<div class=\"elementor-widget-container\">\n\t\t\t\t\t<h2 class=\"elementor-heading-title elementor-size-default\">3arm\u00ae SOLUTIONS ERGONOMIQUES<\/h2>\t\t\t\t<\/div>\n\t\t\t\t<\/div>\n\t\t\t\t<div class=\"elementor-element elementor-element-c9444ab elementor-widget elementor-widget-text-editor\" data-id=\"c9444ab\" data-element_type=\"widget\" data-e-type=\"widget\" data-widget_type=\"text-editor.default\">\n\t\t\t\t<div class=\"elementor-widget-container\">\n\t\t\t\t\t\t\t\t\t<p><strong>3arm\u00ae<\/strong> propose une large gamme de <strong>bras ergonomiques<\/strong> permettant de maintenir en apesanteur tout outil ou dispositif jusqu&rsquo;\u00e0 70 kg, ainsi qu&rsquo;un <strong>manipulateur<\/strong> polyvalent capable de pr\u00e9lever et de placer des pi\u00e8ces jusqu&rsquo;\u00e0 50 kg. En incluant diff\u00e9rentes zones de travail, <strong>45 t\u00eates d&rsquo;interface<\/strong> sont disponibles, des options de positionnement intelligentes et des accessoires de support portables permettent de cr\u00e9er un <strong>\u00ab\u00a0poste de travail ergonomique\u00a0\u00bb<\/strong> complet. Plus de 1 000 000 de combinaisons personnalis\u00e9es sont \u00e0 votre disposition. L&rsquo;apesanteur et l&rsquo;ing\u00e9nierie visant \u00e0 \u00e9liminer les r\u00e9actions de couple permettent \u00e0 l&rsquo;op\u00e9rateur de travailler en <strong>toute s\u00e9curit\u00e9<\/strong>, en \u00e9vitant la fatigue ou les blessures, et en<strong> augmentant la productivit\u00e9<\/strong>.<\/p>\t\t\t\t\t\t\t\t<\/div>\n\t\t\t\t<\/div>\n\t\t\t\t<\/div>\n\t\t<div class=\"elementor-element elementor-element-18c4c0b e-con-full e-flex e-con e-child\" data-id=\"18c4c0b\" data-element_type=\"container\" data-e-type=\"container\">\n\t\t\t\t<div class=\"elementor-element elementor-element-e38bfe8 elementor-widget elementor-widget-image\" data-id=\"e38bfe8\" data-element_type=\"widget\" data-e-type=\"widget\" data-widget_type=\"image.default\">\n\t\t\t\t<div class=\"elementor-widget-container\">\n\t\t\t\t\t\t\t\t\t\t\t\t\t\t\t<img decoding=\"async\" width=\"800\" height=\"423\" src=\"https:\/\/toolbalancerarms-3arm.com\/wp-content\/uploads\/2024\/11\/aboutus2.jpg\" class=\"attachment-large size-large wp-image-3419\" alt=\"\" srcset=\"https:\/\/toolbalancerarms-3arm.com\/wp-content\/uploads\/2024\/11\/aboutus2.jpg 950w, https:\/\/toolbalancerarms-3arm.com\/wp-content\/uploads\/2024\/11\/aboutus2-300x159.jpg 300w, https:\/\/toolbalancerarms-3arm.com\/wp-content\/uploads\/2024\/11\/aboutus2-768x406.jpg 768w\" sizes=\"(max-width: 800px) 100vw, 800px\" \/>\t\t\t\t\t\t\t\t\t\t\t\t\t\t\t<\/div>\n\t\t\t\t<\/div>\n\t\t\t\t<\/div>\n\t\t\t\t\t<\/div>\n\t\t\t\t<\/div>\n\t\t<div class=\"elementor-element elementor-element-1376f21 e-flex e-con-boxed e-con e-parent\" data-id=\"1376f21\" data-element_type=\"container\" data-e-type=\"container\">\n\t\t\t\t\t<div class=\"e-con-inner\">\n\t\t\t\t<div class=\"elementor-element elementor-element-00d0599 elementor-widget elementor-widget-heading\" data-id=\"00d0599\" data-element_type=\"widget\" data-e-type=\"widget\" data-widget_type=\"heading.default\">\n\t\t\t\t<div class=\"elementor-widget-container\">\n\t\t\t\t\t<p class=\"elementor-heading-title elementor-size-default\">\nLe bras ergonomique 3arm\u00ae est le bras le plus solide et le plus fiable disponible sur le march\u00e9 mondial aujourd'hui.<\/p>\t\t\t\t<\/div>\n\t\t\t\t<\/div>\n\t\t\t\t\t<\/div>\n\t\t\t\t<\/div>\n\t\t\t\t<\/div>\n\t\t","protected":false},"excerpt":{"rendered":"<p>\u00c0 propos de nous TECNOSPIRO MACHINE TOOL S.L.U. TECNOSPIRO MACHINE TOOL S.L.U. a \u00e9t\u00e9 fond\u00e9e en 1987, en fabriquant le premier bras de taraudage Roscamat\u00ae pour satisfaire ses propres besoins de production pour Spiroide (fabricant d&rsquo;engrenages coniques), qui fait partie des entreprises du groupe Spirogear (1947), dont Tecnospiro fait partie. En 2009, nous avons mis [&hellip;]<\/p>\n","protected":false},"author":1,"featured_media":0,"parent":0,"menu_order":0,"comment_status":"closed","ping_status":"closed","template":"elementor_header_footer","meta":{"footnotes":""},"class_list":["post-3417","page","type-page","status-publish","hentry"],"yoast_head":"<!-- This site is optimized with the Yoast SEO plugin v27.2 - https:\/\/yoast.com\/product\/yoast-seo-wordpress\/ -->\n<title>\u00c0 propos de 3ARM<\/title>\n<meta name=\"description\" content=\"3ARM d\u00e9veloppe depuis 1987 des bras manipulateurs 3arm et appareils de levage pour manutention industrielle et levage s\u00fbr de pi\u00e8ces et outils.\" \/>\n<meta name=\"robots\" content=\"index, follow, max-snippet:-1, max-image-preview:large, max-video-preview:-1\" \/>\n<link rel=\"canonical\" href=\"https:\/\/toolbalancerarms-3arm.com\/fr\/a-propos-de-nous\/\" \/>\n<meta property=\"og:locale\" content=\"fr_FR\" \/>\n<meta property=\"og:type\" content=\"article\" \/>\n<meta property=\"og:title\" content=\"\u00c0 propos de 3ARM\" \/>\n<meta property=\"og:description\" content=\"3ARM d\u00e9veloppe depuis 1987 des bras manipulateurs 3arm et appareils de levage pour manutention industrielle et levage s\u00fbr de pi\u00e8ces et outils.\" \/>\n<meta property=\"og:url\" content=\"https:\/\/toolbalancerarms-3arm.com\/fr\/a-propos-de-nous\/\" \/>\n<meta property=\"og:site_name\" content=\"3ARM - Tool Balancers &amp; Manipulators Arms\" \/>\n<meta property=\"article:modified_time\" content=\"2025-12-17T12:44:21+00:00\" \/>\n<meta property=\"og:image\" content=\"https:\/\/toolbalancerarms-3arm.com\/wp-content\/uploads\/2024\/11\/about1.jpg\" \/>\n\t<meta property=\"og:image:width\" content=\"1200\" \/>\n\t<meta property=\"og:image:height\" content=\"622\" \/>\n\t<meta property=\"og:image:type\" content=\"image\/jpeg\" \/>\n<meta name=\"twitter:card\" content=\"summary_large_image\" \/>\n<meta name=\"twitter:label1\" content=\"Dur\u00e9e de lecture estim\u00e9e\" \/>\n\t<meta name=\"twitter:data1\" content=\"2 minutes\" \/>\n<script type=\"application\/ld+json\" class=\"yoast-schema-graph\">{\"@context\":\"https:\/\/schema.org\",\"@graph\":[{\"@type\":\"WebPage\",\"@id\":\"https:\/\/toolbalancerarms-3arm.com\/fr\/a-propos-de-nous\/\",\"url\":\"https:\/\/toolbalancerarms-3arm.com\/fr\/a-propos-de-nous\/\",\"name\":\"\u00c0 propos de 3ARM\",\"isPartOf\":{\"@id\":\"https:\/\/toolbalancerarms-3arm.com\/fr\/#website\"},\"primaryImageOfPage\":{\"@id\":\"https:\/\/toolbalancerarms-3arm.com\/fr\/a-propos-de-nous\/#primaryimage\"},\"image\":{\"@id\":\"https:\/\/toolbalancerarms-3arm.com\/fr\/a-propos-de-nous\/#primaryimage\"},\"thumbnailUrl\":\"https:\/\/toolbalancerarms-3arm.com\/wp-content\/uploads\/2024\/11\/about1-1024x531.jpg\",\"datePublished\":\"2024-11-21T11:11:52+00:00\",\"dateModified\":\"2025-12-17T12:44:21+00:00\",\"description\":\"3ARM d\u00e9veloppe depuis 1987 des bras manipulateurs 3arm et appareils de levage pour manutention industrielle et levage s\u00fbr de pi\u00e8ces et outils.\",\"breadcrumb\":{\"@id\":\"https:\/\/toolbalancerarms-3arm.com\/fr\/a-propos-de-nous\/#breadcrumb\"},\"inLanguage\":\"fr-FR\",\"potentialAction\":[{\"@type\":\"ReadAction\",\"target\":[\"https:\/\/toolbalancerarms-3arm.com\/fr\/a-propos-de-nous\/\"]}]},{\"@type\":\"ImageObject\",\"inLanguage\":\"fr-FR\",\"@id\":\"https:\/\/toolbalancerarms-3arm.com\/fr\/a-propos-de-nous\/#primaryimage\",\"url\":\"https:\/\/toolbalancerarms-3arm.com\/wp-content\/uploads\/2024\/11\/about1-1024x531.jpg\",\"contentUrl\":\"https:\/\/toolbalancerarms-3arm.com\/wp-content\/uploads\/2024\/11\/about1-1024x531.jpg\"},{\"@type\":\"BreadcrumbList\",\"@id\":\"https:\/\/toolbalancerarms-3arm.com\/fr\/a-propos-de-nous\/#breadcrumb\",\"itemListElement\":[{\"@type\":\"ListItem\",\"position\":1,\"name\":\"Home\",\"item\":\"https:\/\/toolbalancerarms-3arm.com\/fr\/\"},{\"@type\":\"ListItem\",\"position\":2,\"name\":\"A propos de nous\"}]},{\"@type\":\"WebSite\",\"@id\":\"https:\/\/toolbalancerarms-3arm.com\/fr\/#website\",\"url\":\"https:\/\/toolbalancerarms-3arm.com\/fr\/\",\"name\":\"3ARM - Tool Balancers &amp; Manipulators Arms\",\"description\":\"Tool Balancers &amp; Manipulators Arms\",\"potentialAction\":[{\"@type\":\"SearchAction\",\"target\":{\"@type\":\"EntryPoint\",\"urlTemplate\":\"https:\/\/toolbalancerarms-3arm.com\/fr\/?s={search_term_string}\"},\"query-input\":{\"@type\":\"PropertyValueSpecification\",\"valueRequired\":true,\"valueName\":\"search_term_string\"}}],\"inLanguage\":\"fr-FR\"}]}<\/script>\n<!-- \/ Yoast SEO plugin. -->","yoast_head_json":{"title":"\u00c0 propos de 3ARM","description":"3ARM d\u00e9veloppe depuis 1987 des bras manipulateurs 3arm et appareils de levage pour manutention industrielle et levage s\u00fbr de pi\u00e8ces et outils.","robots":{"index":"index","follow":"follow","max-snippet":"max-snippet:-1","max-image-preview":"max-image-preview:large","max-video-preview":"max-video-preview:-1"},"canonical":"https:\/\/toolbalancerarms-3arm.com\/fr\/a-propos-de-nous\/","og_locale":"fr_FR","og_type":"article","og_title":"\u00c0 propos de 3ARM","og_description":"3ARM d\u00e9veloppe depuis 1987 des bras manipulateurs 3arm et appareils de levage pour manutention industrielle et levage s\u00fbr de pi\u00e8ces et outils.","og_url":"https:\/\/toolbalancerarms-3arm.com\/fr\/a-propos-de-nous\/","og_site_name":"3ARM - Tool Balancers &amp; Manipulators Arms","article_modified_time":"2025-12-17T12:44:21+00:00","og_image":[{"width":1200,"height":622,"url":"https:\/\/toolbalancerarms-3arm.com\/wp-content\/uploads\/2024\/11\/about1.jpg","type":"image\/jpeg"}],"twitter_card":"summary_large_image","twitter_misc":{"Dur\u00e9e de lecture estim\u00e9e":"2 minutes"},"schema":{"@context":"https:\/\/schema.org","@graph":[{"@type":"WebPage","@id":"https:\/\/toolbalancerarms-3arm.com\/fr\/a-propos-de-nous\/","url":"https:\/\/toolbalancerarms-3arm.com\/fr\/a-propos-de-nous\/","name":"\u00c0 propos de 3ARM","isPartOf":{"@id":"https:\/\/toolbalancerarms-3arm.com\/fr\/#website"},"primaryImageOfPage":{"@id":"https:\/\/toolbalancerarms-3arm.com\/fr\/a-propos-de-nous\/#primaryimage"},"image":{"@id":"https:\/\/toolbalancerarms-3arm.com\/fr\/a-propos-de-nous\/#primaryimage"},"thumbnailUrl":"https:\/\/toolbalancerarms-3arm.com\/wp-content\/uploads\/2024\/11\/about1-1024x531.jpg","datePublished":"2024-11-21T11:11:52+00:00","dateModified":"2025-12-17T12:44:21+00:00","description":"3ARM d\u00e9veloppe depuis 1987 des bras manipulateurs 3arm et appareils de levage pour manutention industrielle et levage s\u00fbr de pi\u00e8ces et outils.","breadcrumb":{"@id":"https:\/\/toolbalancerarms-3arm.com\/fr\/a-propos-de-nous\/#breadcrumb"},"inLanguage":"fr-FR","potentialAction":[{"@type":"ReadAction","target":["https:\/\/toolbalancerarms-3arm.com\/fr\/a-propos-de-nous\/"]}]},{"@type":"ImageObject","inLanguage":"fr-FR","@id":"https:\/\/toolbalancerarms-3arm.com\/fr\/a-propos-de-nous\/#primaryimage","url":"https:\/\/toolbalancerarms-3arm.com\/wp-content\/uploads\/2024\/11\/about1-1024x531.jpg","contentUrl":"https:\/\/toolbalancerarms-3arm.com\/wp-content\/uploads\/2024\/11\/about1-1024x531.jpg"},{"@type":"BreadcrumbList","@id":"https:\/\/toolbalancerarms-3arm.com\/fr\/a-propos-de-nous\/#breadcrumb","itemListElement":[{"@type":"ListItem","position":1,"name":"Home","item":"https:\/\/toolbalancerarms-3arm.com\/fr\/"},{"@type":"ListItem","position":2,"name":"A propos de nous"}]},{"@type":"WebSite","@id":"https:\/\/toolbalancerarms-3arm.com\/fr\/#website","url":"https:\/\/toolbalancerarms-3arm.com\/fr\/","name":"3ARM - Tool Balancers &amp; Manipulators Arms","description":"Tool Balancers &amp; Manipulators Arms","potentialAction":[{"@type":"SearchAction","target":{"@type":"EntryPoint","urlTemplate":"https:\/\/toolbalancerarms-3arm.com\/fr\/?s={search_term_string}"},"query-input":{"@type":"PropertyValueSpecification","valueRequired":true,"valueName":"search_term_string"}}],"inLanguage":"fr-FR"}]}},"_links":{"self":[{"href":"https:\/\/toolbalancerarms-3arm.com\/fr\/wp-json\/wp\/v2\/pages\/3417","targetHints":{"allow":["GET"]}}],"collection":[{"href":"https:\/\/toolbalancerarms-3arm.com\/fr\/wp-json\/wp\/v2\/pages"}],"about":[{"href":"https:\/\/toolbalancerarms-3arm.com\/fr\/wp-json\/wp\/v2\/types\/page"}],"author":[{"embeddable":true,"href":"https:\/\/toolbalancerarms-3arm.com\/fr\/wp-json\/wp\/v2\/users\/1"}],"replies":[{"embeddable":true,"href":"https:\/\/toolbalancerarms-3arm.com\/fr\/wp-json\/wp\/v2\/comments?post=3417"}],"version-history":[{"count":7,"href":"https:\/\/toolbalancerarms-3arm.com\/fr\/wp-json\/wp\/v2\/pages\/3417\/revisions"}],"predecessor-version":[{"id":4242,"href":"https:\/\/toolbalancerarms-3arm.com\/fr\/wp-json\/wp\/v2\/pages\/3417\/revisions\/4242"}],"wp:attachment":[{"href":"https:\/\/toolbalancerarms-3arm.com\/fr\/wp-json\/wp\/v2\/media?parent=3417"}],"curies":[{"name":"wp","href":"https:\/\/api.w.org\/{rel}","templated":true}]}}