{"id":3432,"date":"2024-11-25T09:29:51","date_gmt":"2024-11-25T09:29:51","guid":{"rendered":"https:\/\/toolbalancerarms-3arm.com\/mentions-legales\/"},"modified":"2025-06-25T08:58:49","modified_gmt":"2025-06-25T08:58:49","slug":"mentions-legales","status":"publish","type":"page","link":"https:\/\/toolbalancerarms-3arm.com\/fr\/mentions-legales\/","title":{"rendered":"Mentions L\u00e9gales"},"content":{"rendered":"\t\t<div data-elementor-type=\"wp-page\" data-elementor-id=\"3432\" class=\"elementor elementor-3432 elementor-1046\" data-elementor-post-type=\"page\">\n\t\t\t\t<div class=\"elementor-element elementor-element-badd6a8 e-flex e-con-boxed e-con e-parent\" data-id=\"badd6a8\" data-element_type=\"container\" data-e-type=\"container\" data-settings=\"{&quot;background_background&quot;:&quot;classic&quot;}\">\n\t\t\t\t\t<div class=\"e-con-inner\">\n\t\t\t\t<div class=\"elementor-element elementor-element-812304c elementor-widget elementor-widget-heading\" data-id=\"812304c\" data-element_type=\"widget\" data-e-type=\"widget\" data-widget_type=\"heading.default\">\n\t\t\t\t<div class=\"elementor-widget-container\">\n\t\t\t\t\t<h2 class=\"elementor-heading-title elementor-size-default\">Mentions L\u00e9gales<\/h2>\t\t\t\t<\/div>\n\t\t\t\t<\/div>\n\t\t\t\t\t<\/div>\n\t\t\t\t<\/div>\n\t\t<div class=\"elementor-element elementor-element-c7e0dc4 e-flex e-con-boxed e-con e-parent\" data-id=\"c7e0dc4\" data-element_type=\"container\" data-e-type=\"container\">\n\t\t\t\t\t<div class=\"e-con-inner\">\n\t\t\t\t<div class=\"elementor-element elementor-element-f835750 elementor-widget elementor-widget-heading\" data-id=\"f835750\" data-element_type=\"widget\" data-e-type=\"widget\" data-widget_type=\"heading.default\">\n\t\t\t\t<div class=\"elementor-widget-container\">\n\t\t\t\t\t<h2 class=\"elementor-heading-title elementor-size-default\">DROIT DES SERVICES DE LA SOCI\u00c9T\u00c9 DE L'INFORMATION (LSSI)<\/h2>\t\t\t\t<\/div>\n\t\t\t\t<\/div>\n\t\t\t\t<div class=\"elementor-element elementor-element-4716aab elementor-widget elementor-widget-text-editor\" data-id=\"4716aab\" data-element_type=\"widget\" data-e-type=\"widget\" data-widget_type=\"text-editor.default\">\n\t\t\t\t<div class=\"elementor-widget-container\">\n\t\t\t\t\t\t\t\t\t<p>TECNOSPIRO MACHINE TOOL SL, responsible for the website, hereinafter RESPONSIBLE, makes available to users this document, which aims to comply with the obligations under Law 34\/2002 of July 11, Services of the Information Society and Electronic Commerce (LSSICE), BOE No. 166, and inform all users of the website regarding what are the conditions of use.<\/p><p>Toute personne acc\u00e9dant \u00e0 ce site web assume le r\u00f4le d&rsquo;utilisateur et s&rsquo;engage \u00e0 respecter et \u00e0 faire respecter les dispositions du pr\u00e9sent document, ainsi que toute autre disposition l\u00e9gale applicable.<\/p><p>TECNOSPIRO MACHINE TOOL SL se r\u00e9serve le droit de modifier toute information pouvant figurer sur le site Web, sans obligation de pr\u00e9avis ou d&rsquo;information des utilisateurs, \u00e9tant entendu que la publication sur le site Web de TECNOSPIRO MACHINE TOOL SL est suffisante.<\/p>\t\t\t\t\t\t\t\t<\/div>\n\t\t\t\t<\/div>\n\t\t\t\t\t<\/div>\n\t\t\t\t<\/div>\n\t\t<div class=\"elementor-element elementor-element-89c8049 e-flex e-con-boxed e-con e-parent\" data-id=\"89c8049\" data-element_type=\"container\" data-e-type=\"container\">\n\t\t\t\t\t<div class=\"e-con-inner\">\n\t\t\t\t<div class=\"elementor-element elementor-element-3b18033 elementor-widget elementor-widget-heading\" data-id=\"3b18033\" data-element_type=\"widget\" data-e-type=\"widget\" data-widget_type=\"heading.default\">\n\t\t\t\t<div class=\"elementor-widget-container\">\n\t\t\t\t\t<h2 class=\"elementor-heading-title elementor-size-default\">1. Donn\u00e9es d'identification<\/h2>\t\t\t\t<\/div>\n\t\t\t\t<\/div>\n\t\t\t\t<div class=\"elementor-element elementor-element-5b73c1d elementor-widget elementor-widget-text-editor\" data-id=\"5b73c1d\" data-element_type=\"widget\" data-e-type=\"widget\" data-widget_type=\"text-editor.default\">\n\t\t\t\t<div class=\"elementor-widget-container\">\n\t\t\t\t\t\t\t\t\t<p>Nom de domaine: https:\/\/3arm.avannubo.net<br>Nom commercial: ROSCAMAT &#8211; 3ARM<br>Nom de l&rsquo;entrprise: TECNOSPIRO MACHINE TOOL SL<br>N\u00ba fiscal: B64824287<br>Adresse enregistr\u00e9e: P.I. PLA DELS VINYATS I, S\/N, I 08250 SANT JOAN DE VILATORRADA<br>T\u00e9l\u00e9phone: 938764359<br>Courriel: 3arm@3arm.net<\/p>\t\t\t\t\t\t\t\t<\/div>\n\t\t\t\t<\/div>\n\t\t\t\t\t<\/div>\n\t\t\t\t<\/div>\n\t\t<div class=\"elementor-element elementor-element-c541f88 e-flex e-con-boxed e-con e-parent\" data-id=\"c541f88\" data-element_type=\"container\" data-e-type=\"container\">\n\t\t\t\t\t<div class=\"e-con-inner\">\n\t\t\t\t<div class=\"elementor-element elementor-element-a7246a4 elementor-widget elementor-widget-heading\" data-id=\"a7246a4\" data-element_type=\"widget\" data-e-type=\"widget\" data-widget_type=\"heading.default\">\n\t\t\t\t<div class=\"elementor-widget-container\">\n\t\t\t\t\t<h2 class=\"elementor-heading-title elementor-size-default\">2. Droits de propri\u00e9t\u00e9 intellectuelle et industrielle<\/h2>\t\t\t\t<\/div>\n\t\t\t\t<\/div>\n\t\t\t\t<div class=\"elementor-element elementor-element-80554bc elementor-widget elementor-widget-text-editor\" data-id=\"80554bc\" data-element_type=\"widget\" data-e-type=\"widget\" data-widget_type=\"text-editor.default\">\n\t\t\t\t<div class=\"elementor-widget-container\">\n\t\t\t\t\t\t\t\t\t<p>Le site Internet, y compris mais sans s&rsquo;y limiter, sa programmation, son \u00e9dition, sa compilation et autres \u00e9l\u00e9ments n\u00e9cessaires \u00e0 son fonctionnement, ses designs, logos, textes et\/ou graphismes, sont la propri\u00e9t\u00e9 du RESPONSABLE ou, le cas \u00e9ch\u00e9ant, dispose d&rsquo;une licence ou d&rsquo;une autorisation expresse des auteurs. Tous les contenus du site Web sont d\u00fbment prot\u00e9g\u00e9s par la r\u00e9glementation en mati\u00e8re de propri\u00e9t\u00e9 intellectuelle et industrielle, ainsi que enregistr\u00e9s dans les registres publics correspondants. <\/p><p>Quelle que soit la finalit\u00e9 \u00e0 laquelle elles sont destin\u00e9es, la reproduction totale ou partielle, l&rsquo;utilisation, l&rsquo;exploitation, la distribution et la commercialisation, n\u00e9cessitent en tout \u00e9tat de cause l&rsquo;autorisation \u00e9crite pr\u00e9alable du RESPONSABLE. Toute utilisation non pr\u00e9alablement autoris\u00e9e est consid\u00e9r\u00e9e comme une atteinte grave aux droits de propri\u00e9t\u00e9 intellectuelle ou industrielle de l&rsquo;auteur.  <\/p><p>Les dessins, logos, textes et\/ou graphiques qui n&rsquo;appartiennent pas au RESPONSABLE et qui peuvent appara\u00eetre sur le site web, appartiennent \u00e0 leurs propri\u00e9taires respectifs, qui sont eux-m\u00eames responsables de toute \u00e9ventuelle controverse qui pourrait survenir \u00e0 leur sujet. Le RESPONSABLE autorise express\u00e9ment les tiers \u00e0 rediriger directement vers les contenus sp\u00e9cifiques du site, et dans tous les cas \u00e0 rediriger vers le site principal https:\/\/3arm.avannubo.net. <\/p><p>Le RESPONSABLE reconna\u00eet \u00e0 leurs propri\u00e9taires les droits de propri\u00e9t\u00e9 intellectuelle et industrielle correspondants, et leur simple mention ou apparition sur le site web n&rsquo;implique pas l&rsquo;existence de droits ou de responsabilit\u00e9s quelconques \u00e0 leur \u00e9gard, ni leur approbation, leur parrainage ou leur recommandation. <\/p><p>Pour faire des commentaires sur d&rsquo;\u00e9ventuelles violations des droits de propri\u00e9t\u00e9 intellectuelle ou industrielle, ainsi que sur n&rsquo;importe quel contenu du site web, vous pouvez le faire par courrier \u00e9lectronique 3arm@3arm.net.<\/p>\t\t\t\t\t\t\t\t<\/div>\n\t\t\t\t<\/div>\n\t\t\t\t\t<\/div>\n\t\t\t\t<\/div>\n\t\t<div class=\"elementor-element elementor-element-2988a4a e-flex e-con-boxed e-con e-parent\" data-id=\"2988a4a\" data-element_type=\"container\" data-e-type=\"container\">\n\t\t\t\t\t<div class=\"e-con-inner\">\n\t\t\t\t<div class=\"elementor-element elementor-element-09edd72 elementor-widget elementor-widget-heading\" data-id=\"09edd72\" data-element_type=\"widget\" data-e-type=\"widget\" data-widget_type=\"heading.default\">\n\t\t\t\t<div class=\"elementor-widget-container\">\n\t\t\t\t\t<h2 class=\"elementor-heading-title elementor-size-default\">3. Exon\u00e9ration de responsabilit\u00e9<\/h2>\t\t\t\t<\/div>\n\t\t\t\t<\/div>\n\t\t\t\t<div class=\"elementor-element elementor-element-fc12e7b elementor-widget elementor-widget-text-editor\" data-id=\"fc12e7b\" data-element_type=\"widget\" data-e-type=\"widget\" data-widget_type=\"text-editor.default\">\n\t\t\t\t<div class=\"elementor-widget-container\">\n\t\t\t\t\t\t\t\t\t<p>Le RESPONSABLE d\u00e9cline toute responsabilit\u00e9 quant aux informations publi\u00e9es sur son site Internet \u00e0 condition que ces informations aient \u00e9t\u00e9 manipul\u00e9es ou introduites par un tiers ext\u00e9rieur \u00e0 lui.<\/p><h3>Utilisation des cookies<\/h3><p>Ce site Web peut utiliser des cookies techniques (petits fichiers d&rsquo;informations que le serveur envoie \u00e0 l&rsquo;ordinateur de la personne acc\u00e9dant \u00e0 la page) pour ex\u00e9cuter certaines fonctions consid\u00e9r\u00e9es comme essentielles au bon fonctionnement et \u00e0 la visualisation du site. Les cookies utilis\u00e9s sont, dans tous les cas, de nature temporaire, dans le seul but de rendre la navigation plus efficace, et disparaissent \u00e0 la fin de la session de l&rsquo;utilisateur. En aucun cas ces cookies ne fournissent eux-m\u00eames de donn\u00e9es personnelles et ne seront utilis\u00e9s pour les collecter.  <\/p><p>Gr\u00e2ce \u00e0 l&rsquo;utilisation de cookies, il est \u00e9galement possible que le serveur o\u00f9 se trouve le site web reconnaisse le navigateur utilis\u00e9 par l&rsquo;utilisateur afin de faciliter la navigation, en permettant, par exemple, aux utilisateurs qui se sont pr\u00e9alablement enregistr\u00e9s d&rsquo;acc\u00e9der \u00e0 des zones, des services, des promotions ou des concours qui leur sont exclusivement r\u00e9serv\u00e9s, sans avoir \u00e0 s&rsquo;enregistrer \u00e0 chaque fois qu&rsquo;ils visitent le site. <\/p><p>Ils peuvent \u00e9galement \u00eatre utilis\u00e9s pour mesurer l&rsquo;audience, les param\u00e8tres de trafic, contr\u00f4ler la progression et le nombre d&rsquo;inscriptions, etc. Ce site web n&rsquo;installera pas de cookies dispensables sans le consentement pr\u00e9alable de l&rsquo;utilisateur. <\/p><p>Ce site web utilise ses propres cookies et ceux de tiers \u00e0 des fins d&rsquo;analyse et pour vous pr\u00e9senter des publicit\u00e9s personnalis\u00e9es bas\u00e9es sur un profil \u00e9tabli \u00e0 partir de vos habitudes de navigation (par exemple, les pages visit\u00e9es). <\/p><p>Chaque utilisateur qui visite le site web est inform\u00e9 de l&rsquo;utilisation de ces cookies au moyen d&rsquo;une banni\u00e8re flottante. En cas d&rsquo;acceptation de leur utilisation, la banni\u00e8re dispara\u00eetra, bien que vous puissiez \u00e0 tout moment r\u00e9voquer votre consentement et obtenir plus d&rsquo;informations en consultant notre Politique en mati\u00e8re de cookies. L&rsquo;utilisateur a la possibilit\u00e9 de configurer son navigateur pour \u00eatre alert\u00e9 de la r\u00e9ception de cookies et pour emp\u00eacher leur installation sur son ordinateur. Veuillez vous r\u00e9f\u00e9rer aux instructions de votre navigateur pour plus d&rsquo;informations.   <\/p><h3>Politique de lien<\/h3><p>\u00c0 partir du site web, vous pouvez \u00eatre redirig\u00e9 vers le contenu de sites web de tiers. \u00c9tant donn\u00e9 que le RESPONSABLE ne peut pas toujours contr\u00f4ler les contenus introduits par des tiers sur leurs sites web respectifs, il n&rsquo;assume aucune responsabilit\u00e9 pour ces contenus.  <\/p><p>Dans tous les cas, il proc\u00e9dera au retrait imm\u00e9diat de tout contenu qui pourrait contrevenir \u00e0 la l\u00e9gislation nationale ou internationale, \u00e0 la morale ou \u00e0 l\u2019ordre public, en proc\u00e9dant au retrait imm\u00e9diat de la redirection vers ce site Web, en informant les autorit\u00e9s comp\u00e9tentes du contenu en question.<\/p><p>Le RESPONSABLE n\u2019est pas responsable des informations et du contenu stock\u00e9s, y compris, mais sans s\u2019y limiter, dans les forums, les chats, les g\u00e9n\u00e9rateurs de blogs, les commentaires, les r\u00e9seaux sociaux ou tout autre moyen permettant \u00e0 des tiers de publier du contenu de mani\u00e8re ind\u00e9pendante sur le site Web du RESPONSABLE. <\/p><p>Toutefois, et dans le respect des dispositions des articles 11 et 16 de la LSSICE, est \u00e0 la disposition de tous les utilisateurs, autorit\u00e9s et forces de s\u00e9curit\u00e9, collaborant activement \u00e0 la suppression ou, le cas \u00e9ch\u00e9ant, au blocage de tous les contenus susceptibles d\u2019affecter ou de contrevenir au droit national ou international, aux droits des tiers ou \u00e0 la morale et \u00e0 l\u2019ordre public. Dans le cas o\u00f9 l\u2019utilisateur consid\u00e8re qu\u2019il existe un contenu sur le site Web qui pourrait \u00eatre susceptible de cette classification, veuillez en informer imm\u00e9diatement l\u2019administrateur du site Web. <\/p><p>Ce site Web a \u00e9t\u00e9 v\u00e9rifi\u00e9 et test\u00e9 pour garantir son bon fonctionnement. En principe, son bon fonctionnement peut \u00eatre garanti 365 jours par an, 24 heures sur 24. Cependant, le RESPONSABLE n&rsquo;exclut pas la possibilit\u00e9 de certaines erreurs de programmation, ni la survenance de cas de force majeure, de catastrophes naturelles, de gr\u00e8ves ou de circonstances similaires rendant impossible l&rsquo;acc\u00e8s au site Internet.  <\/p><h3>Adresses IP<\/h3><p>Les serveurs du site Web peuvent d\u00e9tecter automatiquement l&rsquo;adresse IP et le nom de domaine utilis\u00e9s par l&rsquo;utilisateur. Une adresse IP est un num\u00e9ro automatiquement attribu\u00e9 \u00e0 un ordinateur lorsqu&rsquo;il se connecte \u00e0 Internet. Toutes ces informations sont enregistr\u00e9es dans un fichier d&rsquo;activit\u00e9 du serveur d\u00fbment enregistr\u00e9 qui permet le traitement ult\u00e9rieur des donn\u00e9es afin d&rsquo;obtenir uniquement des mesures statistiques nous permettant de conna\u00eetre le nombre d&rsquo;impressions de pages, le nombre de visites effectu\u00e9es sur les serveurs web, l&rsquo;ordre des visites, le point d&rsquo;acc\u00e8s, etc.  <\/p>\t\t\t\t\t\t\t\t<\/div>\n\t\t\t\t<\/div>\n\t\t\t\t\t<\/div>\n\t\t\t\t<\/div>\n\t\t<div class=\"elementor-element elementor-element-a962c4c e-flex e-con-boxed e-con e-parent\" data-id=\"a962c4c\" data-element_type=\"container\" data-e-type=\"container\">\n\t\t\t\t\t<div class=\"e-con-inner\">\n\t\t\t\t<div class=\"elementor-element elementor-element-b51123a elementor-widget elementor-widget-heading\" data-id=\"b51123a\" data-element_type=\"widget\" data-e-type=\"widget\" data-widget_type=\"heading.default\">\n\t\t\t\t<div class=\"elementor-widget-container\">\n\t\t\t\t\t<h2 class=\"elementor-heading-title elementor-size-default\">4. Loi applicable et juridiction<\/h2>\t\t\t\t<\/div>\n\t\t\t\t<\/div>\n\t\t\t\t<div class=\"elementor-element elementor-element-82be653 elementor-widget elementor-widget-text-editor\" data-id=\"82be653\" data-element_type=\"widget\" data-e-type=\"widget\" data-widget_type=\"text-editor.default\">\n\t\t\t\t<div class=\"elementor-widget-container\">\n\t\t\t\t\t\t\t\t\t<p>Pour la r\u00e9solution de tous litiges ou questions li\u00e9s \u00e0 ce site Web ou aux activit\u00e9s qui y sont d\u00e9velopp\u00e9es, s&rsquo;appliquera la loi espagnole, \u00e0 laquelle les parties se soumettent express\u00e9ment, \u00e9tant comp\u00e9tentes pour la r\u00e9solution de tous les litiges d\u00e9coulant de ou li\u00e9s \u00e0 son utilisation les Cours et Tribunaux du domicile de l&rsquo;UTILISATEUR ou du lieu d&rsquo;ex\u00e9cution de l&rsquo;obligation.<\/p>\t\t\t\t\t\t\t\t<\/div>\n\t\t\t\t<\/div>\n\t\t\t\t\t<\/div>\n\t\t\t\t<\/div>\n\t\t\t\t<\/div>\n\t\t","protected":false},"excerpt":{"rendered":"<p>Mentions L\u00e9gales DROIT DES SERVICES DE LA SOCI\u00c9T\u00c9 DE L&rsquo;INFORMATION (LSSI) TECNOSPIRO MACHINE TOOL SL, responsible for the website, hereinafter RESPONSIBLE, makes available to users this document, which aims to comply with the obligations under Law 34\/2002 of July 11, Services of the Information Society and Electronic Commerce (LSSICE), BOE No. 166, and inform all [&hellip;]<\/p>\n","protected":false},"author":1,"featured_media":0,"parent":0,"menu_order":0,"comment_status":"closed","ping_status":"closed","template":"elementor_header_footer","meta":{"footnotes":""},"class_list":["post-3432","page","type-page","status-publish","hentry"],"yoast_head":"<!-- This site is optimized with the Yoast SEO plugin v27.2 - https:\/\/yoast.com\/product\/yoast-seo-wordpress\/ -->\n<title>Mentions L\u00e9gales - 3ARM - Tool Balancers &amp; Manipulators Arms<\/title>\n<meta name=\"robots\" content=\"index, follow, max-snippet:-1, max-image-preview:large, max-video-preview:-1\" \/>\n<link rel=\"canonical\" href=\"https:\/\/toolbalancerarms-3arm.com\/fr\/mentions-legales\/\" \/>\n<meta property=\"og:locale\" content=\"fr_FR\" \/>\n<meta property=\"og:type\" content=\"article\" \/>\n<meta property=\"og:title\" content=\"Mentions L\u00e9gales - 3ARM - Tool Balancers &amp; Manipulators Arms\" \/>\n<meta property=\"og:description\" content=\"Mentions L\u00e9gales DROIT DES SERVICES DE LA SOCI\u00c9T\u00c9 DE L&rsquo;INFORMATION (LSSI) TECNOSPIRO MACHINE TOOL SL, responsible for the website, hereinafter RESPONSIBLE, makes available to users this document, which aims to comply with the obligations under Law 34\/2002 of July 11, Services of the Information Society and Electronic Commerce (LSSICE), BOE No. 166, and inform all [&hellip;]\" \/>\n<meta property=\"og:url\" content=\"https:\/\/toolbalancerarms-3arm.com\/fr\/mentions-legales\/\" \/>\n<meta property=\"og:site_name\" content=\"3ARM - Tool Balancers &amp; Manipulators Arms\" \/>\n<meta property=\"article:modified_time\" content=\"2025-06-25T08:58:49+00:00\" \/>\n<meta name=\"twitter:card\" content=\"summary_large_image\" \/>\n<meta name=\"twitter:label1\" content=\"Dur\u00e9e de lecture estim\u00e9e\" \/>\n\t<meta name=\"twitter:data1\" content=\"7 minutes\" \/>\n<script type=\"application\/ld+json\" class=\"yoast-schema-graph\">{\"@context\":\"https:\/\/schema.org\",\"@graph\":[{\"@type\":\"WebPage\",\"@id\":\"https:\/\/toolbalancerarms-3arm.com\/fr\/mentions-legales\/\",\"url\":\"https:\/\/toolbalancerarms-3arm.com\/fr\/mentions-legales\/\",\"name\":\"Mentions L\u00e9gales - 3ARM - Tool Balancers &amp; Manipulators Arms\",\"isPartOf\":{\"@id\":\"https:\/\/toolbalancerarms-3arm.com\/fr\/#website\"},\"datePublished\":\"2024-11-25T09:29:51+00:00\",\"dateModified\":\"2025-06-25T08:58:49+00:00\",\"breadcrumb\":{\"@id\":\"https:\/\/toolbalancerarms-3arm.com\/fr\/mentions-legales\/#breadcrumb\"},\"inLanguage\":\"fr-FR\",\"potentialAction\":[{\"@type\":\"ReadAction\",\"target\":[\"https:\/\/toolbalancerarms-3arm.com\/fr\/mentions-legales\/\"]}]},{\"@type\":\"BreadcrumbList\",\"@id\":\"https:\/\/toolbalancerarms-3arm.com\/fr\/mentions-legales\/#breadcrumb\",\"itemListElement\":[{\"@type\":\"ListItem\",\"position\":1,\"name\":\"Home\",\"item\":\"https:\/\/toolbalancerarms-3arm.com\/fr\/\"},{\"@type\":\"ListItem\",\"position\":2,\"name\":\"Mentions L\u00e9gales\"}]},{\"@type\":\"WebSite\",\"@id\":\"https:\/\/toolbalancerarms-3arm.com\/fr\/#website\",\"url\":\"https:\/\/toolbalancerarms-3arm.com\/fr\/\",\"name\":\"3ARM - Tool Balancers &amp; Manipulators Arms\",\"description\":\"Tool Balancers &amp; Manipulators Arms\",\"potentialAction\":[{\"@type\":\"SearchAction\",\"target\":{\"@type\":\"EntryPoint\",\"urlTemplate\":\"https:\/\/toolbalancerarms-3arm.com\/fr\/?s={search_term_string}\"},\"query-input\":{\"@type\":\"PropertyValueSpecification\",\"valueRequired\":true,\"valueName\":\"search_term_string\"}}],\"inLanguage\":\"fr-FR\"}]}<\/script>\n<!-- \/ Yoast SEO plugin. -->","yoast_head_json":{"title":"Mentions L\u00e9gales - 3ARM - Tool Balancers &amp; Manipulators Arms","robots":{"index":"index","follow":"follow","max-snippet":"max-snippet:-1","max-image-preview":"max-image-preview:large","max-video-preview":"max-video-preview:-1"},"canonical":"https:\/\/toolbalancerarms-3arm.com\/fr\/mentions-legales\/","og_locale":"fr_FR","og_type":"article","og_title":"Mentions L\u00e9gales - 3ARM - Tool Balancers &amp; Manipulators Arms","og_description":"Mentions L\u00e9gales DROIT DES SERVICES DE LA SOCI\u00c9T\u00c9 DE L&rsquo;INFORMATION (LSSI) TECNOSPIRO MACHINE TOOL SL, responsible for the website, hereinafter RESPONSIBLE, makes available to users this document, which aims to comply with the obligations under Law 34\/2002 of July 11, Services of the Information Society and Electronic Commerce (LSSICE), BOE No. 166, and inform all [&hellip;]","og_url":"https:\/\/toolbalancerarms-3arm.com\/fr\/mentions-legales\/","og_site_name":"3ARM - Tool Balancers &amp; Manipulators Arms","article_modified_time":"2025-06-25T08:58:49+00:00","twitter_card":"summary_large_image","twitter_misc":{"Dur\u00e9e de lecture estim\u00e9e":"7 minutes"},"schema":{"@context":"https:\/\/schema.org","@graph":[{"@type":"WebPage","@id":"https:\/\/toolbalancerarms-3arm.com\/fr\/mentions-legales\/","url":"https:\/\/toolbalancerarms-3arm.com\/fr\/mentions-legales\/","name":"Mentions L\u00e9gales - 3ARM - Tool Balancers &amp; Manipulators Arms","isPartOf":{"@id":"https:\/\/toolbalancerarms-3arm.com\/fr\/#website"},"datePublished":"2024-11-25T09:29:51+00:00","dateModified":"2025-06-25T08:58:49+00:00","breadcrumb":{"@id":"https:\/\/toolbalancerarms-3arm.com\/fr\/mentions-legales\/#breadcrumb"},"inLanguage":"fr-FR","potentialAction":[{"@type":"ReadAction","target":["https:\/\/toolbalancerarms-3arm.com\/fr\/mentions-legales\/"]}]},{"@type":"BreadcrumbList","@id":"https:\/\/toolbalancerarms-3arm.com\/fr\/mentions-legales\/#breadcrumb","itemListElement":[{"@type":"ListItem","position":1,"name":"Home","item":"https:\/\/toolbalancerarms-3arm.com\/fr\/"},{"@type":"ListItem","position":2,"name":"Mentions L\u00e9gales"}]},{"@type":"WebSite","@id":"https:\/\/toolbalancerarms-3arm.com\/fr\/#website","url":"https:\/\/toolbalancerarms-3arm.com\/fr\/","name":"3ARM - Tool Balancers &amp; Manipulators Arms","description":"Tool Balancers &amp; Manipulators Arms","potentialAction":[{"@type":"SearchAction","target":{"@type":"EntryPoint","urlTemplate":"https:\/\/toolbalancerarms-3arm.com\/fr\/?s={search_term_string}"},"query-input":{"@type":"PropertyValueSpecification","valueRequired":true,"valueName":"search_term_string"}}],"inLanguage":"fr-FR"}]}},"_links":{"self":[{"href":"https:\/\/toolbalancerarms-3arm.com\/fr\/wp-json\/wp\/v2\/pages\/3432","targetHints":{"allow":["GET"]}}],"collection":[{"href":"https:\/\/toolbalancerarms-3arm.com\/fr\/wp-json\/wp\/v2\/pages"}],"about":[{"href":"https:\/\/toolbalancerarms-3arm.com\/fr\/wp-json\/wp\/v2\/types\/page"}],"author":[{"embeddable":true,"href":"https:\/\/toolbalancerarms-3arm.com\/fr\/wp-json\/wp\/v2\/users\/1"}],"replies":[{"embeddable":true,"href":"https:\/\/toolbalancerarms-3arm.com\/fr\/wp-json\/wp\/v2\/comments?post=3432"}],"version-history":[{"count":1,"href":"https:\/\/toolbalancerarms-3arm.com\/fr\/wp-json\/wp\/v2\/pages\/3432\/revisions"}],"predecessor-version":[{"id":3433,"href":"https:\/\/toolbalancerarms-3arm.com\/fr\/wp-json\/wp\/v2\/pages\/3432\/revisions\/3433"}],"wp:attachment":[{"href":"https:\/\/toolbalancerarms-3arm.com\/fr\/wp-json\/wp\/v2\/media?parent=3432"}],"curies":[{"name":"wp","href":"https:\/\/api.w.org\/{rel}","templated":true}]}}