{"id":3435,"date":"2024-11-21T11:33:47","date_gmt":"2024-11-21T11:33:47","guid":{"rendered":"https:\/\/toolbalancerarms-3arm.com\/manipulateurs\/"},"modified":"2025-12-11T14:41:27","modified_gmt":"2025-12-11T14:41:27","slug":"manipulateurs","status":"publish","type":"page","link":"https:\/\/toolbalancerarms-3arm.com\/fr\/manipulateurs\/","title":{"rendered":"Manipulateurs"},"content":{"rendered":"\t\t<div data-elementor-type=\"wp-page\" data-elementor-id=\"3435\" class=\"elementor elementor-3435 elementor-87\" data-elementor-post-type=\"page\">\n\t\t\t\t<div class=\"elementor-element elementor-element-47f857c e-flex e-con-boxed e-con e-parent\" data-id=\"47f857c\" data-element_type=\"container\" data-e-type=\"container\" data-settings=\"{&quot;background_background&quot;:&quot;classic&quot;}\">\n\t\t\t\t\t<div class=\"e-con-inner\">\n\t\t<div class=\"elementor-element elementor-element-ea33643 e-con-full e-flex e-con e-child\" data-id=\"ea33643\" data-element_type=\"container\" data-e-type=\"container\">\n\t\t\t\t<div class=\"elementor-element elementor-element-6228a32 elementor-widget elementor-widget-heading\" data-id=\"6228a32\" data-element_type=\"widget\" data-e-type=\"widget\" data-widget_type=\"heading.default\">\n\t\t\t\t<div class=\"elementor-widget-container\">\n\t\t\t\t\t<h1 class=\"elementor-heading-title elementor-size-default\">Bras Manipulateur Industriel<\/h1>\t\t\t\t<\/div>\n\t\t\t\t<\/div>\n\t\t\t\t<div class=\"elementor-element elementor-element-4a66138 elementor-widget elementor-widget-heading\" data-id=\"4a66138\" data-element_type=\"widget\" data-e-type=\"widget\" data-widget_type=\"heading.default\">\n\t\t\t\t<div class=\"elementor-widget-container\">\n\t\t\t\t\t<p class=\"elementor-heading-title elementor-size-default\">Le bras manipulateur industriel 3ARM\u00ae peut \u00eatre \u00e9quip\u00e9 de diff\u00e9rents outils de pr\u00e9hension sp\u00e9cialis\u00e9s. Il est con\u00e7u pour manipuler, centrer et positionner manuellement des charges jusqu\u2019\u00e0 50\u202fkg en condition ingravide et dans toutes les directions. Ce bras manipulateur facilite la manutention assist\u00e9e et am\u00e9liore l\u2019ergonomie au travail, permettant \u00e0 l\u2019op\u00e9rateur de travailler avec pr\u00e9cision, s\u00e9curit\u00e9 et sans effort.<\/p>\t\t\t\t<\/div>\n\t\t\t\t<\/div>\n\t\t\t\t<\/div>\n\t\t\t\t\t<\/div>\n\t\t\t\t<\/div>\n\t\t<div class=\"elementor-element elementor-element-75c1147 e-flex e-con-boxed e-con e-parent\" data-id=\"75c1147\" data-element_type=\"container\" data-e-type=\"container\">\n\t\t\t\t\t<div class=\"e-con-inner\">\n\t\t<div class=\"elementor-element elementor-element-50808ce e-con-full e-flex e-con e-child\" data-id=\"50808ce\" data-element_type=\"container\" data-e-type=\"container\">\n\t\t\t\t<div class=\"elementor-element elementor-element-5e51157 elementor-widget elementor-widget-heading\" data-id=\"5e51157\" data-element_type=\"widget\" data-e-type=\"widget\" data-widget_type=\"heading.default\">\n\t\t\t\t<div class=\"elementor-widget-container\">\n\t\t\t\t\t<p class=\"elementor-heading-title elementor-size-default\">SOLUTIONS ERGONOMIQUES<\/p>\t\t\t\t<\/div>\n\t\t\t\t<\/div>\n\t\t\t\t<div class=\"elementor-element elementor-element-7fe3e5a elementor-widget elementor-widget-heading\" data-id=\"7fe3e5a\" data-element_type=\"widget\" data-e-type=\"widget\" data-widget_type=\"heading.default\">\n\t\t\t\t<div class=\"elementor-widget-container\">\n\t\t\t\t\t<h2 class=\"elementor-heading-title elementor-size-default\">Manipulateur M3<\/h2>\t\t\t\t<\/div>\n\t\t\t\t<\/div>\n\t\t\t\t<div class=\"elementor-element elementor-element-8a48681 elementor-widget elementor-widget-heading\" data-id=\"8a48681\" data-element_type=\"widget\" data-e-type=\"widget\" data-widget_type=\"heading.default\">\n\t\t\t\t<div class=\"elementor-widget-container\">\n\t\t\t\t\t<p class=\"elementor-heading-title elementor-size-default\">Comme il s'agit du manipulateur de charge \u00e0 commande manuelle le plus l\u00e9ger (\n), il est particuli\u00e8rement facile \u00e0 manipuler.<\/p>\t\t\t\t<\/div>\n\t\t\t\t<\/div>\n\t\t\t\t<div class=\"elementor-element elementor-element-3da0999 elementor-widget elementor-widget-heading\" data-id=\"3da0999\" data-element_type=\"widget\" data-e-type=\"widget\" data-widget_type=\"heading.default\">\n\t\t\t\t<div class=\"elementor-widget-container\">\n\t\t\t\t\t<p class=\"elementor-heading-title elementor-size-default\">Le Manipulateur 3arm\u00ae M3 peut \u00eatre \u00e9quip\u00e9 d'une vari\u00e9t\u00e9 d'outils de pr\u00e9hension sp\u00e9cialis\u00e9s (\n). Il est con\u00e7u\npour manipuler, centrer et r\u00e9gler manuellement des charges allant jusqu'\u00e0\n25 kg en \u00e9tat d'apesanteur, dans n'importe quelle direction.\nLe Manipulateur aide l'op\u00e9rateur \u00e0 effectuer des manipulations pr\u00e9cises\nergonomiques, sans effort et en toute s\u00e9curit\u00e9. <\/p>\t\t\t\t<\/div>\n\t\t\t\t<\/div>\n\t\t\t\t<div class=\"elementor-element elementor-element-19cb059 elementor-widget elementor-widget-button\" data-id=\"19cb059\" data-element_type=\"widget\" data-e-type=\"widget\" data-widget_type=\"button.default\">\n\t\t\t\t<div class=\"elementor-widget-container\">\n\t\t\t\t\t\t\t\t\t<div class=\"elementor-button-wrapper\">\n\t\t\t\t\t<a class=\"elementor-button elementor-button-link elementor-size-sm\" href=\"https:\/\/toolbalancerarms-3arm.com\/manipulators\/manipulator-m3\/\">\n\t\t\t\t\t\t<span class=\"elementor-button-content-wrapper\">\n\t\t\t\t\t\t\t\t\t<span class=\"elementor-button-text\">Voir plus<\/span>\n\t\t\t\t\t<\/span>\n\t\t\t\t\t<\/a>\n\t\t\t\t<\/div>\n\t\t\t\t\t\t\t\t<\/div>\n\t\t\t\t<\/div>\n\t\t\t\t<\/div>\n\t\t<div class=\"elementor-element elementor-element-80b7dc6 e-con-full e-flex e-con e-child\" data-id=\"80b7dc6\" data-element_type=\"container\" data-e-type=\"container\">\n\t\t\t\t<div class=\"elementor-element elementor-element-1775ed5 elementor-widget elementor-widget-image\" data-id=\"1775ed5\" data-element_type=\"widget\" data-e-type=\"widget\" data-widget_type=\"image.default\">\n\t\t\t\t<div class=\"elementor-widget-container\">\n\t\t\t\t\t\t\t\t\t\t\t\t\t\t\t<img fetchpriority=\"high\" decoding=\"async\" width=\"800\" height=\"800\" src=\"https:\/\/toolbalancerarms-3arm.com\/wp-content\/uploads\/2024\/11\/MANIPULATOR-M3-1.png\" class=\"attachment-large size-large wp-image-3438\" alt=\"Manipulator M3 Arm by 3Arm\" srcset=\"https:\/\/toolbalancerarms-3arm.com\/wp-content\/uploads\/2024\/11\/MANIPULATOR-M3-1.png 1000w, https:\/\/toolbalancerarms-3arm.com\/wp-content\/uploads\/2024\/11\/MANIPULATOR-M3-1-300x300.png 300w, https:\/\/toolbalancerarms-3arm.com\/wp-content\/uploads\/2024\/11\/MANIPULATOR-M3-1-150x150.png 150w, https:\/\/toolbalancerarms-3arm.com\/wp-content\/uploads\/2024\/11\/MANIPULATOR-M3-1-768x768.png 768w\" sizes=\"(max-width: 800px) 100vw, 800px\" \/>\t\t\t\t\t\t\t\t\t\t\t\t\t\t\t<\/div>\n\t\t\t\t<\/div>\n\t\t\t\t<\/div>\n\t\t\t\t\t<\/div>\n\t\t\t\t<\/div>\n\t\t<div class=\"elementor-element elementor-element-7e52fad e-flex e-con-boxed e-con e-parent\" data-id=\"7e52fad\" data-element_type=\"container\" data-e-type=\"container\">\n\t\t\t\t\t<div class=\"e-con-inner\">\n\t\t<div class=\"elementor-element elementor-element-1ed19b8 e-con-full e-flex e-con e-child\" data-id=\"1ed19b8\" data-element_type=\"container\" data-e-type=\"container\">\n\t\t\t\t<div class=\"elementor-element elementor-element-593999b elementor-widget elementor-widget-heading\" data-id=\"593999b\" data-element_type=\"widget\" data-e-type=\"widget\" data-widget_type=\"heading.default\">\n\t\t\t\t<div class=\"elementor-widget-container\">\n\t\t\t\t\t<p class=\"elementor-heading-title elementor-size-default\">SOLUTIONS ERGONOMIQUES<\/p>\t\t\t\t<\/div>\n\t\t\t\t<\/div>\n\t\t\t\t<div class=\"elementor-element elementor-element-6dff1f3 elementor-widget elementor-widget-heading\" data-id=\"6dff1f3\" data-element_type=\"widget\" data-e-type=\"widget\" data-widget_type=\"heading.default\">\n\t\t\t\t<div class=\"elementor-widget-container\">\n\t\t\t\t\t<h2 class=\"elementor-heading-title elementor-size-default\">Manipulateur M5<\/h2>\t\t\t\t<\/div>\n\t\t\t\t<\/div>\n\t\t\t\t<div class=\"elementor-element elementor-element-7bf0f5f elementor-widget elementor-widget-heading\" data-id=\"7bf0f5f\" data-element_type=\"widget\" data-e-type=\"widget\" data-widget_type=\"heading.default\">\n\t\t\t\t<div class=\"elementor-widget-container\">\n\t\t\t\t\t<p class=\"elementor-heading-title elementor-size-default\">Le Manipulateur 3arm\u00ae M5 peut \u00eatre \u00e9quip\u00e9 d'une vari\u00e9t\u00e9 d'outils de pr\u00e9hension sp\u00e9cialis\u00e9s (\n). Il est con\u00e7u\npour manipuler, centrer et r\u00e9gler manuellement des charges allant jusqu'\u00e0\n50 kg en \u00e9tat d'apesanteur, dans n'importe quelle direction.\nLe Manipulateur aide l'op\u00e9rateur \u00e0 effectuer des manipulations pr\u00e9cises\nergonomiques, sans effort et en toute s\u00e9curit\u00e9. \n<\/p>\t\t\t\t<\/div>\n\t\t\t\t<\/div>\n\t\t\t\t<div class=\"elementor-element elementor-element-28895c7 elementor-widget elementor-widget-heading\" data-id=\"28895c7\" data-element_type=\"widget\" data-e-type=\"widget\" data-widget_type=\"heading.default\">\n\t\t\t\t<div class=\"elementor-widget-container\">\n\t\t\t\t\t<p class=\"elementor-heading-title elementor-size-default\">Le M5 offre les configurations de bras les plus personnalis\u00e9es\npour d\u00e9placer des pi\u00e8ces vers et depuis des convoyeurs, des lignes d'assemblage\n, des machines-outils et bien plus encore.<\/p>\t\t\t\t<\/div>\n\t\t\t\t<\/div>\n\t\t\t\t<div class=\"elementor-element elementor-element-f5f8659 elementor-widget elementor-widget-button\" data-id=\"f5f8659\" data-element_type=\"widget\" data-e-type=\"widget\" data-widget_type=\"button.default\">\n\t\t\t\t<div class=\"elementor-widget-container\">\n\t\t\t\t\t\t\t\t\t<div class=\"elementor-button-wrapper\">\n\t\t\t\t\t<a class=\"elementor-button elementor-button-link elementor-size-sm\" href=\"https:\/\/toolbalancerarms-3arm.com\/manipulators\/manipulator-m5\/\">\n\t\t\t\t\t\t<span class=\"elementor-button-content-wrapper\">\n\t\t\t\t\t\t\t\t\t<span class=\"elementor-button-text\">Voir plus<\/span>\n\t\t\t\t\t<\/span>\n\t\t\t\t\t<\/a>\n\t\t\t\t<\/div>\n\t\t\t\t\t\t\t\t<\/div>\n\t\t\t\t<\/div>\n\t\t\t\t<\/div>\n\t\t<div class=\"elementor-element elementor-element-39b63cd e-con-full e-flex e-con e-child\" data-id=\"39b63cd\" data-element_type=\"container\" data-e-type=\"container\">\n\t\t\t\t<div class=\"elementor-element elementor-element-4b7160b elementor-widget elementor-widget-image\" data-id=\"4b7160b\" data-element_type=\"widget\" data-e-type=\"widget\" data-widget_type=\"image.default\">\n\t\t\t\t<div class=\"elementor-widget-container\">\n\t\t\t\t\t\t\t\t\t\t\t\t\t\t\t<img decoding=\"async\" width=\"650\" height=\"650\" src=\"https:\/\/toolbalancerarms-3arm.com\/wp-content\/uploads\/2024\/11\/MANIPULATOR-M5-1-1.jpg\" class=\"attachment-large size-large wp-image-3458\" alt=\"Manipulator M3 Arm by 3Arm\" srcset=\"https:\/\/toolbalancerarms-3arm.com\/wp-content\/uploads\/2024\/11\/MANIPULATOR-M5-1-1.jpg 650w, https:\/\/toolbalancerarms-3arm.com\/wp-content\/uploads\/2024\/11\/MANIPULATOR-M5-1-1-300x300.jpg 300w, https:\/\/toolbalancerarms-3arm.com\/wp-content\/uploads\/2024\/11\/MANIPULATOR-M5-1-1-150x150.jpg 150w\" sizes=\"(max-width: 650px) 100vw, 650px\" \/>\t\t\t\t\t\t\t\t\t\t\t\t\t\t\t<\/div>\n\t\t\t\t<\/div>\n\t\t\t\t<\/div>\n\t\t\t\t\t<\/div>\n\t\t\t\t<\/div>\n\t\t\t\t<\/div>\n\t\t","protected":false},"excerpt":{"rendered":"<p>Bras Manipulateur Industriel Le bras manipulateur industriel 3ARM\u00ae peut \u00eatre \u00e9quip\u00e9 de diff\u00e9rents outils de pr\u00e9hension sp\u00e9cialis\u00e9s. Il est con\u00e7u pour manipuler, centrer et positionner manuellement des charges jusqu\u2019\u00e0 50\u202fkg en condition ingravide et dans toutes les directions. Ce bras manipulateur facilite la manutention assist\u00e9e et am\u00e9liore l\u2019ergonomie au travail, permettant \u00e0 l\u2019op\u00e9rateur de travailler [&hellip;]<\/p>\n","protected":false},"author":1,"featured_media":0,"parent":0,"menu_order":0,"comment_status":"closed","ping_status":"closed","template":"elementor_header_footer","meta":{"footnotes":""},"class_list":["post-3435","page","type-page","status-publish","hentry"],"yoast_head":"<!-- This site is optimized with the Yoast SEO plugin v27.2 - https:\/\/yoast.com\/product\/yoast-seo-wordpress\/ -->\n<title>Bras manipulateur industriel | 3ARM\u00ae<\/title>\n<meta name=\"description\" content=\"Manipulateurs industriels 3ARM\u00ae avec bras articul\u00e9s et syst\u00e8mes de levage manuel ou pneumatique pour manutention assist\u00e9e et levage ergonomique.\" \/>\n<meta name=\"robots\" content=\"index, follow, max-snippet:-1, max-image-preview:large, max-video-preview:-1\" \/>\n<link rel=\"canonical\" href=\"https:\/\/toolbalancerarms-3arm.com\/fr\/manipulateurs\/\" \/>\n<meta property=\"og:locale\" content=\"fr_FR\" \/>\n<meta property=\"og:type\" content=\"article\" \/>\n<meta property=\"og:title\" content=\"Bras manipulateur industriel | 3ARM\u00ae\" \/>\n<meta property=\"og:description\" content=\"Manipulateurs industriels 3ARM\u00ae avec bras articul\u00e9s et syst\u00e8mes de levage manuel ou pneumatique pour manutention assist\u00e9e et levage ergonomique.\" \/>\n<meta property=\"og:url\" content=\"https:\/\/toolbalancerarms-3arm.com\/fr\/manipulateurs\/\" \/>\n<meta property=\"og:site_name\" content=\"3ARM - Tool Balancers &amp; Manipulators Arms\" \/>\n<meta property=\"article:modified_time\" content=\"2025-12-11T14:41:27+00:00\" \/>\n<meta property=\"og:image\" content=\"https:\/\/toolbalancerarms-3arm.com\/wp-content\/uploads\/2024\/11\/MANIPULATOR-M3-1.png\" \/>\n\t<meta property=\"og:image:width\" content=\"1000\" \/>\n\t<meta property=\"og:image:height\" content=\"1000\" \/>\n\t<meta property=\"og:image:type\" content=\"image\/png\" \/>\n<meta name=\"twitter:card\" content=\"summary_large_image\" \/>\n<meta name=\"twitter:label1\" content=\"Dur\u00e9e de lecture estim\u00e9e\" \/>\n\t<meta name=\"twitter:data1\" content=\"2 minutes\" \/>\n<script type=\"application\/ld+json\" class=\"yoast-schema-graph\">{\"@context\":\"https:\/\/schema.org\",\"@graph\":[{\"@type\":\"WebPage\",\"@id\":\"https:\/\/toolbalancerarms-3arm.com\/fr\/manipulateurs\/\",\"url\":\"https:\/\/toolbalancerarms-3arm.com\/fr\/manipulateurs\/\",\"name\":\"Bras manipulateur industriel | 3ARM\u00ae\",\"isPartOf\":{\"@id\":\"https:\/\/toolbalancerarms-3arm.com\/fr\/#website\"},\"primaryImageOfPage\":{\"@id\":\"https:\/\/toolbalancerarms-3arm.com\/fr\/manipulateurs\/#primaryimage\"},\"image\":{\"@id\":\"https:\/\/toolbalancerarms-3arm.com\/fr\/manipulateurs\/#primaryimage\"},\"thumbnailUrl\":\"https:\/\/toolbalancerarms-3arm.com\/wp-content\/uploads\/2024\/11\/MANIPULATOR-M3-1.png\",\"datePublished\":\"2024-11-21T11:33:47+00:00\",\"dateModified\":\"2025-12-11T14:41:27+00:00\",\"description\":\"Manipulateurs industriels 3ARM\u00ae avec bras articul\u00e9s et syst\u00e8mes de levage manuel ou pneumatique pour manutention assist\u00e9e et levage ergonomique.\",\"breadcrumb\":{\"@id\":\"https:\/\/toolbalancerarms-3arm.com\/fr\/manipulateurs\/#breadcrumb\"},\"inLanguage\":\"fr-FR\",\"potentialAction\":[{\"@type\":\"ReadAction\",\"target\":[\"https:\/\/toolbalancerarms-3arm.com\/fr\/manipulateurs\/\"]}]},{\"@type\":\"ImageObject\",\"inLanguage\":\"fr-FR\",\"@id\":\"https:\/\/toolbalancerarms-3arm.com\/fr\/manipulateurs\/#primaryimage\",\"url\":\"https:\/\/toolbalancerarms-3arm.com\/wp-content\/uploads\/2024\/11\/MANIPULATOR-M3-1.png\",\"contentUrl\":\"https:\/\/toolbalancerarms-3arm.com\/wp-content\/uploads\/2024\/11\/MANIPULATOR-M3-1.png\"},{\"@type\":\"BreadcrumbList\",\"@id\":\"https:\/\/toolbalancerarms-3arm.com\/fr\/manipulateurs\/#breadcrumb\",\"itemListElement\":[{\"@type\":\"ListItem\",\"position\":1,\"name\":\"Home\",\"item\":\"https:\/\/toolbalancerarms-3arm.com\/fr\/\"},{\"@type\":\"ListItem\",\"position\":2,\"name\":\"Manipulateurs\"}]},{\"@type\":\"WebSite\",\"@id\":\"https:\/\/toolbalancerarms-3arm.com\/fr\/#website\",\"url\":\"https:\/\/toolbalancerarms-3arm.com\/fr\/\",\"name\":\"3ARM - Tool Balancers &amp; Manipulators Arms\",\"description\":\"Tool Balancers &amp; Manipulators Arms\",\"potentialAction\":[{\"@type\":\"SearchAction\",\"target\":{\"@type\":\"EntryPoint\",\"urlTemplate\":\"https:\/\/toolbalancerarms-3arm.com\/fr\/?s={search_term_string}\"},\"query-input\":{\"@type\":\"PropertyValueSpecification\",\"valueRequired\":true,\"valueName\":\"search_term_string\"}}],\"inLanguage\":\"fr-FR\"}]}<\/script>\n<!-- \/ Yoast SEO plugin. -->","yoast_head_json":{"title":"Bras manipulateur industriel | 3ARM\u00ae","description":"Manipulateurs industriels 3ARM\u00ae avec bras articul\u00e9s et syst\u00e8mes de levage manuel ou pneumatique pour manutention assist\u00e9e et levage ergonomique.","robots":{"index":"index","follow":"follow","max-snippet":"max-snippet:-1","max-image-preview":"max-image-preview:large","max-video-preview":"max-video-preview:-1"},"canonical":"https:\/\/toolbalancerarms-3arm.com\/fr\/manipulateurs\/","og_locale":"fr_FR","og_type":"article","og_title":"Bras manipulateur industriel | 3ARM\u00ae","og_description":"Manipulateurs industriels 3ARM\u00ae avec bras articul\u00e9s et syst\u00e8mes de levage manuel ou pneumatique pour manutention assist\u00e9e et levage ergonomique.","og_url":"https:\/\/toolbalancerarms-3arm.com\/fr\/manipulateurs\/","og_site_name":"3ARM - Tool Balancers &amp; Manipulators Arms","article_modified_time":"2025-12-11T14:41:27+00:00","og_image":[{"width":1000,"height":1000,"url":"https:\/\/toolbalancerarms-3arm.com\/wp-content\/uploads\/2024\/11\/MANIPULATOR-M3-1.png","type":"image\/png"}],"twitter_card":"summary_large_image","twitter_misc":{"Dur\u00e9e de lecture estim\u00e9e":"2 minutes"},"schema":{"@context":"https:\/\/schema.org","@graph":[{"@type":"WebPage","@id":"https:\/\/toolbalancerarms-3arm.com\/fr\/manipulateurs\/","url":"https:\/\/toolbalancerarms-3arm.com\/fr\/manipulateurs\/","name":"Bras manipulateur industriel | 3ARM\u00ae","isPartOf":{"@id":"https:\/\/toolbalancerarms-3arm.com\/fr\/#website"},"primaryImageOfPage":{"@id":"https:\/\/toolbalancerarms-3arm.com\/fr\/manipulateurs\/#primaryimage"},"image":{"@id":"https:\/\/toolbalancerarms-3arm.com\/fr\/manipulateurs\/#primaryimage"},"thumbnailUrl":"https:\/\/toolbalancerarms-3arm.com\/wp-content\/uploads\/2024\/11\/MANIPULATOR-M3-1.png","datePublished":"2024-11-21T11:33:47+00:00","dateModified":"2025-12-11T14:41:27+00:00","description":"Manipulateurs industriels 3ARM\u00ae avec bras articul\u00e9s et syst\u00e8mes de levage manuel ou pneumatique pour manutention assist\u00e9e et levage ergonomique.","breadcrumb":{"@id":"https:\/\/toolbalancerarms-3arm.com\/fr\/manipulateurs\/#breadcrumb"},"inLanguage":"fr-FR","potentialAction":[{"@type":"ReadAction","target":["https:\/\/toolbalancerarms-3arm.com\/fr\/manipulateurs\/"]}]},{"@type":"ImageObject","inLanguage":"fr-FR","@id":"https:\/\/toolbalancerarms-3arm.com\/fr\/manipulateurs\/#primaryimage","url":"https:\/\/toolbalancerarms-3arm.com\/wp-content\/uploads\/2024\/11\/MANIPULATOR-M3-1.png","contentUrl":"https:\/\/toolbalancerarms-3arm.com\/wp-content\/uploads\/2024\/11\/MANIPULATOR-M3-1.png"},{"@type":"BreadcrumbList","@id":"https:\/\/toolbalancerarms-3arm.com\/fr\/manipulateurs\/#breadcrumb","itemListElement":[{"@type":"ListItem","position":1,"name":"Home","item":"https:\/\/toolbalancerarms-3arm.com\/fr\/"},{"@type":"ListItem","position":2,"name":"Manipulateurs"}]},{"@type":"WebSite","@id":"https:\/\/toolbalancerarms-3arm.com\/fr\/#website","url":"https:\/\/toolbalancerarms-3arm.com\/fr\/","name":"3ARM - Tool Balancers &amp; Manipulators Arms","description":"Tool Balancers &amp; Manipulators Arms","potentialAction":[{"@type":"SearchAction","target":{"@type":"EntryPoint","urlTemplate":"https:\/\/toolbalancerarms-3arm.com\/fr\/?s={search_term_string}"},"query-input":{"@type":"PropertyValueSpecification","valueRequired":true,"valueName":"search_term_string"}}],"inLanguage":"fr-FR"}]}},"_links":{"self":[{"href":"https:\/\/toolbalancerarms-3arm.com\/fr\/wp-json\/wp\/v2\/pages\/3435","targetHints":{"allow":["GET"]}}],"collection":[{"href":"https:\/\/toolbalancerarms-3arm.com\/fr\/wp-json\/wp\/v2\/pages"}],"about":[{"href":"https:\/\/toolbalancerarms-3arm.com\/fr\/wp-json\/wp\/v2\/types\/page"}],"author":[{"embeddable":true,"href":"https:\/\/toolbalancerarms-3arm.com\/fr\/wp-json\/wp\/v2\/users\/1"}],"replies":[{"embeddable":true,"href":"https:\/\/toolbalancerarms-3arm.com\/fr\/wp-json\/wp\/v2\/comments?post=3435"}],"version-history":[{"count":5,"href":"https:\/\/toolbalancerarms-3arm.com\/fr\/wp-json\/wp\/v2\/pages\/3435\/revisions"}],"predecessor-version":[{"id":3823,"href":"https:\/\/toolbalancerarms-3arm.com\/fr\/wp-json\/wp\/v2\/pages\/3435\/revisions\/3823"}],"wp:attachment":[{"href":"https:\/\/toolbalancerarms-3arm.com\/fr\/wp-json\/wp\/v2\/media?parent=3435"}],"curies":[{"name":"wp","href":"https:\/\/api.w.org\/{rel}","templated":true}]}}