{"id":3570,"date":"2024-11-25T09:30:28","date_gmt":"2024-11-25T09:30:28","guid":{"rendered":"https:\/\/toolbalancerarms-3arm.com\/politique-qualite\/"},"modified":"2025-07-02T10:22:13","modified_gmt":"2025-07-02T10:22:13","slug":"politique-qualite","status":"publish","type":"page","link":"https:\/\/toolbalancerarms-3arm.com\/fr\/politique-qualite\/","title":{"rendered":"Politique Qualit\u00e9"},"content":{"rendered":"\t\t<div data-elementor-type=\"wp-page\" data-elementor-id=\"3570\" class=\"elementor elementor-3570 elementor-1050\" data-elementor-post-type=\"page\">\n\t\t\t\t<div class=\"elementor-element elementor-element-badd6a8 e-flex e-con-boxed e-con e-parent\" data-id=\"badd6a8\" data-element_type=\"container\" data-e-type=\"container\" data-settings=\"{&quot;background_background&quot;:&quot;classic&quot;}\">\n\t\t\t\t\t<div class=\"e-con-inner\">\n\t\t\t\t<div class=\"elementor-element elementor-element-812304c elementor-widget elementor-widget-heading\" data-id=\"812304c\" data-element_type=\"widget\" data-e-type=\"widget\" data-widget_type=\"heading.default\">\n\t\t\t\t<div class=\"elementor-widget-container\">\n\t\t\t\t\t<h2 class=\"elementor-heading-title elementor-size-default\">Politique Qualit\u00e9<\/h2>\t\t\t\t<\/div>\n\t\t\t\t<\/div>\n\t\t\t\t\t<\/div>\n\t\t\t\t<\/div>\n\t\t<div class=\"elementor-element elementor-element-c7e0dc4 e-flex e-con-boxed e-con e-parent\" data-id=\"c7e0dc4\" data-element_type=\"container\" data-e-type=\"container\">\n\t\t\t\t\t<div class=\"e-con-inner\">\n\t\t\t\t<div class=\"elementor-element elementor-element-f835750 elementor-widget elementor-widget-heading\" data-id=\"f835750\" data-element_type=\"widget\" data-e-type=\"widget\" data-widget_type=\"heading.default\">\n\t\t\t\t<div class=\"elementor-widget-container\">\n\t\t\t\t\t<h2 class=\"elementor-heading-title elementor-size-default\">La direction de Tecnospiro Machine Tool, S.L. s'engage \u00e0 promouvoir et \u00e0 respecter les principes suivants :<\/h2>\t\t\t\t<\/div>\n\t\t\t\t<\/div>\n\t\t\t\t<div class=\"elementor-element elementor-element-4716aab elementor-widget elementor-widget-text-editor\" data-id=\"4716aab\" data-element_type=\"widget\" data-e-type=\"widget\" data-widget_type=\"text-editor.default\">\n\t\t\t\t<div class=\"elementor-widget-container\">\n\t\t\t\t\t\t\t\t\t<ul><li>R\u00e9pondre aux besoins de nos clients : Toutes les actions et activit\u00e9s men\u00e9es par le personnel de l\u2019entreprise doivent \u00eatre orient\u00e9es vers cette mission essentielle, en anticipant m\u00eame de nouveaux besoins non encore demand\u00e9s ou d\u00e9finis par le march\u00e9.<\/li><li>Relation client : Nos clients sont au c\u0153ur de notre activit\u00e9. Notre relation avec eux doit \u00eatre fond\u00e9e sur des principes de rigueur, de professionnalisme et d\u2019\u00e9thique. <\/li><li>Qualit\u00e9 du produit : Les articles fabriqu\u00e9s par l&rsquo;entreprise doivent r\u00e9pondre \u00e0 toutes les sp\u00e9cifications propos\u00e9es, demand\u00e9es par le client et requises par la r\u00e9glementation applicable, de la premi\u00e8re phase du processus jusqu&rsquo;\u00e0 l&#8217;emballage final et la livraison.<\/li><li>Achats et fournisseurs : Nous devons surveiller nos fournisseurs pour garantir les m\u00eames niveaux de qualit\u00e9 et de service dans notre collaboration avec eux que ceux que nous attendons de nos propres processus.<\/li><li>Formation du personnel : Elle doit viser \u00e0 couvrir tous les besoins r\u00e9els de l&rsquo;entreprise dans tous ses domaines fonctionnels : Gestion, Production, Administration, Ventes, Bureau Technique, contribuant au d\u00e9veloppement personnel et professionnel de tous.<\/li><li>Syst\u00e8me organisationnel et productif : Il doit r\u00e9pondre aux objectifs ci-dessus. Nous sommes tenus de ma\u00eetriser et de consolider nos processus actuels et de nous concentrer sur leur am\u00e9lioration continue.<\/li><\/ul><ul><li>Conception, innovation et am\u00e9lioration continue : L&rsquo;entreprise \u00e9tablit l&rsquo;innovation constante et l&rsquo;am\u00e9lioration continue comme objectifs strat\u00e9giques afin de maintenir notre avantage concurrentiel.<\/li><li>Communication interne : Communication ponctuelle et compl\u00e8te des informations \u00e0 tous les niveaux pour garantir une coordination et un alignement corrects avec les objectifs fix\u00e9s.<\/li><li>S\u00e9curit\u00e9 au travail et environnement : L&rsquo;entreprise doit garantir la protection et la s\u00e9curit\u00e9 de toutes les personnes qui la composent ainsi que de l&rsquo;environnement dans lequel se d\u00e9roulent ses activit\u00e9s, conform\u00e9ment \u00e0 la l\u00e9gislation en vigueur.<\/li><li>Certification ISO 9001 : Garantir le respect des proc\u00e9dures \u00e9tablies dans le syst\u00e8me de gestion de la qualit\u00e9 de l\u2019entreprise afin d\u2019obtenir une reconnaissance externe, et en particulier, de nos clients et fournisseurs.<\/li><li>Strat\u00e9gie et objectifs : Notre strat\u00e9gie est bas\u00e9e sur l&rsquo;atteinte d&rsquo;une pr\u00e9sence mondiale et d&rsquo;une croissance continue gr\u00e2ce au leadership de nos produits et \u00e0 l&rsquo;innovation permanente<\/li><\/ul>\t\t\t\t\t\t\t\t<\/div>\n\t\t\t\t<\/div>\n\t\t\t\t\t<\/div>\n\t\t\t\t<\/div>\n\t\t\t\t<\/div>\n\t\t","protected":false},"excerpt":{"rendered":"<p>Politique Qualit\u00e9 La direction de Tecnospiro Machine Tool, S.L. s&rsquo;engage \u00e0 promouvoir et \u00e0 respecter les principes suivants : R\u00e9pondre aux besoins de nos clients : Toutes les actions et activit\u00e9s men\u00e9es par le personnel de l\u2019entreprise doivent \u00eatre orient\u00e9es vers cette mission essentielle, en anticipant m\u00eame de nouveaux besoins non encore demand\u00e9s ou d\u00e9finis [&hellip;]<\/p>\n","protected":false},"author":1,"featured_media":0,"parent":0,"menu_order":0,"comment_status":"closed","ping_status":"closed","template":"elementor_header_footer","meta":{"footnotes":""},"class_list":["post-3570","page","type-page","status-publish","hentry"],"yoast_head":"<!-- This site is optimized with the Yoast SEO plugin v27.2 - https:\/\/yoast.com\/product\/yoast-seo-wordpress\/ -->\n<title>Politique Qualit\u00e9 - 3ARM - Tool Balancers &amp; Manipulators Arms<\/title>\n<meta name=\"robots\" content=\"index, follow, max-snippet:-1, max-image-preview:large, max-video-preview:-1\" \/>\n<link rel=\"canonical\" href=\"https:\/\/toolbalancerarms-3arm.com\/fr\/politique-qualite\/\" \/>\n<meta property=\"og:locale\" content=\"fr_FR\" \/>\n<meta property=\"og:type\" content=\"article\" \/>\n<meta property=\"og:title\" content=\"Politique Qualit\u00e9 - 3ARM - Tool Balancers &amp; Manipulators Arms\" \/>\n<meta property=\"og:description\" content=\"Politique Qualit\u00e9 La direction de Tecnospiro Machine Tool, S.L. s&rsquo;engage \u00e0 promouvoir et \u00e0 respecter les principes suivants : R\u00e9pondre aux besoins de nos clients : Toutes les actions et activit\u00e9s men\u00e9es par le personnel de l\u2019entreprise doivent \u00eatre orient\u00e9es vers cette mission essentielle, en anticipant m\u00eame de nouveaux besoins non encore demand\u00e9s ou d\u00e9finis [&hellip;]\" \/>\n<meta property=\"og:url\" content=\"https:\/\/toolbalancerarms-3arm.com\/fr\/politique-qualite\/\" \/>\n<meta property=\"og:site_name\" content=\"3ARM - Tool Balancers &amp; Manipulators Arms\" \/>\n<meta property=\"article:modified_time\" content=\"2025-07-02T10:22:13+00:00\" \/>\n<meta name=\"twitter:card\" content=\"summary_large_image\" \/>\n<meta name=\"twitter:label1\" content=\"Dur\u00e9e de lecture estim\u00e9e\" \/>\n\t<meta name=\"twitter:data1\" content=\"2 minutes\" \/>\n<script type=\"application\/ld+json\" class=\"yoast-schema-graph\">{\"@context\":\"https:\/\/schema.org\",\"@graph\":[{\"@type\":\"WebPage\",\"@id\":\"https:\/\/toolbalancerarms-3arm.com\/fr\/politique-qualite\/\",\"url\":\"https:\/\/toolbalancerarms-3arm.com\/fr\/politique-qualite\/\",\"name\":\"Politique Qualit\u00e9 - 3ARM - Tool Balancers &amp; Manipulators Arms\",\"isPartOf\":{\"@id\":\"https:\/\/toolbalancerarms-3arm.com\/fr\/#website\"},\"datePublished\":\"2024-11-25T09:30:28+00:00\",\"dateModified\":\"2025-07-02T10:22:13+00:00\",\"breadcrumb\":{\"@id\":\"https:\/\/toolbalancerarms-3arm.com\/fr\/politique-qualite\/#breadcrumb\"},\"inLanguage\":\"fr-FR\",\"potentialAction\":[{\"@type\":\"ReadAction\",\"target\":[\"https:\/\/toolbalancerarms-3arm.com\/fr\/politique-qualite\/\"]}]},{\"@type\":\"BreadcrumbList\",\"@id\":\"https:\/\/toolbalancerarms-3arm.com\/fr\/politique-qualite\/#breadcrumb\",\"itemListElement\":[{\"@type\":\"ListItem\",\"position\":1,\"name\":\"Home\",\"item\":\"https:\/\/toolbalancerarms-3arm.com\/fr\/\"},{\"@type\":\"ListItem\",\"position\":2,\"name\":\"Politique Qualit\u00e9\"}]},{\"@type\":\"WebSite\",\"@id\":\"https:\/\/toolbalancerarms-3arm.com\/fr\/#website\",\"url\":\"https:\/\/toolbalancerarms-3arm.com\/fr\/\",\"name\":\"3ARM - Tool Balancers &amp; Manipulators Arms\",\"description\":\"Tool Balancers &amp; Manipulators Arms\",\"potentialAction\":[{\"@type\":\"SearchAction\",\"target\":{\"@type\":\"EntryPoint\",\"urlTemplate\":\"https:\/\/toolbalancerarms-3arm.com\/fr\/?s={search_term_string}\"},\"query-input\":{\"@type\":\"PropertyValueSpecification\",\"valueRequired\":true,\"valueName\":\"search_term_string\"}}],\"inLanguage\":\"fr-FR\"}]}<\/script>\n<!-- \/ Yoast SEO plugin. -->","yoast_head_json":{"title":"Politique Qualit\u00e9 - 3ARM - Tool Balancers &amp; Manipulators Arms","robots":{"index":"index","follow":"follow","max-snippet":"max-snippet:-1","max-image-preview":"max-image-preview:large","max-video-preview":"max-video-preview:-1"},"canonical":"https:\/\/toolbalancerarms-3arm.com\/fr\/politique-qualite\/","og_locale":"fr_FR","og_type":"article","og_title":"Politique Qualit\u00e9 - 3ARM - Tool Balancers &amp; Manipulators Arms","og_description":"Politique Qualit\u00e9 La direction de Tecnospiro Machine Tool, S.L. s&rsquo;engage \u00e0 promouvoir et \u00e0 respecter les principes suivants : R\u00e9pondre aux besoins de nos clients : Toutes les actions et activit\u00e9s men\u00e9es par le personnel de l\u2019entreprise doivent \u00eatre orient\u00e9es vers cette mission essentielle, en anticipant m\u00eame de nouveaux besoins non encore demand\u00e9s ou d\u00e9finis [&hellip;]","og_url":"https:\/\/toolbalancerarms-3arm.com\/fr\/politique-qualite\/","og_site_name":"3ARM - Tool Balancers &amp; Manipulators Arms","article_modified_time":"2025-07-02T10:22:13+00:00","twitter_card":"summary_large_image","twitter_misc":{"Dur\u00e9e de lecture estim\u00e9e":"2 minutes"},"schema":{"@context":"https:\/\/schema.org","@graph":[{"@type":"WebPage","@id":"https:\/\/toolbalancerarms-3arm.com\/fr\/politique-qualite\/","url":"https:\/\/toolbalancerarms-3arm.com\/fr\/politique-qualite\/","name":"Politique Qualit\u00e9 - 3ARM - Tool Balancers &amp; Manipulators Arms","isPartOf":{"@id":"https:\/\/toolbalancerarms-3arm.com\/fr\/#website"},"datePublished":"2024-11-25T09:30:28+00:00","dateModified":"2025-07-02T10:22:13+00:00","breadcrumb":{"@id":"https:\/\/toolbalancerarms-3arm.com\/fr\/politique-qualite\/#breadcrumb"},"inLanguage":"fr-FR","potentialAction":[{"@type":"ReadAction","target":["https:\/\/toolbalancerarms-3arm.com\/fr\/politique-qualite\/"]}]},{"@type":"BreadcrumbList","@id":"https:\/\/toolbalancerarms-3arm.com\/fr\/politique-qualite\/#breadcrumb","itemListElement":[{"@type":"ListItem","position":1,"name":"Home","item":"https:\/\/toolbalancerarms-3arm.com\/fr\/"},{"@type":"ListItem","position":2,"name":"Politique Qualit\u00e9"}]},{"@type":"WebSite","@id":"https:\/\/toolbalancerarms-3arm.com\/fr\/#website","url":"https:\/\/toolbalancerarms-3arm.com\/fr\/","name":"3ARM - Tool Balancers &amp; Manipulators Arms","description":"Tool Balancers &amp; Manipulators Arms","potentialAction":[{"@type":"SearchAction","target":{"@type":"EntryPoint","urlTemplate":"https:\/\/toolbalancerarms-3arm.com\/fr\/?s={search_term_string}"},"query-input":{"@type":"PropertyValueSpecification","valueRequired":true,"valueName":"search_term_string"}}],"inLanguage":"fr-FR"}]}},"_links":{"self":[{"href":"https:\/\/toolbalancerarms-3arm.com\/fr\/wp-json\/wp\/v2\/pages\/3570","targetHints":{"allow":["GET"]}}],"collection":[{"href":"https:\/\/toolbalancerarms-3arm.com\/fr\/wp-json\/wp\/v2\/pages"}],"about":[{"href":"https:\/\/toolbalancerarms-3arm.com\/fr\/wp-json\/wp\/v2\/types\/page"}],"author":[{"embeddable":true,"href":"https:\/\/toolbalancerarms-3arm.com\/fr\/wp-json\/wp\/v2\/users\/1"}],"replies":[{"embeddable":true,"href":"https:\/\/toolbalancerarms-3arm.com\/fr\/wp-json\/wp\/v2\/comments?post=3570"}],"version-history":[{"count":1,"href":"https:\/\/toolbalancerarms-3arm.com\/fr\/wp-json\/wp\/v2\/pages\/3570\/revisions"}],"predecessor-version":[{"id":3571,"href":"https:\/\/toolbalancerarms-3arm.com\/fr\/wp-json\/wp\/v2\/pages\/3570\/revisions\/3571"}],"wp:attachment":[{"href":"https:\/\/toolbalancerarms-3arm.com\/fr\/wp-json\/wp\/v2\/media?parent=3570"}],"curies":[{"name":"wp","href":"https:\/\/api.w.org\/{rel}","templated":true}]}}